{"id":8451,"date":"2019-10-27T16:06:01","date_gmt":"2019-10-27T15:06:01","guid":{"rendered":"https:\/\/www.cintasa.com\/corporate\/informacion-legal\/"},"modified":"2020-03-10T08:04:52","modified_gmt":"2020-03-10T07:04:52","slug":"informacion-legal","status":"publish","type":"page","link":"https:\/\/www.cintasa.com\/en\/corporate\/informacion-legal\/","title":{"rendered":"Legal information"},"content":{"rendered":"<h2>1. Datos identificativos.<\/h2>\n<p>En cumplimiento con el deber de informaci\u00f3n recogido en el art\u00edculo 10 de la Ley 34\/2002, de 11 de julio, de Servicios de la Sociedad de la In- formaci\u00f3n y del Comercio Electr\u00f3nico, a continuaci\u00f3n se reflejan los siguientes datos:<\/p>\n<p>\u2013 Dominio web \/ URLs: www.cintasa.com<br \/>\n\u2013 Empresa titular: CINTASA.<br \/>\n\u2013 Domicilio: Carretera A-68, Km. 252 A (50180 Utebo, Zaragoza).<br \/>\n\u2013 N.I.F.: A50049105.<br \/>\n\u2013 Correo electr\u00f3nico: cintasa@cintasa.com.<\/p>\n<h2>2. Usuarios.<\/h2>\n<p>El acceso y\/o uso de esta URL le atribuye la condici\u00f3n de USUARIO, que acepta, desde dicho acceso y\/o uso, las Condiciones Generales de Uso aqu\u00ed reflejadas. Las citadas Condiciones ser\u00e1n de aplicaci\u00f3n independientemente de las Condiciones Generales de Contrataci\u00f3n que en su caso resulten de obligado cumplimiento.<\/p>\n<h2>3. Uso del portal.<\/h2>\n<p>www.cintasa.com proporciona el acceso a multitud de informaciones, servicios, programas o datos (en adelante, \u201clos contenidos\u201d) en Internet pertenecientes a CINTASA o a sus licenciantes a los que el USUARIO pueda tener acceso.<\/p>\n<p>El USUARIO asume la responsabilidad del uso del portal. Dicha respon- sabilidad se extiende al registro que fuese necesario para acceder a de- terminados servicios o contenidos.<\/p>\n<p>En dicho registro el USUARIO ser\u00e1 responsable de aportar informaci\u00f3n veraz y l\u00edcita. Como consecuencia de este registro, al USUARIO se le puede proporcionar una contrase\u00f1a de la que ser\u00e1 responsable, com- prometi\u00e9ndose a hacer un uso diligente y confidencial de la misma.<\/p>\n<p>El USUARIO se compromete a hacer un uso adecuado de los contenidos y servicios (como por ejemplo servicios de chat, foros de discusi\u00f3n o grupos de noticias) que CINTASA ofrece a trav\u00e9s de su portal y con ca- r\u00e1cter enunciativo pero no limitativo, a no emplearlos para (i) incurrir en actividades il\u00edcitas, ilegales o contrarias a la buena fe y al orden p\u00fablico; (ii) difundir contenidos o propaganda de car\u00e1cter racista, xen\u00f3fobo, pornogr\u00e1fico-ilegal, de apolog\u00eda del terrorismo o atentatorio contra los derechos humanos; (iii) provocar da\u00f1os en los sistemas f\u00edsicos y l\u00f3gicos de Nombre de la empresa creadora del sitio web , de sus proveedores o de terceras personas, introducir o difundir en la red virus inform\u00e1ticos o cualesquiera otros sistemas f\u00edsicos o l\u00f3gicos que sean susceptibles de provocar los da\u00f1os anteriormente mencionados; (iv) intentar acceder y, en su caso, utilizar las cuentas de correo electr\u00f3nico de otros usuarios y modificar o manipular sus mensajes.<\/p>\n<p>CINTASA se reserva el derecho de retirar todos aquellos comentarios y aportaciones que vulneren el respeto a la dignidad de la persona, que sean discriminatorios, xen\u00f3fobos, racistas, pornogr\u00e1ficos, que atenten contra la juventud o la infancia, el orden o la seguridad p\u00fablica o que, a su juicio, no resultaran adecuados para su publicaci\u00f3n.<\/p>\n<p>En cualquier caso, CINTASA no ser\u00e1 responsable de las opiniones verti- das por los usuarios a trav\u00e9s de los foros, chats, u otras herramientas de participaci\u00f3n.<\/p>\n<h2>4. Protecci\u00f3n de datos.<\/h2>\n<p><a href=\"https:\/\/www.cintasa.com\/proteccion-de-datos\/\">Ver Pol\u00edtica de Privacidad.<\/a><\/p>\n<h2>5. Propiedad intelectual e industrial.<\/h2>\n<p>CINTASA por s\u00ed o como cesionaria, es titular de todos los derechos de propiedad intelectual e industrial de su p\u00e1gina web, as\u00ed como de los elementos contenidos en la misma (a t\u00edtulo enunciativo, im\u00e1genes, soni- do, audio, v\u00eddeo, software o textos; marcas o logotipos, combinaciones de colores, estructura y dise\u00f1o, selecci\u00f3n de materiales usados, progra- mas de ordenador necesarios para su funcionamiento, acceso y uso, etc.), titularidad de CINTASA o bien de sus licenciantes.<\/p>\n<p>Todos los derechos reservados. En virtud de lo dispuesto en los art\u00edcu- los 8 y 32.1, p\u00e1rrafo segundo, de la Ley de Propiedad Intelectual, quedan expresamente prohibidas la reproducci\u00f3n, la distribuci\u00f3n y la comunica- ci\u00f3n p\u00fablica, incluida su modalidad de puesta a disposici\u00f3n, de la totali- dad o parte de los contenidos de esta p\u00e1gina web, con fines comerciales, en cualquier soporte y por cualquier medio t\u00e9cnico, sin la autorizaci\u00f3n de CINTASA.<\/p>\n<p>El USUARIO se compromete a respetar los derechos de Propiedad Inte- lectual e Industrial titularidad de CINTASA.<\/p>\n<p>Podr\u00e1 visualizar los elementos del portal e incluso imprimirlos, copiarlos y almacenarlos en el disco duro de su ordenador o en cualquier otro soporte f\u00edsico siempre y cuando sea, \u00fanica y exclusivamente, para su uso personal y privado. El USUARIO deber\u00e1 abstenerse de suprimir, al- terar, eludir o manipular cualquier dispositivo de protecci\u00f3n o sistema de seguridad que estuviera instalado en las p\u00e1ginas de CINTASA.<\/p>\n<h2>6. Exclusi\u00f3n de garant\u00edas y responsabilidad.<\/h2>\n<p>CINTASA no se hace responsable, en ning\u00fan caso, de los da\u00f1os y perjui- cios de cualquier naturaleza que pudieran ocasionar, a t\u00edtulo enunciati- vo: errores u omisiones en los contenidos, falta de disponibilidad del portal o la transmisi\u00f3n de virus o programas maliciosos o lesivos en los contenidos, a pesar de haber adoptado todas las medidas tecnol\u00f3gicas necesarias para evitarlo.<\/p>\n<h2>7. Modificaciones.<\/h2>\n<p>CINTASA se reserva el derecho de efectuar sin previo aviso las modifi- caciones que considere oportunas en su portal, pudiendo cambiar, su- primir o a\u00f1adir tanto los contenidos y servicios que se presten a trav\u00e9s de la misma como la forma en la que \u00e9stos aparezcan presentados o localizados en su portal.<\/p>\n<h2>8. Enlaces.<\/h2>\n<p>En el caso de que en www.cintasa.com se dispusiesen enlaces o hiper- v\u00ednculos hac\u00eda otros sitios de Internet, CINTASA no ejercer\u00e1 ning\u00fan tipo de control sobre dichos sitios y contenidos. En ning\u00fan caso CINTASA asumir\u00e1 responsabilidad alguna por los contenidos de alg\u00fan enlace per- teneciente a un sitio web ajeno, ni garantizar\u00e1 la disponibilidad t\u00e9cnica, calidad, fiabilidad, exactitud, amplitud, veracidad, validez y constitucio- nalidad de cualquier material o informaci\u00f3n contenida en ninguno de dichos hiperv\u00ednculos u otros sitios de Internet.<\/p>\n<p>Igualmente la inclusi\u00f3n de estas conexiones externas no implicar\u00e1 nin- g\u00fan tipo de asociaci\u00f3n, fusi\u00f3n o participaci\u00f3n con las entidades conec- tadas.<\/p>\n<h2>9. Derecho de exclusi\u00f3n.<\/h2>\n<p>CINTASA se reserva el derecho a denegar o retirar el acceso a portal y\/o los servicios ofrecidos sin necesidad de preaviso, a instancia propia o de un tercero, a aquellos usuarios que incumplan las presentes Condi- ciones Generales de Uso.<\/p>\n<h2>10. Generalidades.<\/h2>\n<p>CINTASA perseguir\u00e1 el incumplimiento de las presentes condiciones as\u00ed como cualquier utilizaci\u00f3n indebida de su portal ejerciendo todas las acciones civiles y penales que le puedan corresponder en derecho.<\/p>\n<h2>11. Modificaci\u00f3n de las presentes condiciones y duraci\u00f3n.<\/h2>\n<p>CINTASA podr\u00e1 modificar en cualquier momento las condiciones aqu\u00ed determinadas, siendo debidamente publicadas como aqu\u00ed aparecen.<\/p>\n<p>La vigencia de las citadas condiciones ir\u00e1 en funci\u00f3n de su exposici\u00f3n y estar\u00e1n vigentes debidamente publicadas hasta que sean modificadas por otras.<\/p>\n<h2>12. Legislaci\u00f3n aplicable y jurisdicci\u00f3n.<\/h2>\n<p>La relaci\u00f3n entre CINTASA y el USUARIO se regir\u00e1 por la normativa es- pa\u00f1ola vigente y cualquier controversia se someter\u00e1 a los Juzgados y tribunales de la ciudad de Zaragoza.<\/p>\n","protected":false},"excerpt":{"rendered":"<p>1. Datos identificativos. En cumplimiento con el deber de informaci\u00f3n recogido en el art\u00edculo 10 de la Ley 34\/2002, de 11 de julio, de Servicios de la Sociedad de la In- formaci\u00f3n y del Comercio Electr\u00f3nico, a continuaci\u00f3n se reflejan los siguientes datos: \u2013 Dominio web \/ URLs: www.cintasa.com \u2013 Empresa titular: CINTASA. \u2013 Domicilio:&#8230;<\/p>\n","protected":false},"author":2,"featured_media":0,"parent":8422,"menu_order":0,"comment_status":"closed","ping_status":"closed","template":"","meta":{"_acf_changed":false,"footnotes":""},"categories":[],"tags":[],"class_list":["post-8451","page","type-page","status-publish","hentry"],"acf":[],"yoast_head":"<!-- This site is optimized with the Yoast SEO plugin v27.4 - https:\/\/yoast.com\/product\/yoast-seo-wordpress\/ -->\n<title>Legal information | Cintasa.com<\/title>\n<meta name=\"description\" content=\"Legal information | Cintasa.com %\" \/>\n<meta name=\"robots\" content=\"index, follow, max-snippet:-1, max-image-preview:large, max-video-preview:-1\" \/>\n<link rel=\"canonical\" href=\"https:\/\/www.cintasa.com\/en\/corporate\/informacion-legal\/\" \/>\n<meta property=\"og:locale\" content=\"en_US\" \/>\n<meta property=\"og:type\" content=\"article\" \/>\n<meta property=\"og:title\" content=\"Legal information | Cintasa.com\" \/>\n<meta property=\"og:description\" content=\"Legal information | Cintasa.com %\" \/>\n<meta property=\"og:url\" content=\"https:\/\/www.cintasa.com\/en\/corporate\/informacion-legal\/\" \/>\n<meta property=\"og:site_name\" content=\"Cintasa.com\" \/>\n<meta property=\"article:publisher\" content=\"https:\/\/www.facebook.com\/Cintasa.Spain\" \/>\n<meta property=\"article:modified_time\" content=\"2020-03-10T07:04:52+00:00\" \/>\n<meta name=\"twitter:card\" content=\"summary_large_image\" \/>\n<meta name=\"twitter:site\" content=\"@cintasa_sa\" \/>\n<meta name=\"twitter:label1\" content=\"Est. reading time\" \/>\n\t<meta name=\"twitter:data1\" content=\"6 minutes\" \/>\n<script type=\"application\/ld+json\" class=\"yoast-schema-graph\">{\"@context\":\"https:\\\/\\\/schema.org\",\"@graph\":[{\"@type\":\"WebPage\",\"@id\":\"https:\\\/\\\/www.cintasa.com\\\/en\\\/corporate\\\/informacion-legal\\\/\",\"url\":\"https:\\\/\\\/www.cintasa.com\\\/en\\\/corporate\\\/informacion-legal\\\/\",\"name\":\"Legal information | Cintasa.com\",\"isPartOf\":{\"@id\":\"https:\\\/\\\/www.cintasa.com\\\/en\\\/#website\"},\"datePublished\":\"2019-10-27T15:06:01+00:00\",\"dateModified\":\"2020-03-10T07:04:52+00:00\",\"description\":\"Legal information | Cintasa.com %\",\"breadcrumb\":{\"@id\":\"https:\\\/\\\/www.cintasa.com\\\/en\\\/corporate\\\/informacion-legal\\\/#breadcrumb\"},\"inLanguage\":\"en-US\",\"potentialAction\":[{\"@type\":\"ReadAction\",\"target\":[\"https:\\\/\\\/www.cintasa.com\\\/en\\\/corporate\\\/informacion-legal\\\/\"]}]},{\"@type\":\"BreadcrumbList\",\"@id\":\"https:\\\/\\\/www.cintasa.com\\\/en\\\/corporate\\\/informacion-legal\\\/#breadcrumb\",\"itemListElement\":[{\"@type\":\"ListItem\",\"position\":1,\"name\":\"Portada\",\"item\":\"https:\\\/\\\/www.cintasa.com\\\/en\\\/\"},{\"@type\":\"ListItem\",\"position\":2,\"name\":\"Corporate\",\"item\":\"https:\\\/\\\/www.cintasa.com\\\/en\\\/corporate\\\/\"},{\"@type\":\"ListItem\",\"position\":3,\"name\":\"Legal information\"}]},{\"@type\":\"WebSite\",\"@id\":\"https:\\\/\\\/www.cintasa.com\\\/en\\\/#website\",\"url\":\"https:\\\/\\\/www.cintasa.com\\\/en\\\/\",\"name\":\"Cintasa.com\",\"description\":\"M\u00e1xima experiencia transportando soluciones\",\"publisher\":{\"@id\":\"https:\\\/\\\/www.cintasa.com\\\/en\\\/#organization\"},\"potentialAction\":[{\"@type\":\"SearchAction\",\"target\":{\"@type\":\"EntryPoint\",\"urlTemplate\":\"https:\\\/\\\/www.cintasa.com\\\/en\\\/?s={search_term_string}\"},\"query-input\":{\"@type\":\"PropertyValueSpecification\",\"valueRequired\":true,\"valueName\":\"search_term_string\"}}],\"inLanguage\":\"en-US\"},{\"@type\":\"Organization\",\"@id\":\"https:\\\/\\\/www.cintasa.com\\\/en\\\/#organization\",\"name\":\"Cintasa\",\"url\":\"https:\\\/\\\/www.cintasa.com\\\/en\\\/\",\"logo\":{\"@type\":\"ImageObject\",\"inLanguage\":\"en-US\",\"@id\":\"https:\\\/\\\/www.cintasa.com\\\/en\\\/#\\\/schema\\\/logo\\\/image\\\/\",\"url\":\"https:\\\/\\\/www.cintasa.com\\\/wp-content\\\/uploads\\\/2019\\\/10\\\/Logo-cintasa.png\",\"contentUrl\":\"https:\\\/\\\/www.cintasa.com\\\/wp-content\\\/uploads\\\/2019\\\/10\\\/Logo-cintasa.png\",\"width\":145,\"height\":113,\"caption\":\"Cintasa\"},\"image\":{\"@id\":\"https:\\\/\\\/www.cintasa.com\\\/en\\\/#\\\/schema\\\/logo\\\/image\\\/\"},\"sameAs\":[\"https:\\\/\\\/www.facebook.com\\\/Cintasa.Spain\",\"https:\\\/\\\/x.com\\\/cintasa_sa\",\"https:\\\/\\\/www.linkedin.com\\\/company\\\/cintasa-s-a-\",\"https:\\\/\\\/www.youtube.com\\\/channel\\\/UCp1Rvyd3fJL__DeL5-ojeFQ\"]}]}<\/script>\n<!-- \/ Yoast SEO plugin. -->","yoast_head_json":{"title":"Legal information | Cintasa.com","description":"Legal information | Cintasa.com %","robots":{"index":"index","follow":"follow","max-snippet":"max-snippet:-1","max-image-preview":"max-image-preview:large","max-video-preview":"max-video-preview:-1"},"canonical":"https:\/\/www.cintasa.com\/en\/corporate\/informacion-legal\/","og_locale":"en_US","og_type":"article","og_title":"Legal information | Cintasa.com","og_description":"Legal information | Cintasa.com %","og_url":"https:\/\/www.cintasa.com\/en\/corporate\/informacion-legal\/","og_site_name":"Cintasa.com","article_publisher":"https:\/\/www.facebook.com\/Cintasa.Spain","article_modified_time":"2020-03-10T07:04:52+00:00","twitter_card":"summary_large_image","twitter_site":"@cintasa_sa","twitter_misc":{"Est. reading time":"6 minutes"},"schema":{"@context":"https:\/\/schema.org","@graph":[{"@type":"WebPage","@id":"https:\/\/www.cintasa.com\/en\/corporate\/informacion-legal\/","url":"https:\/\/www.cintasa.com\/en\/corporate\/informacion-legal\/","name":"Legal information | Cintasa.com","isPartOf":{"@id":"https:\/\/www.cintasa.com\/en\/#website"},"datePublished":"2019-10-27T15:06:01+00:00","dateModified":"2020-03-10T07:04:52+00:00","description":"Legal information | Cintasa.com %","breadcrumb":{"@id":"https:\/\/www.cintasa.com\/en\/corporate\/informacion-legal\/#breadcrumb"},"inLanguage":"en-US","potentialAction":[{"@type":"ReadAction","target":["https:\/\/www.cintasa.com\/en\/corporate\/informacion-legal\/"]}]},{"@type":"BreadcrumbList","@id":"https:\/\/www.cintasa.com\/en\/corporate\/informacion-legal\/#breadcrumb","itemListElement":[{"@type":"ListItem","position":1,"name":"Portada","item":"https:\/\/www.cintasa.com\/en\/"},{"@type":"ListItem","position":2,"name":"Corporate","item":"https:\/\/www.cintasa.com\/en\/corporate\/"},{"@type":"ListItem","position":3,"name":"Legal information"}]},{"@type":"WebSite","@id":"https:\/\/www.cintasa.com\/en\/#website","url":"https:\/\/www.cintasa.com\/en\/","name":"Cintasa.com","description":"M\u00e1xima experiencia transportando soluciones","publisher":{"@id":"https:\/\/www.cintasa.com\/en\/#organization"},"potentialAction":[{"@type":"SearchAction","target":{"@type":"EntryPoint","urlTemplate":"https:\/\/www.cintasa.com\/en\/?s={search_term_string}"},"query-input":{"@type":"PropertyValueSpecification","valueRequired":true,"valueName":"search_term_string"}}],"inLanguage":"en-US"},{"@type":"Organization","@id":"https:\/\/www.cintasa.com\/en\/#organization","name":"Cintasa","url":"https:\/\/www.cintasa.com\/en\/","logo":{"@type":"ImageObject","inLanguage":"en-US","@id":"https:\/\/www.cintasa.com\/en\/#\/schema\/logo\/image\/","url":"https:\/\/www.cintasa.com\/wp-content\/uploads\/2019\/10\/Logo-cintasa.png","contentUrl":"https:\/\/www.cintasa.com\/wp-content\/uploads\/2019\/10\/Logo-cintasa.png","width":145,"height":113,"caption":"Cintasa"},"image":{"@id":"https:\/\/www.cintasa.com\/en\/#\/schema\/logo\/image\/"},"sameAs":["https:\/\/www.facebook.com\/Cintasa.Spain","https:\/\/x.com\/cintasa_sa","https:\/\/www.linkedin.com\/company\/cintasa-s-a-","https:\/\/www.youtube.com\/channel\/UCp1Rvyd3fJL__DeL5-ojeFQ"]}]}},"_links":{"self":[{"href":"https:\/\/www.cintasa.com\/en\/wp-json\/wp\/v2\/pages\/8451","targetHints":{"allow":["GET"]}}],"collection":[{"href":"https:\/\/www.cintasa.com\/en\/wp-json\/wp\/v2\/pages"}],"about":[{"href":"https:\/\/www.cintasa.com\/en\/wp-json\/wp\/v2\/types\/page"}],"author":[{"embeddable":true,"href":"https:\/\/www.cintasa.com\/en\/wp-json\/wp\/v2\/users\/2"}],"replies":[{"embeddable":true,"href":"https:\/\/www.cintasa.com\/en\/wp-json\/wp\/v2\/comments?post=8451"}],"version-history":[{"count":3,"href":"https:\/\/www.cintasa.com\/en\/wp-json\/wp\/v2\/pages\/8451\/revisions"}],"predecessor-version":[{"id":9414,"href":"https:\/\/www.cintasa.com\/en\/wp-json\/wp\/v2\/pages\/8451\/revisions\/9414"}],"up":[{"embeddable":true,"href":"https:\/\/www.cintasa.com\/en\/wp-json\/wp\/v2\/pages\/8422"}],"wp:attachment":[{"href":"https:\/\/www.cintasa.com\/en\/wp-json\/wp\/v2\/media?parent=8451"}],"wp:term":[{"taxonomy":"category","embeddable":true,"href":"https:\/\/www.cintasa.com\/en\/wp-json\/wp\/v2\/categories?post=8451"},{"taxonomy":"post_tag","embeddable":true,"href":"https:\/\/www.cintasa.com\/en\/wp-json\/wp\/v2\/tags?post=8451"}],"curies":[{"name":"wp","href":"https:\/\/api.w.org\/{rel}","templated":true}]}}