{"id":9177,"date":"2019-10-27T16:05:16","date_gmt":"2019-10-27T15:05:16","guid":{"rendered":"https:\/\/www.cintasa.com\/corporate\/proteccion-de-datos\/"},"modified":"2020-05-04T09:55:18","modified_gmt":"2020-05-04T07:55:18","slug":"proteccion-de-datos","status":"publish","type":"page","link":"https:\/\/www.cintasa.com\/en\/corporate\/proteccion-de-datos\/","title":{"rendered":"Pol\u00edtica de privacidad"},"content":{"rendered":"<h1>Protecci\u00f3n de datos<\/h1>\n<p>CINTASA cumple con las directrices del Reglamento (UE) 2016\/679 del Parlamento Europeo y del Consejo de 27 de abril de 2016 relativo a la protecci\u00f3n de las personas f\u00edsicas en lo que respecta al tratamiento de datos personales y a la libre circulaci\u00f3n de estos datos y por el que se deroga la Directiva 95\/46\/CE (RGPD, Reglamento General de Protecci\u00f3n de Datos), la Ley Org\u00e1nica 3\/2018, de 5 de diciembre, de Protec- ci\u00f3n de Datos Personales y Garant\u00eda de los Derechos Digitales (LOPDGDD), y dem\u00e1s normativa vigente en cada momento, y vela por garantizar un correcto uso y tratamiento de los datos personales del usuario.<\/p>\n<table style=\"height: 838px;\" width=\"1302\">\n<tbody>\n<tr>\n<td width=\"544\">Informaci\u00f3n adicional sobre protecci\u00f3n de datos.<\/td>\n<\/tr>\n<tr>\n<td width=\"544\">Responsable CINTASA (A50049105)<\/td>\n<\/tr>\n<tr>\n<td width=\"544\">Carretera A-68, Km. 252 A<\/p>\n<p>(50180 Utebo, Zaragoza)<\/p>\n<p>Tel.: 976770656 | <a href=\"mailto:cintasa@cintasa.com\">cintasa@cintasa.com<\/a><\/p>\n<p><a href=\"http:\/\/www.cintasa.com\">www.cintasa.com<\/a><\/td>\n<\/tr>\n<tr>\n<td width=\"544\">Finalidad<\/p>\n<p>En CINTASA tratamos la informaci\u00f3n que nos facilitan las personas interesadas con las finalidades de facilitar la informaci\u00f3n entre CINTASA y sus clientes, usuarios y\/o proveedores, en relaci\u00f3n con sus fines; y dar cumplimiento a las obligaciones legales. No utilizaremos los datos para ninguna otra finalidad.<\/td>\n<\/tr>\n<tr>\n<td width=\"544\">Conservaci\u00f3n<\/p>\n<p>Los datos proporcionados se conservar\u00e1n durante el tiempo m\u00ednimo imprescindible, mientras se mantenga la relaci\u00f3n o du- rante el tiempo necesario para cumplir con las obligaciones legales.<\/td>\n<\/tr>\n<tr>\n<td width=\"544\">Legitimaci\u00f3n<\/p>\n<ul>\n<li>Ejecuci\u00f3n de un contrato.17<\/li>\n<li>Cumplimiento de una obligaci\u00f3n legal.18<\/li>\n<li>Misi\u00f3n en inter\u00e9s p\u00fablico\/ejercicio de poderes p\u00fablicos.19<\/li>\n<li>Inter\u00e9s leg\u00edtimo del Responsable, o de un tercero.20<\/li>\n<li>Consentimiento del interesado.21<\/li>\n<li>Si el interesado no facilita los datos personales, no se podr\u00e1 prestar el servicio.<\/li>\n<\/ul>\n<\/td>\n<\/tr>\n<tr>\n<td width=\"544\"><\/td>\n<\/tr>\n<\/tbody>\n<\/table>\n<p>17 Cuando el tratamiento sea necesario para la ejecuci\u00f3n de alg\u00fan contrato (mercantil, laboral, administrativo,\u2026) en el que el interesado sea parte, o para la aplicaci\u00f3n de medidas precontractuales, se har\u00e1 constar una referencia al contrato o tipo de contrato de que se trate, con el detalle suficiente para que no quepa ninguna ambig\u00fcedad.<\/p>\n<p>Informaci\u00f3n adicional sobre protecci\u00f3n de datos.<\/p>\n<h3>Destinatarios<\/h3>\n<p>Los datos no ser\u00e1n cedidos a terceros, salvo que la ley lo permita o lo obligue expresamente.<\/p>\n<h3>Derechos<\/h3>\n<p>De acuerdo con la normativa vigente, el interesado tiene derecho a ejercer los derechos de acceso, rectificaci\u00f3n, cancelaci\u00f3n, limitaci\u00f3n, oposici\u00f3n, supresi\u00f3n (derecho al olvido) y portabilidad de manera gratuita mediante correo electr\u00f3nico dirigido a <a href=\"mailto:cintasa@cintasa.com\">cintasa@cintasa.com<\/a>, o bien en el domicilio de CINTASA [Carretera N-232, Km. 252 A (50180 Utebo, Zaragoza)].<\/p>\n<p>El interesado, en el caso de no estar conforme con alguna resoluci\u00f3n, tiene derecho a realizar una reclamaci\u00f3n ante la Agencia Espa\u00f1ola de Protecci\u00f3n de Datos, bien en su direcci\u00f3n web <a href=\"http:\/\/www.aepd.es\">https:\/\/www.aepd<\/a><u>.es<\/u>, o bien en su domicilio (c\/ Jorge Juan, 6 28001 Madrid).<\/p>\n<p>Asimismo, CINTASA informa que da cumplimiento a la Ley 34\/2002 de 11 de julio, de Servicios de la Sociedad de la Informaci\u00f3n y el Comercio Electr\u00f3nico y le solicitar\u00e1 su consentimiento al tratamiento de su correo electr\u00f3nico con fines comerciales en cada momento.<\/p>\n<p>18. Cuando el tratamiento sea necesario para el cumplimiento de una obligaci\u00f3n legal aplicable a CINTASA, es decir, una obligaci\u00f3n derivada del derecho de la UE o del ordenamiento jur\u00eddico interno, deber\u00e1 hacerse constar, sin ambig\u00fcedad, cu\u00e1l es la norma, con rango de Ley, que impone la obligaci\u00f3n.<\/p>\n<p>19. Cuando el tratamiento sea necesario para el cumplimiento de una misi\u00f3n realizada en inter\u00e9s p\u00fablico o en el ejercicio de poderes p\u00fablicos conferidos al responsable del tratamiento (como ocurre en el caso del Sector P\u00fablico), igualmente se har\u00e1 constar, sin ambig\u00fcedad, cu\u00e1l es la norma, con rango de Ley, que confiere los poderes p\u00fablicos o califica la misi\u00f3n como de inter\u00e9s p\u00fablico.<\/p>\n<p>20. Cuando el tratamiento sea necesario para la satisfacci\u00f3n de \u201cintereses leg\u00edtimos\u201d perseguidos por el responsable del tratamiento o por un tercero, se explicitar\u00e1n cu\u00e1les son tales intereses. Se considera una buena pr\u00e1ctica incluir un resumen de la ponderaci\u00f3n de su legitimidad frente a los intereses y los derechos y libertades fundamentales del interesado, cuando ello contribuya al principio de transparencia.<\/p>\n<p>21 Cuando la legitimaci\u00f3n para la finalidad principal no encuentre acomodo en ninguna de las bases jur\u00eddicas anteriores, deber\u00e1 solicitarse el consentimiento del interesado para el tratamiento de sus datos personales, y as\u00ed se har\u00e1 constar en este apartado.<\/p>\n","protected":false},"excerpt":{"rendered":"<p>Protecci\u00f3n de datos CINTASA cumple con las directrices del Reglamento (UE) 2016\/679 del Parlamento Europeo y del Consejo de 27 de abril de 2016 relativo a la protecci\u00f3n de las personas f\u00edsicas en lo que respecta al tratamiento de datos personales y a la libre circulaci\u00f3n de estos datos y por el que se deroga&#8230;<\/p>\n","protected":false},"author":2,"featured_media":0,"parent":8422,"menu_order":0,"comment_status":"closed","ping_status":"closed","template":"","meta":{"_acf_changed":false,"footnotes":""},"categories":[],"tags":[],"class_list":["post-9177","page","type-page","status-publish","hentry"],"acf":[],"yoast_head":"<!-- This site is optimized with the Yoast SEO plugin v27.4 - https:\/\/yoast.com\/product\/yoast-seo-wordpress\/ -->\n<title>Pol\u00edtica de privacidad | Cintasa.com<\/title>\n<meta name=\"description\" content=\"Pol\u00edtica de privacidad | Cintasa.com %\" \/>\n<meta name=\"robots\" content=\"index, follow, max-snippet:-1, max-image-preview:large, max-video-preview:-1\" \/>\n<link rel=\"canonical\" href=\"https:\/\/www.cintasa.com\/en\/corporate\/proteccion-de-datos\/\" \/>\n<meta property=\"og:locale\" content=\"en_US\" \/>\n<meta property=\"og:type\" content=\"article\" \/>\n<meta property=\"og:title\" content=\"Pol\u00edtica de privacidad | Cintasa.com\" \/>\n<meta property=\"og:description\" content=\"Pol\u00edtica de privacidad | Cintasa.com %\" \/>\n<meta property=\"og:url\" content=\"https:\/\/www.cintasa.com\/en\/corporate\/proteccion-de-datos\/\" \/>\n<meta property=\"og:site_name\" content=\"Cintasa.com\" \/>\n<meta property=\"article:publisher\" content=\"https:\/\/www.facebook.com\/Cintasa.Spain\" \/>\n<meta property=\"article:modified_time\" content=\"2020-05-04T07:55:18+00:00\" \/>\n<meta name=\"twitter:card\" content=\"summary_large_image\" \/>\n<meta name=\"twitter:site\" content=\"@cintasa_sa\" \/>\n<meta name=\"twitter:label1\" content=\"Est. reading time\" \/>\n\t<meta name=\"twitter:data1\" content=\"4 minutes\" \/>\n<script type=\"application\/ld+json\" class=\"yoast-schema-graph\">{\"@context\":\"https:\\\/\\\/schema.org\",\"@graph\":[{\"@type\":\"WebPage\",\"@id\":\"https:\\\/\\\/www.cintasa.com\\\/en\\\/corporate\\\/proteccion-de-datos\\\/\",\"url\":\"https:\\\/\\\/www.cintasa.com\\\/en\\\/corporate\\\/proteccion-de-datos\\\/\",\"name\":\"Pol\u00edtica de privacidad | Cintasa.com\",\"isPartOf\":{\"@id\":\"https:\\\/\\\/www.cintasa.com\\\/en\\\/#website\"},\"datePublished\":\"2019-10-27T15:05:16+00:00\",\"dateModified\":\"2020-05-04T07:55:18+00:00\",\"description\":\"Pol\u00edtica de privacidad | Cintasa.com %\",\"breadcrumb\":{\"@id\":\"https:\\\/\\\/www.cintasa.com\\\/en\\\/corporate\\\/proteccion-de-datos\\\/#breadcrumb\"},\"inLanguage\":\"en-US\",\"potentialAction\":[{\"@type\":\"ReadAction\",\"target\":[\"https:\\\/\\\/www.cintasa.com\\\/en\\\/corporate\\\/proteccion-de-datos\\\/\"]}]},{\"@type\":\"BreadcrumbList\",\"@id\":\"https:\\\/\\\/www.cintasa.com\\\/en\\\/corporate\\\/proteccion-de-datos\\\/#breadcrumb\",\"itemListElement\":[{\"@type\":\"ListItem\",\"position\":1,\"name\":\"Portada\",\"item\":\"https:\\\/\\\/www.cintasa.com\\\/en\\\/\"},{\"@type\":\"ListItem\",\"position\":2,\"name\":\"Corporate\",\"item\":\"https:\\\/\\\/www.cintasa.com\\\/en\\\/corporate\\\/\"},{\"@type\":\"ListItem\",\"position\":3,\"name\":\"Pol\u00edtica de privacidad\"}]},{\"@type\":\"WebSite\",\"@id\":\"https:\\\/\\\/www.cintasa.com\\\/en\\\/#website\",\"url\":\"https:\\\/\\\/www.cintasa.com\\\/en\\\/\",\"name\":\"Cintasa.com\",\"description\":\"M\u00e1xima experiencia transportando soluciones\",\"publisher\":{\"@id\":\"https:\\\/\\\/www.cintasa.com\\\/en\\\/#organization\"},\"potentialAction\":[{\"@type\":\"SearchAction\",\"target\":{\"@type\":\"EntryPoint\",\"urlTemplate\":\"https:\\\/\\\/www.cintasa.com\\\/en\\\/?s={search_term_string}\"},\"query-input\":{\"@type\":\"PropertyValueSpecification\",\"valueRequired\":true,\"valueName\":\"search_term_string\"}}],\"inLanguage\":\"en-US\"},{\"@type\":\"Organization\",\"@id\":\"https:\\\/\\\/www.cintasa.com\\\/en\\\/#organization\",\"name\":\"Cintasa\",\"url\":\"https:\\\/\\\/www.cintasa.com\\\/en\\\/\",\"logo\":{\"@type\":\"ImageObject\",\"inLanguage\":\"en-US\",\"@id\":\"https:\\\/\\\/www.cintasa.com\\\/en\\\/#\\\/schema\\\/logo\\\/image\\\/\",\"url\":\"https:\\\/\\\/www.cintasa.com\\\/wp-content\\\/uploads\\\/2019\\\/10\\\/Logo-cintasa.png\",\"contentUrl\":\"https:\\\/\\\/www.cintasa.com\\\/wp-content\\\/uploads\\\/2019\\\/10\\\/Logo-cintasa.png\",\"width\":145,\"height\":113,\"caption\":\"Cintasa\"},\"image\":{\"@id\":\"https:\\\/\\\/www.cintasa.com\\\/en\\\/#\\\/schema\\\/logo\\\/image\\\/\"},\"sameAs\":[\"https:\\\/\\\/www.facebook.com\\\/Cintasa.Spain\",\"https:\\\/\\\/x.com\\\/cintasa_sa\",\"https:\\\/\\\/www.linkedin.com\\\/company\\\/cintasa-s-a-\",\"https:\\\/\\\/www.youtube.com\\\/channel\\\/UCp1Rvyd3fJL__DeL5-ojeFQ\"]}]}<\/script>\n<!-- \/ Yoast SEO plugin. -->","yoast_head_json":{"title":"Pol\u00edtica de privacidad | Cintasa.com","description":"Pol\u00edtica de privacidad | Cintasa.com %","robots":{"index":"index","follow":"follow","max-snippet":"max-snippet:-1","max-image-preview":"max-image-preview:large","max-video-preview":"max-video-preview:-1"},"canonical":"https:\/\/www.cintasa.com\/en\/corporate\/proteccion-de-datos\/","og_locale":"en_US","og_type":"article","og_title":"Pol\u00edtica de privacidad | Cintasa.com","og_description":"Pol\u00edtica de privacidad | Cintasa.com %","og_url":"https:\/\/www.cintasa.com\/en\/corporate\/proteccion-de-datos\/","og_site_name":"Cintasa.com","article_publisher":"https:\/\/www.facebook.com\/Cintasa.Spain","article_modified_time":"2020-05-04T07:55:18+00:00","twitter_card":"summary_large_image","twitter_site":"@cintasa_sa","twitter_misc":{"Est. reading time":"4 minutes"},"schema":{"@context":"https:\/\/schema.org","@graph":[{"@type":"WebPage","@id":"https:\/\/www.cintasa.com\/en\/corporate\/proteccion-de-datos\/","url":"https:\/\/www.cintasa.com\/en\/corporate\/proteccion-de-datos\/","name":"Pol\u00edtica de privacidad | Cintasa.com","isPartOf":{"@id":"https:\/\/www.cintasa.com\/en\/#website"},"datePublished":"2019-10-27T15:05:16+00:00","dateModified":"2020-05-04T07:55:18+00:00","description":"Pol\u00edtica de privacidad | Cintasa.com %","breadcrumb":{"@id":"https:\/\/www.cintasa.com\/en\/corporate\/proteccion-de-datos\/#breadcrumb"},"inLanguage":"en-US","potentialAction":[{"@type":"ReadAction","target":["https:\/\/www.cintasa.com\/en\/corporate\/proteccion-de-datos\/"]}]},{"@type":"BreadcrumbList","@id":"https:\/\/www.cintasa.com\/en\/corporate\/proteccion-de-datos\/#breadcrumb","itemListElement":[{"@type":"ListItem","position":1,"name":"Portada","item":"https:\/\/www.cintasa.com\/en\/"},{"@type":"ListItem","position":2,"name":"Corporate","item":"https:\/\/www.cintasa.com\/en\/corporate\/"},{"@type":"ListItem","position":3,"name":"Pol\u00edtica de privacidad"}]},{"@type":"WebSite","@id":"https:\/\/www.cintasa.com\/en\/#website","url":"https:\/\/www.cintasa.com\/en\/","name":"Cintasa.com","description":"M\u00e1xima experiencia transportando soluciones","publisher":{"@id":"https:\/\/www.cintasa.com\/en\/#organization"},"potentialAction":[{"@type":"SearchAction","target":{"@type":"EntryPoint","urlTemplate":"https:\/\/www.cintasa.com\/en\/?s={search_term_string}"},"query-input":{"@type":"PropertyValueSpecification","valueRequired":true,"valueName":"search_term_string"}}],"inLanguage":"en-US"},{"@type":"Organization","@id":"https:\/\/www.cintasa.com\/en\/#organization","name":"Cintasa","url":"https:\/\/www.cintasa.com\/en\/","logo":{"@type":"ImageObject","inLanguage":"en-US","@id":"https:\/\/www.cintasa.com\/en\/#\/schema\/logo\/image\/","url":"https:\/\/www.cintasa.com\/wp-content\/uploads\/2019\/10\/Logo-cintasa.png","contentUrl":"https:\/\/www.cintasa.com\/wp-content\/uploads\/2019\/10\/Logo-cintasa.png","width":145,"height":113,"caption":"Cintasa"},"image":{"@id":"https:\/\/www.cintasa.com\/en\/#\/schema\/logo\/image\/"},"sameAs":["https:\/\/www.facebook.com\/Cintasa.Spain","https:\/\/x.com\/cintasa_sa","https:\/\/www.linkedin.com\/company\/cintasa-s-a-","https:\/\/www.youtube.com\/channel\/UCp1Rvyd3fJL__DeL5-ojeFQ"]}]}},"_links":{"self":[{"href":"https:\/\/www.cintasa.com\/en\/wp-json\/wp\/v2\/pages\/9177","targetHints":{"allow":["GET"]}}],"collection":[{"href":"https:\/\/www.cintasa.com\/en\/wp-json\/wp\/v2\/pages"}],"about":[{"href":"https:\/\/www.cintasa.com\/en\/wp-json\/wp\/v2\/types\/page"}],"author":[{"embeddable":true,"href":"https:\/\/www.cintasa.com\/en\/wp-json\/wp\/v2\/users\/2"}],"replies":[{"embeddable":true,"href":"https:\/\/www.cintasa.com\/en\/wp-json\/wp\/v2\/comments?post=9177"}],"version-history":[{"count":4,"href":"https:\/\/www.cintasa.com\/en\/wp-json\/wp\/v2\/pages\/9177\/revisions"}],"predecessor-version":[{"id":9483,"href":"https:\/\/www.cintasa.com\/en\/wp-json\/wp\/v2\/pages\/9177\/revisions\/9483"}],"up":[{"embeddable":true,"href":"https:\/\/www.cintasa.com\/en\/wp-json\/wp\/v2\/pages\/8422"}],"wp:attachment":[{"href":"https:\/\/www.cintasa.com\/en\/wp-json\/wp\/v2\/media?parent=9177"}],"wp:term":[{"taxonomy":"category","embeddable":true,"href":"https:\/\/www.cintasa.com\/en\/wp-json\/wp\/v2\/categories?post=9177"},{"taxonomy":"post_tag","embeddable":true,"href":"https:\/\/www.cintasa.com\/en\/wp-json\/wp\/v2\/tags?post=9177"}],"curies":[{"name":"wp","href":"https:\/\/api.w.org\/{rel}","templated":true}]}}