{"id":11796,"date":"2023-11-29T11:36:28","date_gmt":"2023-11-29T10:36:28","guid":{"rendered":"https:\/\/www.cintasa.com\/?page_id=11796"},"modified":"2025-06-30T10:51:25","modified_gmt":"2025-06-30T08:51:25","slug":"politique-de-qualite-securite-et-denviroment","status":"publish","type":"page","link":"https:\/\/www.cintasa.com\/fr\/entreprise\/politique-de-qualite-securite-et-denviroment\/","title":{"rendered":"Politique de Qualit\u00e9, Securit\u00e9 et d&rsquo;Enviroment"},"content":{"rendered":"<section class=\"l-section wpb_row us_custom_a1ba88c0 has_text_color height_small\"><div class=\"l-section-h i-cf\"><div class=\"g-cols vc_row via_flex valign_top type_default stacking_default\"><div class=\"vc_col-sm-12 wpb_column vc_column_container\"><div class=\"vc_column-inner\"><div class=\"wpb_wrapper\"><div class=\"wpb_text_column\"><div class=\"wpb_wrapper\"><h1 style=\"text-align: center;\">Politique de Qualit\u00e9, Securit\u00e9 et d&rsquo;Enviroment<\/h1>\n<\/div><\/div><\/div><\/div><\/div><\/div><\/div><\/section><section class=\"l-section wpb_row us_custom_0d15be52 height_medium\"><div class=\"l-section-h i-cf\"><div class=\"g-cols vc_row via_flex valign_top type_default stacking_default\"><div class=\"vc_col-sm-12 wpb_column vc_column_container\"><div class=\"vc_column-inner\"><div class=\"wpb_wrapper\"><div class=\"wpb_text_column\"><div class=\"wpb_wrapper\"><h2>Syst\u00e8me de Gestion Int\u00e9gr\u00e9<\/h2>\n<div class=\"wpb_text_column wpb_content_element \">\n<div class=\"wpb_wrapper\">\n<p>&nbsp;<\/p>\n<p>Cintasa dispose d&rsquo;un Syst\u00e8me de Gestion Int\u00e9gr\u00e9 qui g\u00e8re conjointement la qualit\u00e9, la S\u00e9curit\u00e9 et Sant\u00e9. et Environnement.<\/p>\n<p>L&rsquo;entreprise, consciente de la n\u00e9cessit\u00e9 d&rsquo;une am\u00e9lioration continue et de sa volont\u00e9 de satisfaire ses clients, ainsi que d&rsquo;offrir un produit et un service plus comp\u00e9titif et qui s&rsquo;adapte aux besoins du march\u00e9 en termes de Qualit\u00e9, S\u00e9curit\u00e9 et Sant\u00e9, et Environnement, travaille \u00e0 l&rsquo;obtention et au maintien des Normes Internationales.<\/p>\n<\/div>\n<\/div>\n<\/div><\/div><div class=\"w-btn-wrapper align_none\"><a class=\"w-btn us-btn-style_1\" target=\"_blank\" href=\"https:\/\/www.cintasa.com\/wp-content\/uploads\/2023\/11\/POLITICA-INTEGRADA-CINTASA.pdf\"><span class=\"w-btn-label\">Gestion Int\u00e9gr\u00e9<\/span><\/a><\/div><\/div><\/div><\/div><\/div><\/div><\/section><section class=\"l-section wpb_row height_medium\"><div class=\"l-section-h i-cf\"><div class=\"g-cols vc_row via_flex valign_top type_default stacking_default\"><div class=\"vc_col-sm-12 wpb_column vc_column_container\"><div class=\"vc_column-inner\"><div class=\"wpb_wrapper\"><div class=\"wpb_text_column\"><div class=\"wpb_wrapper\"><h1>Normes Internacionales<\/h1>\n<\/div><\/div><div class=\"w-separator size_huge\"><\/div><\/div><\/div><\/div><div class=\"vc_col-sm-3 wpb_column vc_column_container\"><div class=\"vc_column-inner\"><div class=\"wpb_wrapper\"><div class=\"wpb_text_column\"><div class=\"wpb_wrapper\"><h4>ISO 9001:2015<\/h4>\n<div class=\"wpb_text_column wpb_content_element \">\n<div class=\"wpb_wrapper\">\n<p>Norme internationale bas\u00e9e sur les exigences de gestion et de contr\u00f4le des processus. Cette certification a \u00e9t\u00e9 obtenue en 2000 et est renouvel\u00e9e p\u00e9riodiquement.<\/p>\n<\/div>\n<p>&nbsp;<\/p>\n<\/div>\n<\/div><\/div><div class=\"w-image align_none\"><div class=\"w-image-h\"><img decoding=\"async\" width=\"1024\" height=\"717\" src=\"https:\/\/www.cintasa.com\/wp-content\/uploads\/2020\/07\/UKAS-ISO-9001.jpg\" class=\"attachment-large size-large\" alt=\"\" loading=\"lazy\" srcset=\"https:\/\/www.cintasa.com\/wp-content\/uploads\/2020\/07\/UKAS-ISO-9001.jpg 300w, https:\/\/www.cintasa.com\/wp-content\/uploads\/2020\/07\/UKAS-ISO-9001.jpg 1024w, https:\/\/www.cintasa.com\/wp-content\/uploads\/2020\/07\/UKAS-ISO-9001.jpg 165w, https:\/\/www.cintasa.com\/wp-content\/uploads\/2020\/07\/UKAS-ISO-9001.jpg 1518w\" sizes=\"auto, (max-width: 1024px) 100vw, 1024px\" \/><\/div><\/div><\/div><\/div><\/div><div class=\"vc_col-sm-3 wpb_column vc_column_container\"><div class=\"vc_column-inner\"><div class=\"wpb_wrapper\"><div class=\"wpb_text_column\"><div class=\"wpb_wrapper\"><h4>ISO 14001:2015<\/h4>\n<div class=\"wpb_text_column wpb_content_element \">\n<div class=\"wpb_wrapper\">\n<p>Norme internationale qui pr\u00e9cise un processus permettant de contr\u00f4ler et d&rsquo;am\u00e9liorer la performance et la performance environnementales d&rsquo;une entreprise. Obtenu en 2022 et renouvel\u00e9 p\u00e9riodiquement.<\/p>\n<\/div>\n<p>&nbsp;<\/p>\n<\/div>\n<\/div><\/div><div class=\"w-image align_none\"><div class=\"w-image-h\"><img decoding=\"async\" width=\"1024\" height=\"731\" src=\"https:\/\/www.cintasa.com\/wp-content\/uploads\/2023\/11\/UKAS-AND-ISO-14001-RGB-1024x731.jpg\" class=\"attachment-large size-large\" alt=\"\" loading=\"lazy\" srcset=\"https:\/\/www.cintasa.com\/wp-content\/uploads\/2023\/11\/UKAS-AND-ISO-14001-RGB-1024x731.jpg 1024w, https:\/\/www.cintasa.com\/wp-content\/uploads\/2023\/11\/UKAS-AND-ISO-14001-RGB-300x214.jpg 300w, https:\/\/www.cintasa.com\/wp-content\/uploads\/2023\/11\/UKAS-AND-ISO-14001-RGB-165x118.jpg 165w, https:\/\/www.cintasa.com\/wp-content\/uploads\/2023\/11\/UKAS-AND-ISO-14001-RGB.jpg 1654w\" sizes=\"auto, (max-width: 1024px) 100vw, 1024px\" \/><\/div><\/div><\/div><\/div><\/div><div class=\"vc_col-sm-3 wpb_column vc_column_container\"><div class=\"vc_column-inner\"><div class=\"wpb_wrapper\"><div class=\"wpb_text_column\"><div class=\"wpb_wrapper\"><h4>ISO 45001:2018<\/h4>\n<div class=\"wpb_text_column wpb_content_element \">\n<div class=\"wpb_wrapper\">\n<p>Norme internationale pour les syst\u00e8mes de gestion de la sant\u00e9 et de la s\u00e9curit\u00e9 au travail, destin\u00e9e \u00e0 prot\u00e9ger les travailleurs et les visiteurs contre les accidents et les maladies professionnelles. Obtenue en 2022 et renouvel\u00e9e p\u00e9riodiquement.<\/p>\n<\/div>\n<\/div>\n<\/div><\/div><div class=\"w-image align_none\"><div class=\"w-image-h\"><img decoding=\"async\" width=\"1024\" height=\"731\" src=\"https:\/\/www.cintasa.com\/wp-content\/uploads\/2023\/11\/UKAS-AND-ISO-45001-RGB-1024x731.jpg\" class=\"attachment-large size-large\" alt=\"\" loading=\"lazy\" srcset=\"https:\/\/www.cintasa.com\/wp-content\/uploads\/2023\/11\/UKAS-AND-ISO-45001-RGB-1024x731.jpg 1024w, https:\/\/www.cintasa.com\/wp-content\/uploads\/2023\/11\/UKAS-AND-ISO-45001-RGB-300x214.jpg 300w, https:\/\/www.cintasa.com\/wp-content\/uploads\/2023\/11\/UKAS-AND-ISO-45001-RGB-165x118.jpg 165w, https:\/\/www.cintasa.com\/wp-content\/uploads\/2023\/11\/UKAS-AND-ISO-45001-RGB.jpg 1654w\" sizes=\"auto, (max-width: 1024px) 100vw, 1024px\" \/><\/div><\/div><\/div><\/div><\/div><div class=\"vc_col-sm-3 wpb_column vc_column_container\"><div class=\"vc_column-inner\"><div class=\"wpb_wrapper\"><div class=\"wpb_text_column\"><div class=\"wpb_wrapper\"><h4>ISO 3834-2:2021<\/h4>\n<div class=\"wpb_text_column wpb_content_element \">\n<div class=\"wpb_wrapper\">\n<p>Norme internationale qui fait r\u00e9f\u00e9rence aux exigences de qualit\u00e9 pour le soudage par fusion de mat\u00e9riaux m\u00e9talliques. Cette norme a \u00e9t\u00e9 obtenue en 2017 et est renouvel\u00e9e chaque ann\u00e9e.<\/p>\n<\/div>\n<p>&nbsp;<\/p>\n<\/div>\n<\/div><\/div><div class=\"w-image align_none\"><div class=\"w-image-h\"><img decoding=\"async\" width=\"302\" height=\"177\" src=\"https:\/\/www.cintasa.com\/wp-content\/uploads\/2023\/11\/iso-3834.jpg\" class=\"attachment-large size-large\" alt=\"\" loading=\"lazy\" srcset=\"https:\/\/www.cintasa.com\/wp-content\/uploads\/2023\/11\/iso-3834.jpg 302w, https:\/\/www.cintasa.com\/wp-content\/uploads\/2023\/11\/iso-3834-300x176.jpg 300w, https:\/\/www.cintasa.com\/wp-content\/uploads\/2023\/11\/iso-3834-165x97.jpg 165w\" sizes=\"auto, (max-width: 302px) 100vw, 302px\" \/><\/div><\/div><\/div><\/div><\/div><\/div><\/div><\/section><section class=\"l-section wpb_row us_custom_0d15be52 height_medium\"><div class=\"l-section-h i-cf\"><div class=\"g-cols vc_row via_flex valign_top type_default stacking_default\"><div class=\"vc_col-sm-8 wpb_column vc_column_container\"><div class=\"vc_column-inner\"><div class=\"wpb_wrapper\"><div class=\"wpb_text_column\"><div class=\"wpb_wrapper\"><h2>Autres certificats<\/h2>\n<\/div><\/div><div class=\"wpb_text_column\"><div class=\"wpb_wrapper\"><h4>RSA<\/h4>\n<div class=\"wpb_text_column wpb_content_element \">\n<div class=\"wpb_wrapper\">\n<p>Le Sceau RSA est une reconnaissance que, par l&rsquo;interm\u00e9diaire de l&rsquo;Institut Aragonais de D\u00e9veloppement (IAF), le Gouvernement d&rsquo;Aragon accorde aux entreprises, aux travailleurs ind\u00e9pendants, aux entit\u00e9s \u00e0 but non lucratif et \u00e0 tout type d&rsquo;organisations publiques et priv\u00e9es de la Communaut\u00e9 Autonome d&rsquo;Aragon, qui mettre en \u0153uvre et appliquer volontairement des pratiques socialement responsables.<\/p>\n<p>Il a \u00e9t\u00e9 obtenu pour la premi\u00e8re fois en 2020 et est renouvel\u00e9 chaque ann\u00e9e.<\/p>\n<p>&nbsp;<\/p>\n<p>&nbsp;<\/p>\n<p>&nbsp;<\/p>\n<\/div>\n<p>&nbsp;<\/p>\n<\/div>\n<\/div><\/div><\/div><\/div><\/div><div class=\"vc_col-sm-4 wpb_column vc_column_container\"><div class=\"vc_column-inner\"><div class=\"wpb_wrapper\"><div class=\"w-image align_none\"><div class=\"w-image-h\"><img decoding=\"async\" width=\"1024\" height=\"1024\" src=\"https:\/\/www.cintasa.com\/wp-content\/uploads\/2023\/11\/SELLO-RSA-PYME-2024-1024x1024.png\" class=\"attachment-large size-large\" alt=\"\" loading=\"lazy\" srcset=\"https:\/\/www.cintasa.com\/wp-content\/uploads\/2023\/11\/SELLO-RSA-PYME-2024-1024x1024.png 1024w, https:\/\/www.cintasa.com\/wp-content\/uploads\/2023\/11\/SELLO-RSA-PYME-2024-300x300.png 300w, https:\/\/www.cintasa.com\/wp-content\/uploads\/2023\/11\/SELLO-RSA-PYME-2024-150x150.png 150w, https:\/\/www.cintasa.com\/wp-content\/uploads\/2023\/11\/SELLO-RSA-PYME-2024-124x124.png 124w, https:\/\/www.cintasa.com\/wp-content\/uploads\/2023\/11\/SELLO-RSA-PYME-2024-100x100.png 100w, https:\/\/www.cintasa.com\/wp-content\/uploads\/2023\/11\/SELLO-RSA-PYME-2024-60x60.png 60w\" sizes=\"auto, (max-width: 1024px) 100vw, 1024px\" \/><\/div><\/div><\/div><\/div><\/div><\/div><\/div><\/section><section class=\"l-section wpb_row height_large\"><div class=\"l-section-h i-cf\"><div class=\"g-cols vc_row via_flex valign_top type_default stacking_default\"><div class=\"vc_col-sm-12 wpb_column vc_column_container\"><div class=\"vc_column-inner\"><div class=\"wpb_wrapper\"><\/div><\/div><\/div><\/div><\/div><\/section>\n","protected":false},"excerpt":{"rendered":"Politique de Qualit\u00e9, Securit\u00e9 et d&rsquo;Enviroment Syst\u00e8me de Gestion Int\u00e9gr\u00e9 &nbsp; Cintasa dispose d&rsquo;un Syst\u00e8me de Gestion Int\u00e9gr\u00e9 qui g\u00e8re conjointement la qualit\u00e9, la S\u00e9curit\u00e9 et Sant\u00e9. et Environnement. L&rsquo;entreprise, consciente de la n\u00e9cessit\u00e9 d&rsquo;une am\u00e9lioration continue et de sa volont\u00e9 de satisfaire ses clients, ainsi que d&rsquo;offrir un produit et un service plus comp\u00e9titif...","protected":false},"author":2,"featured_media":0,"parent":8423,"menu_order":0,"comment_status":"closed","ping_status":"closed","template":"","meta":{"_acf_changed":false,"footnotes":""},"categories":[],"tags":[],"class_list":["post-11796","page","type-page","status-publish","hentry"],"acf":[],"yoast_head":"<!-- This site is optimized with the Yoast SEO plugin v27.3 - https:\/\/yoast.com\/product\/yoast-seo-wordpress\/ -->\n<title>Politique de Qualit\u00e9, Securit\u00e9 et d&#039;Enviroment | Cintasa.com<\/title>\n<meta name=\"description\" content=\"Politique de Qualit\u00e9, Securit\u00e9 et d&#039;Enviroment | Cintasa.com %\" \/>\n<meta name=\"robots\" content=\"index, follow, max-snippet:-1, max-image-preview:large, max-video-preview:-1\" \/>\n<link rel=\"canonical\" href=\"https:\/\/www.cintasa.com\/fr\/entreprise\/politique-de-qualite-securite-et-denviroment\/\" \/>\n<meta property=\"og:locale\" content=\"fr_FR\" \/>\n<meta property=\"og:type\" content=\"article\" \/>\n<meta property=\"og:title\" content=\"Politique de Qualit\u00e9, Securit\u00e9 et d&#039;Enviroment | Cintasa.com\" \/>\n<meta property=\"og:description\" content=\"Politique de Qualit\u00e9, Securit\u00e9 et d&#039;Enviroment | Cintasa.com %\" \/>\n<meta property=\"og:url\" content=\"https:\/\/www.cintasa.com\/fr\/entreprise\/politique-de-qualite-securite-et-denviroment\/\" \/>\n<meta property=\"og:site_name\" content=\"Cintasa.com\" \/>\n<meta property=\"article:publisher\" content=\"https:\/\/www.facebook.com\/Cintasa.Spain\" \/>\n<meta property=\"article:modified_time\" content=\"2025-06-30T08:51:25+00:00\" \/>\n<meta name=\"twitter:card\" content=\"summary_large_image\" \/>\n<meta name=\"twitter:site\" content=\"@cintasa_sa\" \/>\n<meta name=\"twitter:label1\" content=\"Dur\u00e9e de lecture estim\u00e9e\" \/>\n\t<meta name=\"twitter:data1\" content=\"3 minutes\" \/>\n<script type=\"application\/ld+json\" class=\"yoast-schema-graph\">{\"@context\":\"https:\\\/\\\/schema.org\",\"@graph\":[{\"@type\":\"WebPage\",\"@id\":\"https:\\\/\\\/www.cintasa.com\\\/fr\\\/entreprise\\\/politique-de-qualite-securite-et-denviroment\\\/\",\"url\":\"https:\\\/\\\/www.cintasa.com\\\/fr\\\/entreprise\\\/politique-de-qualite-securite-et-denviroment\\\/\",\"name\":\"Politique de Qualit\u00e9, Securit\u00e9 et d'Enviroment | Cintasa.com\",\"isPartOf\":{\"@id\":\"https:\\\/\\\/www.cintasa.com\\\/fr\\\/#website\"},\"datePublished\":\"2023-11-29T10:36:28+00:00\",\"dateModified\":\"2025-06-30T08:51:25+00:00\",\"description\":\"Politique de Qualit\u00e9, Securit\u00e9 et d'Enviroment | Cintasa.com %\",\"breadcrumb\":{\"@id\":\"https:\\\/\\\/www.cintasa.com\\\/fr\\\/entreprise\\\/politique-de-qualite-securite-et-denviroment\\\/#breadcrumb\"},\"inLanguage\":\"fr-FR\",\"potentialAction\":[{\"@type\":\"ReadAction\",\"target\":[\"https:\\\/\\\/www.cintasa.com\\\/fr\\\/entreprise\\\/politique-de-qualite-securite-et-denviroment\\\/\"]}]},{\"@type\":\"BreadcrumbList\",\"@id\":\"https:\\\/\\\/www.cintasa.com\\\/fr\\\/entreprise\\\/politique-de-qualite-securite-et-denviroment\\\/#breadcrumb\",\"itemListElement\":[{\"@type\":\"ListItem\",\"position\":1,\"name\":\"Portada\",\"item\":\"https:\\\/\\\/www.cintasa.com\\\/fr\\\/\"},{\"@type\":\"ListItem\",\"position\":2,\"name\":\"Entreprise\",\"item\":\"https:\\\/\\\/www.cintasa.com\\\/fr\\\/entreprise\\\/\"},{\"@type\":\"ListItem\",\"position\":3,\"name\":\"Politique de Qualit\u00e9, Securit\u00e9 et d&#8217;Enviroment\"}]},{\"@type\":\"WebSite\",\"@id\":\"https:\\\/\\\/www.cintasa.com\\\/fr\\\/#website\",\"url\":\"https:\\\/\\\/www.cintasa.com\\\/fr\\\/\",\"name\":\"Cintasa.com\",\"description\":\"M\u00e1xima experiencia transportando soluciones\",\"publisher\":{\"@id\":\"https:\\\/\\\/www.cintasa.com\\\/fr\\\/#organization\"},\"potentialAction\":[{\"@type\":\"SearchAction\",\"target\":{\"@type\":\"EntryPoint\",\"urlTemplate\":\"https:\\\/\\\/www.cintasa.com\\\/fr\\\/?s={search_term_string}\"},\"query-input\":{\"@type\":\"PropertyValueSpecification\",\"valueRequired\":true,\"valueName\":\"search_term_string\"}}],\"inLanguage\":\"fr-FR\"},{\"@type\":\"Organization\",\"@id\":\"https:\\\/\\\/www.cintasa.com\\\/fr\\\/#organization\",\"name\":\"Cintasa\",\"url\":\"https:\\\/\\\/www.cintasa.com\\\/fr\\\/\",\"logo\":{\"@type\":\"ImageObject\",\"inLanguage\":\"fr-FR\",\"@id\":\"https:\\\/\\\/www.cintasa.com\\\/fr\\\/#\\\/schema\\\/logo\\\/image\\\/\",\"url\":\"https:\\\/\\\/www.cintasa.com\\\/wp-content\\\/uploads\\\/2019\\\/10\\\/Logo-cintasa.png\",\"contentUrl\":\"https:\\\/\\\/www.cintasa.com\\\/wp-content\\\/uploads\\\/2019\\\/10\\\/Logo-cintasa.png\",\"width\":145,\"height\":113,\"caption\":\"Cintasa\"},\"image\":{\"@id\":\"https:\\\/\\\/www.cintasa.com\\\/fr\\\/#\\\/schema\\\/logo\\\/image\\\/\"},\"sameAs\":[\"https:\\\/\\\/www.facebook.com\\\/Cintasa.Spain\",\"https:\\\/\\\/x.com\\\/cintasa_sa\",\"https:\\\/\\\/www.linkedin.com\\\/company\\\/cintasa-s-a-\",\"https:\\\/\\\/www.youtube.com\\\/channel\\\/UCp1Rvyd3fJL__DeL5-ojeFQ\"]}]}<\/script>\n<!-- \/ Yoast SEO plugin. -->","yoast_head_json":{"title":"Politique de Qualit\u00e9, Securit\u00e9 et d'Enviroment | Cintasa.com","description":"Politique de Qualit\u00e9, Securit\u00e9 et d'Enviroment | Cintasa.com %","robots":{"index":"index","follow":"follow","max-snippet":"max-snippet:-1","max-image-preview":"max-image-preview:large","max-video-preview":"max-video-preview:-1"},"canonical":"https:\/\/www.cintasa.com\/fr\/entreprise\/politique-de-qualite-securite-et-denviroment\/","og_locale":"fr_FR","og_type":"article","og_title":"Politique de Qualit\u00e9, Securit\u00e9 et d'Enviroment | Cintasa.com","og_description":"Politique de Qualit\u00e9, Securit\u00e9 et d'Enviroment | Cintasa.com %","og_url":"https:\/\/www.cintasa.com\/fr\/entreprise\/politique-de-qualite-securite-et-denviroment\/","og_site_name":"Cintasa.com","article_publisher":"https:\/\/www.facebook.com\/Cintasa.Spain","article_modified_time":"2025-06-30T08:51:25+00:00","twitter_card":"summary_large_image","twitter_site":"@cintasa_sa","twitter_misc":{"Dur\u00e9e de lecture estim\u00e9e":"3 minutes"},"schema":{"@context":"https:\/\/schema.org","@graph":[{"@type":"WebPage","@id":"https:\/\/www.cintasa.com\/fr\/entreprise\/politique-de-qualite-securite-et-denviroment\/","url":"https:\/\/www.cintasa.com\/fr\/entreprise\/politique-de-qualite-securite-et-denviroment\/","name":"Politique de Qualit\u00e9, Securit\u00e9 et d'Enviroment | Cintasa.com","isPartOf":{"@id":"https:\/\/www.cintasa.com\/fr\/#website"},"datePublished":"2023-11-29T10:36:28+00:00","dateModified":"2025-06-30T08:51:25+00:00","description":"Politique de Qualit\u00e9, Securit\u00e9 et d'Enviroment | Cintasa.com %","breadcrumb":{"@id":"https:\/\/www.cintasa.com\/fr\/entreprise\/politique-de-qualite-securite-et-denviroment\/#breadcrumb"},"inLanguage":"fr-FR","potentialAction":[{"@type":"ReadAction","target":["https:\/\/www.cintasa.com\/fr\/entreprise\/politique-de-qualite-securite-et-denviroment\/"]}]},{"@type":"BreadcrumbList","@id":"https:\/\/www.cintasa.com\/fr\/entreprise\/politique-de-qualite-securite-et-denviroment\/#breadcrumb","itemListElement":[{"@type":"ListItem","position":1,"name":"Portada","item":"https:\/\/www.cintasa.com\/fr\/"},{"@type":"ListItem","position":2,"name":"Entreprise","item":"https:\/\/www.cintasa.com\/fr\/entreprise\/"},{"@type":"ListItem","position":3,"name":"Politique de Qualit\u00e9, Securit\u00e9 et d&#8217;Enviroment"}]},{"@type":"WebSite","@id":"https:\/\/www.cintasa.com\/fr\/#website","url":"https:\/\/www.cintasa.com\/fr\/","name":"Cintasa.com","description":"M\u00e1xima experiencia transportando soluciones","publisher":{"@id":"https:\/\/www.cintasa.com\/fr\/#organization"},"potentialAction":[{"@type":"SearchAction","target":{"@type":"EntryPoint","urlTemplate":"https:\/\/www.cintasa.com\/fr\/?s={search_term_string}"},"query-input":{"@type":"PropertyValueSpecification","valueRequired":true,"valueName":"search_term_string"}}],"inLanguage":"fr-FR"},{"@type":"Organization","@id":"https:\/\/www.cintasa.com\/fr\/#organization","name":"Cintasa","url":"https:\/\/www.cintasa.com\/fr\/","logo":{"@type":"ImageObject","inLanguage":"fr-FR","@id":"https:\/\/www.cintasa.com\/fr\/#\/schema\/logo\/image\/","url":"https:\/\/www.cintasa.com\/wp-content\/uploads\/2019\/10\/Logo-cintasa.png","contentUrl":"https:\/\/www.cintasa.com\/wp-content\/uploads\/2019\/10\/Logo-cintasa.png","width":145,"height":113,"caption":"Cintasa"},"image":{"@id":"https:\/\/www.cintasa.com\/fr\/#\/schema\/logo\/image\/"},"sameAs":["https:\/\/www.facebook.com\/Cintasa.Spain","https:\/\/x.com\/cintasa_sa","https:\/\/www.linkedin.com\/company\/cintasa-s-a-","https:\/\/www.youtube.com\/channel\/UCp1Rvyd3fJL__DeL5-ojeFQ"]}]}},"_links":{"self":[{"href":"https:\/\/www.cintasa.com\/fr\/wp-json\/wp\/v2\/pages\/11796","targetHints":{"allow":["GET"]}}],"collection":[{"href":"https:\/\/www.cintasa.com\/fr\/wp-json\/wp\/v2\/pages"}],"about":[{"href":"https:\/\/www.cintasa.com\/fr\/wp-json\/wp\/v2\/types\/page"}],"author":[{"embeddable":true,"href":"https:\/\/www.cintasa.com\/fr\/wp-json\/wp\/v2\/users\/2"}],"replies":[{"embeddable":true,"href":"https:\/\/www.cintasa.com\/fr\/wp-json\/wp\/v2\/comments?post=11796"}],"version-history":[{"count":5,"href":"https:\/\/www.cintasa.com\/fr\/wp-json\/wp\/v2\/pages\/11796\/revisions"}],"predecessor-version":[{"id":13016,"href":"https:\/\/www.cintasa.com\/fr\/wp-json\/wp\/v2\/pages\/11796\/revisions\/13016"}],"up":[{"embeddable":true,"href":"https:\/\/www.cintasa.com\/fr\/wp-json\/wp\/v2\/pages\/8423"}],"wp:attachment":[{"href":"https:\/\/www.cintasa.com\/fr\/wp-json\/wp\/v2\/media?parent=11796"}],"wp:term":[{"taxonomy":"category","embeddable":true,"href":"https:\/\/www.cintasa.com\/fr\/wp-json\/wp\/v2\/categories?post=11796"},{"taxonomy":"post_tag","embeddable":true,"href":"https:\/\/www.cintasa.com\/fr\/wp-json\/wp\/v2\/tags?post=11796"}],"curies":[{"name":"wp","href":"https:\/\/api.w.org\/{rel}","templated":true}]}}