{"id":12068,"date":"2024-05-28T13:11:58","date_gmt":"2024-05-28T11:11:58","guid":{"rendered":"https:\/\/www.cintasa.com\/?page_id=12068"},"modified":"2025-05-23T10:44:15","modified_gmt":"2025-05-23T08:44:15","slug":"dechargeur-de-big-bags","status":"publish","type":"page","link":"https:\/\/www.cintasa.com\/fr\/produits\/autres-produits\/dechargeur-de-big-bags\/","title":{"rendered":"D\u00e9chargeur de big bags"},"content":{"rendered":"<div class=\"vc_row wpb_row vc_inner vc_row-fluid\">\n<div class=\"wpb_column vc_column_container vc_col-sm-12\">\n<div class=\"vc_column-inner \">\n<div class=\"wpb_wrapper\">\n<div class=\"wpb_text_column wpb_content_element \">\n<div class=\"wpb_wrapper\">\n<div class=\"wpb_text_column wpb_content_element \">\n<div class=\"wpb_wrapper\">\n<p>Les d\u00e9chargeurs de\u00a0\u00bbbig bags\u00a0\u00bb sont l\u2019une des meilleures solutions pour vider les solides en vrac et en poudre.<\/p>\n<p>L&rsquo;\u00e9quipement repose sur une structure qui supporte verticalement le poids du big bag et une tr\u00e9mie pour recevoir la mati\u00e8re premi\u00e8re qui contient le sac. Pour manipuler le big bag, il y a un syst\u00e8me de levage et de translation bas\u00e9 sur un palan.<\/p>\n<p>Le r\u00e9cipient \u00e0 d\u00e9charger est plac\u00e9 de mani\u00e8re \u00e0 ce que la d\u00e9charge se fasse par gravit\u00e9 ou au moyen d&rsquo;un extracteur ou d&rsquo;un dispositif de dosage qui facilite l&rsquo;\u00e9coulement du produit et qu&rsquo;une d\u00e9charge compl\u00e8te se produise.<\/p>\n<p>Pour faciliter la vidange de la tr\u00e9mie de r\u00e9ception et le transport de la mati\u00e8re premi\u00e8re, diff\u00e9rents composants sont disponibles tels que des vannes rotatives ou papillon, des vis sans fin, des vibrateurs ou des extracteurs qui sont s\u00e9lectionn\u00e9s en fonction du produit et de l&rsquo;application.<\/p>\n<\/div>\n<\/div>\n<\/div>\n<\/div>\n<\/div>\n<\/div>\n<\/div>\n<\/div>\n","protected":false},"excerpt":{"rendered":"<p>Les d\u00e9chargeurs de\u00a0\u00bbbig bags\u00a0\u00bb sont l\u2019une des meilleures solutions pour vider les solides en vrac et en poudre. L&rsquo;\u00e9quipement repose sur une structure qui supporte verticalement le poids du big bag et une tr\u00e9mie pour recevoir la mati\u00e8re premi\u00e8re qui contient le sac. Pour manipuler le big bag, il y a un syst\u00e8me de levage&#8230;<\/p>\n","protected":false},"author":2,"featured_media":12057,"parent":8514,"menu_order":0,"comment_status":"closed","ping_status":"closed","template":"","meta":{"_acf_changed":false,"footnotes":""},"categories":[69],"tags":[62,66],"class_list":["post-12068","page","type-page","status-publish","has-post-thumbnail","hentry","category-produits-catalogue","tag-autres-produits","tag-produits"],"acf":[],"yoast_head":"<!-- This site is optimized with the Yoast SEO plugin v27.5 - https:\/\/yoast.com\/product\/yoast-seo-wordpress\/ -->\n<title>D\u00e9chargeur de big bags | Cintasa.com<\/title>\n<meta name=\"description\" content=\"D\u00e9chargeur de big bags | Cintasa.com %\" \/>\n<meta name=\"robots\" content=\"index, follow, max-snippet:-1, max-image-preview:large, max-video-preview:-1\" \/>\n<link rel=\"canonical\" href=\"https:\/\/www.cintasa.com\/fr\/produits\/autres-produits\/dechargeur-de-big-bags\/\" \/>\n<meta property=\"og:locale\" content=\"fr_FR\" \/>\n<meta property=\"og:type\" content=\"article\" \/>\n<meta property=\"og:title\" content=\"D\u00e9chargeur de big bags | Cintasa.com\" \/>\n<meta property=\"og:description\" content=\"D\u00e9chargeur de big bags | Cintasa.com %\" \/>\n<meta property=\"og:url\" content=\"https:\/\/www.cintasa.com\/fr\/produits\/autres-produits\/dechargeur-de-big-bags\/\" \/>\n<meta property=\"og:site_name\" content=\"Cintasa.com\" \/>\n<meta property=\"article:publisher\" content=\"https:\/\/www.facebook.com\/Cintasa.Spain\" \/>\n<meta property=\"article:modified_time\" content=\"2025-05-23T08:44:15+00:00\" \/>\n<meta property=\"og:image\" content=\"https:\/\/www.cintasa.com\/wp-content\/uploads\/2024\/05\/Big-bag-1-scaled.jpg\" \/>\n\t<meta property=\"og:image:width\" content=\"2067\" \/>\n\t<meta property=\"og:image:height\" content=\"2560\" \/>\n\t<meta property=\"og:image:type\" content=\"image\/jpeg\" \/>\n<meta name=\"twitter:card\" content=\"summary_large_image\" \/>\n<meta name=\"twitter:site\" content=\"@cintasa_sa\" \/>\n<meta name=\"twitter:label1\" content=\"Dur\u00e9e de lecture estim\u00e9e\" \/>\n\t<meta name=\"twitter:data1\" content=\"1 minute\" \/>\n<script type=\"application\/ld+json\" class=\"yoast-schema-graph\">{\"@context\":\"https:\\\/\\\/schema.org\",\"@graph\":[{\"@type\":\"WebPage\",\"@id\":\"https:\\\/\\\/www.cintasa.com\\\/fr\\\/produits\\\/autres-produits\\\/dechargeur-de-big-bags\\\/\",\"url\":\"https:\\\/\\\/www.cintasa.com\\\/fr\\\/produits\\\/autres-produits\\\/dechargeur-de-big-bags\\\/\",\"name\":\"D\u00e9chargeur de big bags | Cintasa.com\",\"isPartOf\":{\"@id\":\"https:\\\/\\\/www.cintasa.com\\\/fr\\\/#website\"},\"primaryImageOfPage\":{\"@id\":\"https:\\\/\\\/www.cintasa.com\\\/fr\\\/produits\\\/autres-produits\\\/dechargeur-de-big-bags\\\/#primaryimage\"},\"image\":{\"@id\":\"https:\\\/\\\/www.cintasa.com\\\/fr\\\/produits\\\/autres-produits\\\/dechargeur-de-big-bags\\\/#primaryimage\"},\"thumbnailUrl\":\"https:\\\/\\\/www.cintasa.com\\\/wp-content\\\/uploads\\\/2024\\\/05\\\/Big-bag-1-scaled.jpg\",\"datePublished\":\"2024-05-28T11:11:58+00:00\",\"dateModified\":\"2025-05-23T08:44:15+00:00\",\"description\":\"D\u00e9chargeur de big bags | Cintasa.com %\",\"breadcrumb\":{\"@id\":\"https:\\\/\\\/www.cintasa.com\\\/fr\\\/produits\\\/autres-produits\\\/dechargeur-de-big-bags\\\/#breadcrumb\"},\"inLanguage\":\"fr-FR\",\"potentialAction\":[{\"@type\":\"ReadAction\",\"target\":[\"https:\\\/\\\/www.cintasa.com\\\/fr\\\/produits\\\/autres-produits\\\/dechargeur-de-big-bags\\\/\"]}]},{\"@type\":\"ImageObject\",\"inLanguage\":\"fr-FR\",\"@id\":\"https:\\\/\\\/www.cintasa.com\\\/fr\\\/produits\\\/autres-produits\\\/dechargeur-de-big-bags\\\/#primaryimage\",\"url\":\"https:\\\/\\\/www.cintasa.com\\\/wp-content\\\/uploads\\\/2024\\\/05\\\/Big-bag-1-scaled.jpg\",\"contentUrl\":\"https:\\\/\\\/www.cintasa.com\\\/wp-content\\\/uploads\\\/2024\\\/05\\\/Big-bag-1-scaled.jpg\",\"width\":2067,\"height\":2560},{\"@type\":\"BreadcrumbList\",\"@id\":\"https:\\\/\\\/www.cintasa.com\\\/fr\\\/produits\\\/autres-produits\\\/dechargeur-de-big-bags\\\/#breadcrumb\",\"itemListElement\":[{\"@type\":\"ListItem\",\"position\":1,\"name\":\"Portada\",\"item\":\"https:\\\/\\\/www.cintasa.com\\\/fr\\\/\"},{\"@type\":\"ListItem\",\"position\":2,\"name\":\"Produits\",\"item\":\"https:\\\/\\\/www.cintasa.com\\\/fr\\\/produits\\\/\"},{\"@type\":\"ListItem\",\"position\":3,\"name\":\"Autres Produits\",\"item\":\"https:\\\/\\\/www.cintasa.com\\\/fr\\\/produits\\\/autres-produits\\\/\"},{\"@type\":\"ListItem\",\"position\":4,\"name\":\"D\u00e9chargeur de big bags\"}]},{\"@type\":\"WebSite\",\"@id\":\"https:\\\/\\\/www.cintasa.com\\\/fr\\\/#website\",\"url\":\"https:\\\/\\\/www.cintasa.com\\\/fr\\\/\",\"name\":\"Cintasa.com\",\"description\":\"M\u00e1xima experiencia transportando soluciones\",\"publisher\":{\"@id\":\"https:\\\/\\\/www.cintasa.com\\\/fr\\\/#organization\"},\"potentialAction\":[{\"@type\":\"SearchAction\",\"target\":{\"@type\":\"EntryPoint\",\"urlTemplate\":\"https:\\\/\\\/www.cintasa.com\\\/fr\\\/?s={search_term_string}\"},\"query-input\":{\"@type\":\"PropertyValueSpecification\",\"valueRequired\":true,\"valueName\":\"search_term_string\"}}],\"inLanguage\":\"fr-FR\"},{\"@type\":\"Organization\",\"@id\":\"https:\\\/\\\/www.cintasa.com\\\/fr\\\/#organization\",\"name\":\"Cintasa\",\"url\":\"https:\\\/\\\/www.cintasa.com\\\/fr\\\/\",\"logo\":{\"@type\":\"ImageObject\",\"inLanguage\":\"fr-FR\",\"@id\":\"https:\\\/\\\/www.cintasa.com\\\/fr\\\/#\\\/schema\\\/logo\\\/image\\\/\",\"url\":\"https:\\\/\\\/www.cintasa.com\\\/wp-content\\\/uploads\\\/2019\\\/10\\\/Logo-cintasa.png\",\"contentUrl\":\"https:\\\/\\\/www.cintasa.com\\\/wp-content\\\/uploads\\\/2019\\\/10\\\/Logo-cintasa.png\",\"width\":145,\"height\":113,\"caption\":\"Cintasa\"},\"image\":{\"@id\":\"https:\\\/\\\/www.cintasa.com\\\/fr\\\/#\\\/schema\\\/logo\\\/image\\\/\"},\"sameAs\":[\"https:\\\/\\\/www.facebook.com\\\/Cintasa.Spain\",\"https:\\\/\\\/x.com\\\/cintasa_sa\",\"https:\\\/\\\/www.linkedin.com\\\/company\\\/cintasa-s-a-\",\"https:\\\/\\\/www.youtube.com\\\/channel\\\/UCp1Rvyd3fJL__DeL5-ojeFQ\"]}]}<\/script>\n<!-- \/ Yoast SEO plugin. -->","yoast_head_json":{"title":"D\u00e9chargeur de big bags | Cintasa.com","description":"D\u00e9chargeur de big bags | Cintasa.com %","robots":{"index":"index","follow":"follow","max-snippet":"max-snippet:-1","max-image-preview":"max-image-preview:large","max-video-preview":"max-video-preview:-1"},"canonical":"https:\/\/www.cintasa.com\/fr\/produits\/autres-produits\/dechargeur-de-big-bags\/","og_locale":"fr_FR","og_type":"article","og_title":"D\u00e9chargeur de big bags | Cintasa.com","og_description":"D\u00e9chargeur de big bags | Cintasa.com %","og_url":"https:\/\/www.cintasa.com\/fr\/produits\/autres-produits\/dechargeur-de-big-bags\/","og_site_name":"Cintasa.com","article_publisher":"https:\/\/www.facebook.com\/Cintasa.Spain","article_modified_time":"2025-05-23T08:44:15+00:00","og_image":[{"width":2067,"height":2560,"url":"https:\/\/www.cintasa.com\/wp-content\/uploads\/2024\/05\/Big-bag-1-scaled.jpg","type":"image\/jpeg"}],"twitter_card":"summary_large_image","twitter_site":"@cintasa_sa","twitter_misc":{"Dur\u00e9e de lecture estim\u00e9e":"1 minute"},"schema":{"@context":"https:\/\/schema.org","@graph":[{"@type":"WebPage","@id":"https:\/\/www.cintasa.com\/fr\/produits\/autres-produits\/dechargeur-de-big-bags\/","url":"https:\/\/www.cintasa.com\/fr\/produits\/autres-produits\/dechargeur-de-big-bags\/","name":"D\u00e9chargeur de big bags | Cintasa.com","isPartOf":{"@id":"https:\/\/www.cintasa.com\/fr\/#website"},"primaryImageOfPage":{"@id":"https:\/\/www.cintasa.com\/fr\/produits\/autres-produits\/dechargeur-de-big-bags\/#primaryimage"},"image":{"@id":"https:\/\/www.cintasa.com\/fr\/produits\/autres-produits\/dechargeur-de-big-bags\/#primaryimage"},"thumbnailUrl":"https:\/\/www.cintasa.com\/wp-content\/uploads\/2024\/05\/Big-bag-1-scaled.jpg","datePublished":"2024-05-28T11:11:58+00:00","dateModified":"2025-05-23T08:44:15+00:00","description":"D\u00e9chargeur de big bags | Cintasa.com %","breadcrumb":{"@id":"https:\/\/www.cintasa.com\/fr\/produits\/autres-produits\/dechargeur-de-big-bags\/#breadcrumb"},"inLanguage":"fr-FR","potentialAction":[{"@type":"ReadAction","target":["https:\/\/www.cintasa.com\/fr\/produits\/autres-produits\/dechargeur-de-big-bags\/"]}]},{"@type":"ImageObject","inLanguage":"fr-FR","@id":"https:\/\/www.cintasa.com\/fr\/produits\/autres-produits\/dechargeur-de-big-bags\/#primaryimage","url":"https:\/\/www.cintasa.com\/wp-content\/uploads\/2024\/05\/Big-bag-1-scaled.jpg","contentUrl":"https:\/\/www.cintasa.com\/wp-content\/uploads\/2024\/05\/Big-bag-1-scaled.jpg","width":2067,"height":2560},{"@type":"BreadcrumbList","@id":"https:\/\/www.cintasa.com\/fr\/produits\/autres-produits\/dechargeur-de-big-bags\/#breadcrumb","itemListElement":[{"@type":"ListItem","position":1,"name":"Portada","item":"https:\/\/www.cintasa.com\/fr\/"},{"@type":"ListItem","position":2,"name":"Produits","item":"https:\/\/www.cintasa.com\/fr\/produits\/"},{"@type":"ListItem","position":3,"name":"Autres Produits","item":"https:\/\/www.cintasa.com\/fr\/produits\/autres-produits\/"},{"@type":"ListItem","position":4,"name":"D\u00e9chargeur de big bags"}]},{"@type":"WebSite","@id":"https:\/\/www.cintasa.com\/fr\/#website","url":"https:\/\/www.cintasa.com\/fr\/","name":"Cintasa.com","description":"M\u00e1xima experiencia transportando soluciones","publisher":{"@id":"https:\/\/www.cintasa.com\/fr\/#organization"},"potentialAction":[{"@type":"SearchAction","target":{"@type":"EntryPoint","urlTemplate":"https:\/\/www.cintasa.com\/fr\/?s={search_term_string}"},"query-input":{"@type":"PropertyValueSpecification","valueRequired":true,"valueName":"search_term_string"}}],"inLanguage":"fr-FR"},{"@type":"Organization","@id":"https:\/\/www.cintasa.com\/fr\/#organization","name":"Cintasa","url":"https:\/\/www.cintasa.com\/fr\/","logo":{"@type":"ImageObject","inLanguage":"fr-FR","@id":"https:\/\/www.cintasa.com\/fr\/#\/schema\/logo\/image\/","url":"https:\/\/www.cintasa.com\/wp-content\/uploads\/2019\/10\/Logo-cintasa.png","contentUrl":"https:\/\/www.cintasa.com\/wp-content\/uploads\/2019\/10\/Logo-cintasa.png","width":145,"height":113,"caption":"Cintasa"},"image":{"@id":"https:\/\/www.cintasa.com\/fr\/#\/schema\/logo\/image\/"},"sameAs":["https:\/\/www.facebook.com\/Cintasa.Spain","https:\/\/x.com\/cintasa_sa","https:\/\/www.linkedin.com\/company\/cintasa-s-a-","https:\/\/www.youtube.com\/channel\/UCp1Rvyd3fJL__DeL5-ojeFQ"]}]}},"_links":{"self":[{"href":"https:\/\/www.cintasa.com\/fr\/wp-json\/wp\/v2\/pages\/12068","targetHints":{"allow":["GET"]}}],"collection":[{"href":"https:\/\/www.cintasa.com\/fr\/wp-json\/wp\/v2\/pages"}],"about":[{"href":"https:\/\/www.cintasa.com\/fr\/wp-json\/wp\/v2\/types\/page"}],"author":[{"embeddable":true,"href":"https:\/\/www.cintasa.com\/fr\/wp-json\/wp\/v2\/users\/2"}],"replies":[{"embeddable":true,"href":"https:\/\/www.cintasa.com\/fr\/wp-json\/wp\/v2\/comments?post=12068"}],"version-history":[{"count":2,"href":"https:\/\/www.cintasa.com\/fr\/wp-json\/wp\/v2\/pages\/12068\/revisions"}],"predecessor-version":[{"id":12959,"href":"https:\/\/www.cintasa.com\/fr\/wp-json\/wp\/v2\/pages\/12068\/revisions\/12959"}],"up":[{"embeddable":true,"href":"https:\/\/www.cintasa.com\/fr\/wp-json\/wp\/v2\/pages\/8514"}],"wp:featuredmedia":[{"embeddable":true,"href":"https:\/\/www.cintasa.com\/fr\/wp-json\/wp\/v2\/media\/12057"}],"wp:attachment":[{"href":"https:\/\/www.cintasa.com\/fr\/wp-json\/wp\/v2\/media?parent=12068"}],"wp:term":[{"taxonomy":"category","embeddable":true,"href":"https:\/\/www.cintasa.com\/fr\/wp-json\/wp\/v2\/categories?post=12068"},{"taxonomy":"post_tag","embeddable":true,"href":"https:\/\/www.cintasa.com\/fr\/wp-json\/wp\/v2\/tags?post=12068"}],"curies":[{"name":"wp","href":"https:\/\/api.w.org\/{rel}","templated":true}]}}