{"id":12116,"date":"2025-01-14T08:26:57","date_gmt":"2025-01-14T07:26:57","guid":{"rendered":"https:\/\/www.cintasa.com\/?page_id=12116"},"modified":"2025-05-23T10:24:57","modified_gmt":"2025-05-23T08:24:57","slug":"alimentateur-a-bande","status":"publish","type":"page","link":"https:\/\/www.cintasa.com\/fr\/produits\/alimentateurs\/alimentateur-a-bande\/","title":{"rendered":"Alimentateur \u00e0 bande"},"content":{"rendered":"<div class=\"vc_row wpb_row vc_inner vc_row-fluid\">\n<div class=\"wpb_column vc_column_container vc_col-sm-12\">\n<div class=\"vc_column-inner \">\n<div class=\"wpb_wrapper\">\n<div class=\"wpb_text_column wpb_content_element \">\n<div class=\"wpb_wrapper\">\n<div class=\"wpb_text_column wpb_content_element \">\n<div class=\"wpb_wrapper\">\n<p>Son utilisation combine la robustesse donn\u00e9e par sa structure et la maniabilit\u00e9 donn\u00e9e par son ch\u00e2ssis, facilitant son adaptation \u00e0 tout type de charge de mat\u00e9riel, des tr\u00e9mies ou silos jusqu\u00b4aux broyeurs ou moulins.<\/p>\n<p>Ch\u00e2ssis form\u00e9 de profils lamin\u00e9s de UPN et angulaire, lesquels \u00e9tay\u00e9s et soud\u00e9s longitudinalement et transversalement, forment un ch\u00e2ssis et un treillis horizontal<\/p>\n<p>Sur le ch\u00e2ssis les stations de rouleaux sont brid\u00e9es, permettant de mani\u00e8re simple de modifier leur distribution et position pour optimiser la r\u00e9ception de charge ainsi que le centrage et l\u00b4alignement du tapis<\/p>\n<p>Les tambours sont fabriqu\u00e9s avec virole en t\u00f4le d\u00b4acier, le tambour tenseur \u00e9tant m\u00e9canis\u00e9e en forme conique et le tambour moteur \u00e9tant couvert de caoutchouc. Les axes\u00a0des tambours se fixent aux moyeux int\u00e9rieurs de la virole avec des anneaux coniques de serrage et avec des paliers\u00a0de type SN avec des roulements au ch\u00e2ssis<\/p>\n<p>Le tambour d\u00b4inflexion que ces transporteurs incluent, permettent de r\u00e9aliser un bridage suppl\u00e9mentaire du tapis \u00e0 son passage par le tambour moteur \u00e9vitant ainsi les possibles sorties de tapis quand on utilise des basses vitesses.<\/p>\n<p>La largeur du tapis, la capacit\u00e9 et la vitesse de transport d\u00e9pendront du produit et des besoins sp\u00e9cifiques de chaque installation.<\/p>\n<p>Capacit\u00e9 de transport maximum, en fonction des densit\u00e9s, aux alentours des 1200 t\/h.<\/p>\n<\/div>\n<\/div>\n<\/div>\n<\/div>\n<\/div>\n<\/div>\n<\/div>\n<\/div>\n","protected":false},"excerpt":{"rendered":"<p>Son utilisation combine la robustesse donn\u00e9e par sa structure et la maniabilit\u00e9 donn\u00e9e par son ch\u00e2ssis, facilitant son adaptation \u00e0 tout type de charge de mat\u00e9riel, des tr\u00e9mies ou silos jusqu\u00b4aux broyeurs ou moulins. Ch\u00e2ssis form\u00e9 de profils lamin\u00e9s de UPN et angulaire, lesquels \u00e9tay\u00e9s et soud\u00e9s longitudinalement et transversalement, forment un ch\u00e2ssis et un&#8230;<\/p>\n","protected":false},"author":2,"featured_media":6339,"parent":8441,"menu_order":0,"comment_status":"closed","ping_status":"closed","template":"","meta":{"_acf_changed":false,"footnotes":""},"categories":[69],"tags":[59,66],"class_list":["post-12116","page","type-page","status-publish","has-post-thumbnail","hentry","category-produits-catalogue","tag-alimentateurs","tag-produits"],"acf":[],"yoast_head":"<!-- This site is optimized with the Yoast SEO plugin v27.5 - https:\/\/yoast.com\/product\/yoast-seo-wordpress\/ -->\n<title>Alimentateur \u00e0 bande | Cintasa.com<\/title>\n<meta name=\"description\" content=\"Alimentateur \u00e0 bande | Cintasa.com %\" \/>\n<meta name=\"robots\" content=\"index, follow, max-snippet:-1, max-image-preview:large, max-video-preview:-1\" \/>\n<link rel=\"canonical\" href=\"https:\/\/www.cintasa.com\/fr\/produits\/alimentateurs\/alimentateur-a-bande\/\" \/>\n<meta property=\"og:locale\" content=\"fr_FR\" \/>\n<meta property=\"og:type\" content=\"article\" \/>\n<meta property=\"og:title\" content=\"Alimentateur \u00e0 bande | Cintasa.com\" \/>\n<meta property=\"og:description\" content=\"Alimentateur \u00e0 bande | Cintasa.com %\" \/>\n<meta property=\"og:url\" content=\"https:\/\/www.cintasa.com\/fr\/produits\/alimentateurs\/alimentateur-a-bande\/\" \/>\n<meta property=\"og:site_name\" content=\"Cintasa.com\" \/>\n<meta property=\"article:publisher\" content=\"https:\/\/www.facebook.com\/Cintasa.Spain\" \/>\n<meta property=\"article:modified_time\" content=\"2025-05-23T08:24:57+00:00\" \/>\n<meta property=\"og:image\" content=\"https:\/\/www.cintasa.com\/wp-content\/uploads\/2019\/10\/alimentador-banda_i_2.jpg\" \/>\n\t<meta property=\"og:image:width\" content=\"500\" \/>\n\t<meta property=\"og:image:height\" content=\"375\" \/>\n\t<meta property=\"og:image:type\" content=\"image\/jpeg\" \/>\n<meta name=\"twitter:card\" content=\"summary_large_image\" \/>\n<meta name=\"twitter:site\" content=\"@cintasa_sa\" \/>\n<meta name=\"twitter:label1\" content=\"Dur\u00e9e de lecture estim\u00e9e\" \/>\n\t<meta name=\"twitter:data1\" content=\"1 minute\" \/>\n<script type=\"application\/ld+json\" class=\"yoast-schema-graph\">{\"@context\":\"https:\\\/\\\/schema.org\",\"@graph\":[{\"@type\":\"WebPage\",\"@id\":\"https:\\\/\\\/www.cintasa.com\\\/fr\\\/produits\\\/alimentateurs\\\/alimentateur-a-bande\\\/\",\"url\":\"https:\\\/\\\/www.cintasa.com\\\/fr\\\/produits\\\/alimentateurs\\\/alimentateur-a-bande\\\/\",\"name\":\"Alimentateur \u00e0 bande | Cintasa.com\",\"isPartOf\":{\"@id\":\"https:\\\/\\\/www.cintasa.com\\\/fr\\\/#website\"},\"primaryImageOfPage\":{\"@id\":\"https:\\\/\\\/www.cintasa.com\\\/fr\\\/produits\\\/alimentateurs\\\/alimentateur-a-bande\\\/#primaryimage\"},\"image\":{\"@id\":\"https:\\\/\\\/www.cintasa.com\\\/fr\\\/produits\\\/alimentateurs\\\/alimentateur-a-bande\\\/#primaryimage\"},\"thumbnailUrl\":\"https:\\\/\\\/www.cintasa.com\\\/wp-content\\\/uploads\\\/2019\\\/10\\\/alimentador-banda_i_2.jpg\",\"datePublished\":\"2025-01-14T07:26:57+00:00\",\"dateModified\":\"2025-05-23T08:24:57+00:00\",\"description\":\"Alimentateur \u00e0 bande | Cintasa.com %\",\"breadcrumb\":{\"@id\":\"https:\\\/\\\/www.cintasa.com\\\/fr\\\/produits\\\/alimentateurs\\\/alimentateur-a-bande\\\/#breadcrumb\"},\"inLanguage\":\"fr-FR\",\"potentialAction\":[{\"@type\":\"ReadAction\",\"target\":[\"https:\\\/\\\/www.cintasa.com\\\/fr\\\/produits\\\/alimentateurs\\\/alimentateur-a-bande\\\/\"]}]},{\"@type\":\"ImageObject\",\"inLanguage\":\"fr-FR\",\"@id\":\"https:\\\/\\\/www.cintasa.com\\\/fr\\\/produits\\\/alimentateurs\\\/alimentateur-a-bande\\\/#primaryimage\",\"url\":\"https:\\\/\\\/www.cintasa.com\\\/wp-content\\\/uploads\\\/2019\\\/10\\\/alimentador-banda_i_2.jpg\",\"contentUrl\":\"https:\\\/\\\/www.cintasa.com\\\/wp-content\\\/uploads\\\/2019\\\/10\\\/alimentador-banda_i_2.jpg\",\"width\":500,\"height\":375,\"caption\":\"OLYMPUS DIGITAL CAMERA\"},{\"@type\":\"BreadcrumbList\",\"@id\":\"https:\\\/\\\/www.cintasa.com\\\/fr\\\/produits\\\/alimentateurs\\\/alimentateur-a-bande\\\/#breadcrumb\",\"itemListElement\":[{\"@type\":\"ListItem\",\"position\":1,\"name\":\"Portada\",\"item\":\"https:\\\/\\\/www.cintasa.com\\\/fr\\\/\"},{\"@type\":\"ListItem\",\"position\":2,\"name\":\"Produits\",\"item\":\"https:\\\/\\\/www.cintasa.com\\\/fr\\\/produits\\\/\"},{\"@type\":\"ListItem\",\"position\":3,\"name\":\"Alimentateurs\",\"item\":\"https:\\\/\\\/www.cintasa.com\\\/fr\\\/productos\\\/alimentadores\\\/\"},{\"@type\":\"ListItem\",\"position\":4,\"name\":\"Alimentateur \u00e0 bande\"}]},{\"@type\":\"WebSite\",\"@id\":\"https:\\\/\\\/www.cintasa.com\\\/fr\\\/#website\",\"url\":\"https:\\\/\\\/www.cintasa.com\\\/fr\\\/\",\"name\":\"Cintasa.com\",\"description\":\"M\u00e1xima experiencia transportando soluciones\",\"publisher\":{\"@id\":\"https:\\\/\\\/www.cintasa.com\\\/fr\\\/#organization\"},\"potentialAction\":[{\"@type\":\"SearchAction\",\"target\":{\"@type\":\"EntryPoint\",\"urlTemplate\":\"https:\\\/\\\/www.cintasa.com\\\/fr\\\/?s={search_term_string}\"},\"query-input\":{\"@type\":\"PropertyValueSpecification\",\"valueRequired\":true,\"valueName\":\"search_term_string\"}}],\"inLanguage\":\"fr-FR\"},{\"@type\":\"Organization\",\"@id\":\"https:\\\/\\\/www.cintasa.com\\\/fr\\\/#organization\",\"name\":\"Cintasa\",\"url\":\"https:\\\/\\\/www.cintasa.com\\\/fr\\\/\",\"logo\":{\"@type\":\"ImageObject\",\"inLanguage\":\"fr-FR\",\"@id\":\"https:\\\/\\\/www.cintasa.com\\\/fr\\\/#\\\/schema\\\/logo\\\/image\\\/\",\"url\":\"https:\\\/\\\/www.cintasa.com\\\/wp-content\\\/uploads\\\/2019\\\/10\\\/Logo-cintasa.png\",\"contentUrl\":\"https:\\\/\\\/www.cintasa.com\\\/wp-content\\\/uploads\\\/2019\\\/10\\\/Logo-cintasa.png\",\"width\":145,\"height\":113,\"caption\":\"Cintasa\"},\"image\":{\"@id\":\"https:\\\/\\\/www.cintasa.com\\\/fr\\\/#\\\/schema\\\/logo\\\/image\\\/\"},\"sameAs\":[\"https:\\\/\\\/www.facebook.com\\\/Cintasa.Spain\",\"https:\\\/\\\/x.com\\\/cintasa_sa\",\"https:\\\/\\\/www.linkedin.com\\\/company\\\/cintasa-s-a-\",\"https:\\\/\\\/www.youtube.com\\\/channel\\\/UCp1Rvyd3fJL__DeL5-ojeFQ\"]}]}<\/script>\n<!-- \/ Yoast SEO plugin. -->","yoast_head_json":{"title":"Alimentateur \u00e0 bande | Cintasa.com","description":"Alimentateur \u00e0 bande | Cintasa.com %","robots":{"index":"index","follow":"follow","max-snippet":"max-snippet:-1","max-image-preview":"max-image-preview:large","max-video-preview":"max-video-preview:-1"},"canonical":"https:\/\/www.cintasa.com\/fr\/produits\/alimentateurs\/alimentateur-a-bande\/","og_locale":"fr_FR","og_type":"article","og_title":"Alimentateur \u00e0 bande | Cintasa.com","og_description":"Alimentateur \u00e0 bande | Cintasa.com %","og_url":"https:\/\/www.cintasa.com\/fr\/produits\/alimentateurs\/alimentateur-a-bande\/","og_site_name":"Cintasa.com","article_publisher":"https:\/\/www.facebook.com\/Cintasa.Spain","article_modified_time":"2025-05-23T08:24:57+00:00","og_image":[{"width":500,"height":375,"url":"https:\/\/www.cintasa.com\/wp-content\/uploads\/2019\/10\/alimentador-banda_i_2.jpg","type":"image\/jpeg"}],"twitter_card":"summary_large_image","twitter_site":"@cintasa_sa","twitter_misc":{"Dur\u00e9e de lecture estim\u00e9e":"1 minute"},"schema":{"@context":"https:\/\/schema.org","@graph":[{"@type":"WebPage","@id":"https:\/\/www.cintasa.com\/fr\/produits\/alimentateurs\/alimentateur-a-bande\/","url":"https:\/\/www.cintasa.com\/fr\/produits\/alimentateurs\/alimentateur-a-bande\/","name":"Alimentateur \u00e0 bande | Cintasa.com","isPartOf":{"@id":"https:\/\/www.cintasa.com\/fr\/#website"},"primaryImageOfPage":{"@id":"https:\/\/www.cintasa.com\/fr\/produits\/alimentateurs\/alimentateur-a-bande\/#primaryimage"},"image":{"@id":"https:\/\/www.cintasa.com\/fr\/produits\/alimentateurs\/alimentateur-a-bande\/#primaryimage"},"thumbnailUrl":"https:\/\/www.cintasa.com\/wp-content\/uploads\/2019\/10\/alimentador-banda_i_2.jpg","datePublished":"2025-01-14T07:26:57+00:00","dateModified":"2025-05-23T08:24:57+00:00","description":"Alimentateur \u00e0 bande | Cintasa.com %","breadcrumb":{"@id":"https:\/\/www.cintasa.com\/fr\/produits\/alimentateurs\/alimentateur-a-bande\/#breadcrumb"},"inLanguage":"fr-FR","potentialAction":[{"@type":"ReadAction","target":["https:\/\/www.cintasa.com\/fr\/produits\/alimentateurs\/alimentateur-a-bande\/"]}]},{"@type":"ImageObject","inLanguage":"fr-FR","@id":"https:\/\/www.cintasa.com\/fr\/produits\/alimentateurs\/alimentateur-a-bande\/#primaryimage","url":"https:\/\/www.cintasa.com\/wp-content\/uploads\/2019\/10\/alimentador-banda_i_2.jpg","contentUrl":"https:\/\/www.cintasa.com\/wp-content\/uploads\/2019\/10\/alimentador-banda_i_2.jpg","width":500,"height":375,"caption":"OLYMPUS DIGITAL CAMERA"},{"@type":"BreadcrumbList","@id":"https:\/\/www.cintasa.com\/fr\/produits\/alimentateurs\/alimentateur-a-bande\/#breadcrumb","itemListElement":[{"@type":"ListItem","position":1,"name":"Portada","item":"https:\/\/www.cintasa.com\/fr\/"},{"@type":"ListItem","position":2,"name":"Produits","item":"https:\/\/www.cintasa.com\/fr\/produits\/"},{"@type":"ListItem","position":3,"name":"Alimentateurs","item":"https:\/\/www.cintasa.com\/fr\/productos\/alimentadores\/"},{"@type":"ListItem","position":4,"name":"Alimentateur \u00e0 bande"}]},{"@type":"WebSite","@id":"https:\/\/www.cintasa.com\/fr\/#website","url":"https:\/\/www.cintasa.com\/fr\/","name":"Cintasa.com","description":"M\u00e1xima experiencia transportando soluciones","publisher":{"@id":"https:\/\/www.cintasa.com\/fr\/#organization"},"potentialAction":[{"@type":"SearchAction","target":{"@type":"EntryPoint","urlTemplate":"https:\/\/www.cintasa.com\/fr\/?s={search_term_string}"},"query-input":{"@type":"PropertyValueSpecification","valueRequired":true,"valueName":"search_term_string"}}],"inLanguage":"fr-FR"},{"@type":"Organization","@id":"https:\/\/www.cintasa.com\/fr\/#organization","name":"Cintasa","url":"https:\/\/www.cintasa.com\/fr\/","logo":{"@type":"ImageObject","inLanguage":"fr-FR","@id":"https:\/\/www.cintasa.com\/fr\/#\/schema\/logo\/image\/","url":"https:\/\/www.cintasa.com\/wp-content\/uploads\/2019\/10\/Logo-cintasa.png","contentUrl":"https:\/\/www.cintasa.com\/wp-content\/uploads\/2019\/10\/Logo-cintasa.png","width":145,"height":113,"caption":"Cintasa"},"image":{"@id":"https:\/\/www.cintasa.com\/fr\/#\/schema\/logo\/image\/"},"sameAs":["https:\/\/www.facebook.com\/Cintasa.Spain","https:\/\/x.com\/cintasa_sa","https:\/\/www.linkedin.com\/company\/cintasa-s-a-","https:\/\/www.youtube.com\/channel\/UCp1Rvyd3fJL__DeL5-ojeFQ"]}]}},"_links":{"self":[{"href":"https:\/\/www.cintasa.com\/fr\/wp-json\/wp\/v2\/pages\/12116","targetHints":{"allow":["GET"]}}],"collection":[{"href":"https:\/\/www.cintasa.com\/fr\/wp-json\/wp\/v2\/pages"}],"about":[{"href":"https:\/\/www.cintasa.com\/fr\/wp-json\/wp\/v2\/types\/page"}],"author":[{"embeddable":true,"href":"https:\/\/www.cintasa.com\/fr\/wp-json\/wp\/v2\/users\/2"}],"replies":[{"embeddable":true,"href":"https:\/\/www.cintasa.com\/fr\/wp-json\/wp\/v2\/comments?post=12116"}],"version-history":[{"count":3,"href":"https:\/\/www.cintasa.com\/fr\/wp-json\/wp\/v2\/pages\/12116\/revisions"}],"predecessor-version":[{"id":12947,"href":"https:\/\/www.cintasa.com\/fr\/wp-json\/wp\/v2\/pages\/12116\/revisions\/12947"}],"up":[{"embeddable":true,"href":"https:\/\/www.cintasa.com\/fr\/wp-json\/wp\/v2\/pages\/8441"}],"wp:featuredmedia":[{"embeddable":true,"href":"https:\/\/www.cintasa.com\/fr\/wp-json\/wp\/v2\/media\/6339"}],"wp:attachment":[{"href":"https:\/\/www.cintasa.com\/fr\/wp-json\/wp\/v2\/media?parent=12116"}],"wp:term":[{"taxonomy":"category","embeddable":true,"href":"https:\/\/www.cintasa.com\/fr\/wp-json\/wp\/v2\/categories?post=12116"},{"taxonomy":"post_tag","embeddable":true,"href":"https:\/\/www.cintasa.com\/fr\/wp-json\/wp\/v2\/tags?post=12116"}],"curies":[{"name":"wp","href":"https:\/\/api.w.org\/{rel}","templated":true}]}}