{"id":8416,"date":"2019-10-27T16:01:28","date_gmt":"2019-10-27T15:01:28","guid":{"rendered":"https:\/\/www.cintasa.com\/societe\/"},"modified":"2025-05-23T12:50:17","modified_gmt":"2025-05-23T10:50:17","slug":"societe","status":"publish","type":"page","link":"https:\/\/www.cintasa.com\/fr\/entreprise\/societe\/","title":{"rendered":"Soci\u00e9t\u00e9"},"content":{"rendered":"<section class=\"l-section wpb_row us_custom_a1ba88c0 has_text_color height_small\"><div class=\"l-section-h i-cf\"><div class=\"g-cols vc_row via_flex valign_top type_default stacking_default\"><div class=\"vc_col-sm-12 wpb_column vc_column_container\"><div class=\"vc_column-inner\"><div class=\"wpb_wrapper\"><div class=\"wpb_text_column\"><div class=\"wpb_wrapper\"><h1 style=\"text-align: center;\">Cintasa<\/h1>\n<\/div><\/div><\/div><\/div><\/div><\/div><\/div><\/section><section class=\"l-section wpb_row us_custom_0d15be52 height_large\"><div class=\"l-section-h i-cf\"><div class=\"g-cols vc_row via_flex valign_top type_default stacking_default\"><div class=\"vc_col-sm-12 wpb_column vc_column_container\"><div class=\"vc_column-inner\"><div class=\"wpb_wrapper\"><div class=\"wpb_text_column\"><div class=\"wpb_wrapper\"><h2>Exp\u00e9rience<\/h2>\n<div class=\"wpb_text_column wpb_content_element \">\n<div class=\"wpb_wrapper\">\n<p>La principale activit\u00e9 de Cintasa est centr\u00e9e sur l\u00b4ing\u00e9nierie, la fabrication et le montage de syst\u00e8me de manutention, transport et \u00e9l\u00e9ments d\u00b4emmagasinage. Notre grande gamme de transporteurs est bas\u00e9e sur divers syst\u00e8mes tels que: tapis, rouleaux, cha\u00eenes, plaques m\u00e9talliques, godets, etc. Ainsi, nous incluons divers \u00e9l\u00e9ments auxiliaires \u00e0 nos installations, du type silos, tr\u00e9mies, structures, etc.<\/p>\n<p>Cette sp\u00e9cialisation dans le domaine des transporteurs et dans toutes ses variantes, a apport\u00e9 pendant plus de 50 ans \u00e0 Cintasa l\u00b4exp\u00e9rience n\u00e9cessaire pour pouvoir offrir au client la meilleure solution \u00e0 chacun de leurs besoins.<\/p>\n<\/div>\n<\/div>\n<\/div><\/div><\/div><\/div><\/div><\/div><\/div><\/section><section class=\"l-section wpb_row height_large\"><div class=\"l-section-h i-cf\"><div class=\"g-cols vc_row via_flex valign_top type_default stacking_default\"><div class=\"vc_col-sm-12 wpb_column vc_column_container\"><div class=\"vc_column-inner\"><div class=\"wpb_wrapper\"><div class=\"wpb_text_column\"><div class=\"wpb_wrapper\"><h2 class=\"alternative-heading\">Histoire<\/h2>\n<p>Cintasa a \u00e9t\u00e9 fond\u00e9e en 1973, et a \u00e9t\u00e9 constitu\u00e9e en Soci\u00e9t\u00e9 Anonyme en 1979.<\/p>\n<p>Depuis le d\u00e9but, l\u00b4activit\u00e9 principale de Cintasa. a \u00e9t\u00e9 la fabrication d\u00b4\u00e9quipements pour la manutention et le transport, le secteur agricole \u00e9tant le plus grand utilisateur de nos \u00e9quipements.<\/p>\n<p>L\u00b4adaptation ais\u00e9e de ces \u00e9quipements pour le transport d\u00b4autres mat\u00e9riaux a aid\u00e9 \u00e0 sauter le pas vers d\u00b4autres champs d\u00b4action tels que les produits d\u00b4extraction comme les agr\u00e9gates.<\/p>\n<p>L\u00b4exp\u00e9rience acquise a permis la conception de nouveaux \u00e9quipements et la sp\u00e9cialisation de Cintasa en ce qui concerne la fabrication de tout type de transporteurs pour n\u00b4importe quelle activit\u00e9.<\/p>\n<p>Tout au long des ces ann\u00e9es, l\u00b4effort r\u00e9alis\u00e9 pour innover et s\u00b4am\u00e9liorer continuellement a permis que les fabrications de Cintasa jouissent d\u00b4un grand prestige. En ce moment nous sommes une des entreprises de pointe dans notre secteur, occupant les premiers postes dans le domaine des installations de manutention et de transport.<\/p>\n<p>Actuellement, Cintasa consacre son activit\u00e9 principale, avec sa propre technologie, \u00e0 la fabrication d\u00b4\u00e9quipements et d\u00b4installation pour la manutention, l\u00b4\u00e9l\u00e9vation, le transport, le stockage, le dosage, le pesage, le traitement de r\u00e9sidus\u2026.et une liste \u00e9tendue d\u00b4activit\u00e9s pour lesquelles nos \u00e9quipements peuvent \u00eatre utilis\u00e9s.<\/p>\n<p>Gr\u00e2ce \u00e0 la confiance et l\u00b4excellente collaboration de nos clients et \u00e0 notre constante attention, nous avons \u00e9volu\u00e9 au point de disposer d\u00b4une importante gamme de produits d\u00b4une technologie et d\u00b4une qualit\u00e9 reconnues, adaptables aux besoins les plus exigeants.<\/p>\n<p>En 2004 nous avons emm\u00e9nag\u00e9 dans de nouvelles installations situ\u00e9es sur une parcelle de 25000 m2. De cette mani\u00e8re la continuit\u00e9 et la croissance constante de notre entreprise sont assur\u00e9es.<\/p>\n<\/div><\/div><div class=\"w-gallery fit_cover type_grid ratio_3x2 count_3\" style=\"--columns:3;--items-gap:10px;\"><div class=\"w-gallery-list\"><div class=\"w-gallery-item\"><div class=\"w-gallery-item-img\"><img decoding=\"async\" width=\"1024\" height=\"683\" src=\"https:\/\/www.cintasa.com\/wp-content\/uploads\/2025\/05\/IMG_9439_1-1024x683.jpg\" class=\"attachment-large size-large\" alt=\"\" srcset=\"https:\/\/www.cintasa.com\/wp-content\/uploads\/2025\/05\/IMG_9439_1-1024x683.jpg 1024w, https:\/\/www.cintasa.com\/wp-content\/uploads\/2025\/05\/IMG_9439_1-300x200.jpg 300w, https:\/\/www.cintasa.com\/wp-content\/uploads\/2025\/05\/IMG_9439_1-165x110.jpg 165w\" sizes=\"(max-width: 1024px) 100vw, 1024px\" \/><\/div><\/div><div class=\"w-gallery-item\"><div class=\"w-gallery-item-img\"><img decoding=\"async\" width=\"1024\" height=\"576\" src=\"https:\/\/www.cintasa.com\/wp-content\/uploads\/2025\/05\/51-1024x576.jpg\" class=\"attachment-large size-large\" alt=\"\" srcset=\"https:\/\/www.cintasa.com\/wp-content\/uploads\/2025\/05\/51-1024x576.jpg 1024w, https:\/\/www.cintasa.com\/wp-content\/uploads\/2025\/05\/51-300x169.jpg 300w, https:\/\/www.cintasa.com\/wp-content\/uploads\/2025\/05\/51-165x93.jpg 165w\" sizes=\"(max-width: 1024px) 100vw, 1024px\" \/><\/div><\/div><div class=\"w-gallery-item\"><div class=\"w-gallery-item-img\"><img decoding=\"async\" width=\"1024\" height=\"616\" src=\"https:\/\/www.cintasa.com\/wp-content\/uploads\/2025\/05\/14-1024x616.jpg\" class=\"attachment-large size-large\" alt=\"\" srcset=\"https:\/\/www.cintasa.com\/wp-content\/uploads\/2025\/05\/14-1024x616.jpg 1024w, https:\/\/www.cintasa.com\/wp-content\/uploads\/2025\/05\/14-300x180.jpg 300w, https:\/\/www.cintasa.com\/wp-content\/uploads\/2025\/05\/14-165x99.jpg 165w\" sizes=\"(max-width: 1024px) 100vw, 1024px\" \/><\/div><\/div><\/div><\/div><\/div><\/div><\/div><\/div><\/div><\/section><section class=\"l-section wpb_row us_custom_84284b34 has_text_color height_large with_img parallax_ver\"><div class=\"l-section-img\" role=\"img\" aria-label=\"Image\" data-img-width=\"2500\" data-img-height=\"1500\" style=\"background-image: url(https:\/\/www.cintasa.com\/wp-content\/uploads\/2019\/10\/cintasa-internacional.jpg);background-repeat: no-repeat;\"><\/div><div class=\"l-section-overlay\" style=\"background:rgba(0,26,41,0.8)\"><\/div><div class=\"l-section-h i-cf\"><div class=\"g-cols vc_row via_flex valign_top type_default stacking_default\"><div class=\"vc_col-sm-12 wpb_column vc_column_container\"><div class=\"vc_column-inner\"><div class=\"wpb_wrapper\"><div class=\"wpb_text_column\"><div class=\"wpb_wrapper\"><h2 class=\"alternative-heading\" style=\"text-align: center;\">Pr\u00e9sence internationale<\/h2>\n<p>Apr\u00e8s avoir une croissance continue dans le march\u00e9 int\u00e9rieur au cours de ses premi\u00e8res ann\u00e9es et de devenir une r\u00e9f\u00e9rence dans son secteur, Cintasa a opt\u00e9e pour l\u2019internationalisation dans les ann\u00e9es 80.<\/p>\n<p>La soci\u00e9t\u00e9 a commenc\u00e9e ses travaux d\u2019expansion dans les pays europ\u00e9ens les plus proch\u00e9s, lentement et progressivement, avec effort, le travail, l\u2019innovation et l\u2019expertise, avoir des installations dans toute l\u2019Europe.<\/p>\n<p>L\u2019ambition de la soci\u00e9t\u00e9 a conduit \u00e0 une recherche de nouveaux march\u00e9s, en arrivant \u00e0 l\u2019Am\u00e9rique du Sud dans les ann\u00e9es 90. Aujourd\u2019hui Cintasa a pr\u00e9sence dans la plupart du territoire Sud-Am\u00e9ricain, avec plus de 40 r\u00e9f\u00e9rences.<\/p>\n<p>L\u2019expansion de Cintasa ne se limitait pas l\u00e0 et elle a continu\u00e9 \u00e0 exporter leur \u00e9quipement pour plusieurs usines dans plusieurs pays d\u2019Afrique, d\u2019Asie et d\u2019Oc\u00e9anie.<\/p>\n<p>Le dernier succ\u00e8s de la soci\u00e9t\u00e9 a \u00e9t\u00e9 la pr\u00e9sence de leurs \u00e9quipes dans le march\u00e9 Nord-am\u00e9ricain, avec les principales installations aux \u00c9tats-Unis, le Canada et le Mexique.<\/p>\n<p>L\u2019am\u00e9lioration continue et l\u2019adaptabilit\u00e9 \u00e0 tous les march\u00e9s ont positionn\u00e9 Cintasa comme un leader international dans la conception et la fourniture de convoyeurs. Installations hautement sp\u00e9cialis\u00e9es o\u00f9 Cintasa a su \u00eatre \u00e0 la hauteur de ses exigences.<\/p>\n<p>Aujourd\u2019hui, nous pouvons dire que Cintasa a fourni ses \u00e9quipements dans des installations des cinq continents, et son chiffre d\u2019exportation actuel est de 70%.<\/p>\n<\/div><\/div><\/div><\/div><\/div><\/div><\/div><\/section>\n","protected":false},"excerpt":{"rendered":"Cintasa Exp\u00e9rience La principale activit\u00e9 de Cintasa est centr\u00e9e sur l\u00b4ing\u00e9nierie, la fabrication et le montage de syst\u00e8me de manutention, transport et \u00e9l\u00e9ments d\u00b4emmagasinage. Notre grande gamme de transporteurs est bas\u00e9e sur divers syst\u00e8mes tels que: tapis, rouleaux, cha\u00eenes, plaques m\u00e9talliques, godets, etc. Ainsi, nous incluons divers \u00e9l\u00e9ments auxiliaires \u00e0 nos installations, du type silos,...","protected":false},"author":2,"featured_media":0,"parent":8423,"menu_order":0,"comment_status":"closed","ping_status":"closed","template":"","meta":{"_acf_changed":false,"footnotes":""},"categories":[],"tags":[],"class_list":["post-8416","page","type-page","status-publish","hentry"],"acf":[],"yoast_head":"<!-- This site is optimized with the Yoast SEO plugin v27.6 - https:\/\/yoast.com\/product\/yoast-seo-wordpress\/ -->\n<title>Soci\u00e9t\u00e9 | Cintasa.com<\/title>\n<meta name=\"description\" content=\"Soci\u00e9t\u00e9 | Cintasa.com %\" \/>\n<meta name=\"robots\" content=\"index, follow, max-snippet:-1, max-image-preview:large, max-video-preview:-1\" \/>\n<link rel=\"canonical\" href=\"https:\/\/www.cintasa.com\/fr\/entreprise\/societe\/\" \/>\n<meta property=\"og:locale\" content=\"fr_FR\" \/>\n<meta property=\"og:type\" content=\"article\" \/>\n<meta property=\"og:title\" content=\"Soci\u00e9t\u00e9 | Cintasa.com\" \/>\n<meta property=\"og:description\" content=\"Soci\u00e9t\u00e9 | Cintasa.com %\" \/>\n<meta property=\"og:url\" content=\"https:\/\/www.cintasa.com\/fr\/entreprise\/societe\/\" \/>\n<meta property=\"og:site_name\" content=\"Cintasa.com\" \/>\n<meta property=\"article:publisher\" content=\"https:\/\/www.facebook.com\/Cintasa.Spain\" \/>\n<meta property=\"article:modified_time\" content=\"2025-05-23T10:50:17+00:00\" \/>\n<meta name=\"twitter:card\" content=\"summary_large_image\" \/>\n<meta name=\"twitter:site\" content=\"@cintasa_sa\" \/>\n<meta name=\"twitter:label1\" content=\"Dur\u00e9e de lecture estim\u00e9e\" \/>\n\t<meta name=\"twitter:data1\" content=\"4 minutes\" \/>\n<script type=\"application\/ld+json\" class=\"yoast-schema-graph\">{\"@context\":\"https:\\\/\\\/schema.org\",\"@graph\":[{\"@type\":\"WebPage\",\"@id\":\"https:\\\/\\\/www.cintasa.com\\\/fr\\\/entreprise\\\/societe\\\/\",\"url\":\"https:\\\/\\\/www.cintasa.com\\\/fr\\\/entreprise\\\/societe\\\/\",\"name\":\"Soci\u00e9t\u00e9 | Cintasa.com\",\"isPartOf\":{\"@id\":\"https:\\\/\\\/www.cintasa.com\\\/fr\\\/#website\"},\"datePublished\":\"2019-10-27T15:01:28+00:00\",\"dateModified\":\"2025-05-23T10:50:17+00:00\",\"description\":\"Soci\u00e9t\u00e9 | Cintasa.com %\",\"breadcrumb\":{\"@id\":\"https:\\\/\\\/www.cintasa.com\\\/fr\\\/entreprise\\\/societe\\\/#breadcrumb\"},\"inLanguage\":\"fr-FR\",\"potentialAction\":[{\"@type\":\"ReadAction\",\"target\":[\"https:\\\/\\\/www.cintasa.com\\\/fr\\\/entreprise\\\/societe\\\/\"]}]},{\"@type\":\"BreadcrumbList\",\"@id\":\"https:\\\/\\\/www.cintasa.com\\\/fr\\\/entreprise\\\/societe\\\/#breadcrumb\",\"itemListElement\":[{\"@type\":\"ListItem\",\"position\":1,\"name\":\"Portada\",\"item\":\"https:\\\/\\\/www.cintasa.com\\\/fr\\\/\"},{\"@type\":\"ListItem\",\"position\":2,\"name\":\"Entreprise\",\"item\":\"https:\\\/\\\/www.cintasa.com\\\/fr\\\/entreprise\\\/\"},{\"@type\":\"ListItem\",\"position\":3,\"name\":\"Soci\u00e9t\u00e9\"}]},{\"@type\":\"WebSite\",\"@id\":\"https:\\\/\\\/www.cintasa.com\\\/fr\\\/#website\",\"url\":\"https:\\\/\\\/www.cintasa.com\\\/fr\\\/\",\"name\":\"Cintasa.com\",\"description\":\"M\u00e1xima experiencia transportando soluciones\",\"publisher\":{\"@id\":\"https:\\\/\\\/www.cintasa.com\\\/fr\\\/#organization\"},\"potentialAction\":[{\"@type\":\"SearchAction\",\"target\":{\"@type\":\"EntryPoint\",\"urlTemplate\":\"https:\\\/\\\/www.cintasa.com\\\/fr\\\/?s={search_term_string}\"},\"query-input\":{\"@type\":\"PropertyValueSpecification\",\"valueRequired\":true,\"valueName\":\"search_term_string\"}}],\"inLanguage\":\"fr-FR\"},{\"@type\":\"Organization\",\"@id\":\"https:\\\/\\\/www.cintasa.com\\\/fr\\\/#organization\",\"name\":\"Cintasa\",\"url\":\"https:\\\/\\\/www.cintasa.com\\\/fr\\\/\",\"logo\":{\"@type\":\"ImageObject\",\"inLanguage\":\"fr-FR\",\"@id\":\"https:\\\/\\\/www.cintasa.com\\\/fr\\\/#\\\/schema\\\/logo\\\/image\\\/\",\"url\":\"https:\\\/\\\/www.cintasa.com\\\/wp-content\\\/uploads\\\/2019\\\/10\\\/Logo-cintasa.png\",\"contentUrl\":\"https:\\\/\\\/www.cintasa.com\\\/wp-content\\\/uploads\\\/2019\\\/10\\\/Logo-cintasa.png\",\"width\":145,\"height\":113,\"caption\":\"Cintasa\"},\"image\":{\"@id\":\"https:\\\/\\\/www.cintasa.com\\\/fr\\\/#\\\/schema\\\/logo\\\/image\\\/\"},\"sameAs\":[\"https:\\\/\\\/www.facebook.com\\\/Cintasa.Spain\",\"https:\\\/\\\/x.com\\\/cintasa_sa\",\"https:\\\/\\\/www.linkedin.com\\\/company\\\/cintasa-s-a-\",\"https:\\\/\\\/www.youtube.com\\\/channel\\\/UCp1Rvyd3fJL__DeL5-ojeFQ\"]}]}<\/script>\n<!-- \/ Yoast SEO plugin. -->","yoast_head_json":{"title":"Soci\u00e9t\u00e9 | Cintasa.com","description":"Soci\u00e9t\u00e9 | Cintasa.com %","robots":{"index":"index","follow":"follow","max-snippet":"max-snippet:-1","max-image-preview":"max-image-preview:large","max-video-preview":"max-video-preview:-1"},"canonical":"https:\/\/www.cintasa.com\/fr\/entreprise\/societe\/","og_locale":"fr_FR","og_type":"article","og_title":"Soci\u00e9t\u00e9 | Cintasa.com","og_description":"Soci\u00e9t\u00e9 | Cintasa.com %","og_url":"https:\/\/www.cintasa.com\/fr\/entreprise\/societe\/","og_site_name":"Cintasa.com","article_publisher":"https:\/\/www.facebook.com\/Cintasa.Spain","article_modified_time":"2025-05-23T10:50:17+00:00","twitter_card":"summary_large_image","twitter_site":"@cintasa_sa","twitter_misc":{"Dur\u00e9e de lecture estim\u00e9e":"4 minutes"},"schema":{"@context":"https:\/\/schema.org","@graph":[{"@type":"WebPage","@id":"https:\/\/www.cintasa.com\/fr\/entreprise\/societe\/","url":"https:\/\/www.cintasa.com\/fr\/entreprise\/societe\/","name":"Soci\u00e9t\u00e9 | Cintasa.com","isPartOf":{"@id":"https:\/\/www.cintasa.com\/fr\/#website"},"datePublished":"2019-10-27T15:01:28+00:00","dateModified":"2025-05-23T10:50:17+00:00","description":"Soci\u00e9t\u00e9 | Cintasa.com %","breadcrumb":{"@id":"https:\/\/www.cintasa.com\/fr\/entreprise\/societe\/#breadcrumb"},"inLanguage":"fr-FR","potentialAction":[{"@type":"ReadAction","target":["https:\/\/www.cintasa.com\/fr\/entreprise\/societe\/"]}]},{"@type":"BreadcrumbList","@id":"https:\/\/www.cintasa.com\/fr\/entreprise\/societe\/#breadcrumb","itemListElement":[{"@type":"ListItem","position":1,"name":"Portada","item":"https:\/\/www.cintasa.com\/fr\/"},{"@type":"ListItem","position":2,"name":"Entreprise","item":"https:\/\/www.cintasa.com\/fr\/entreprise\/"},{"@type":"ListItem","position":3,"name":"Soci\u00e9t\u00e9"}]},{"@type":"WebSite","@id":"https:\/\/www.cintasa.com\/fr\/#website","url":"https:\/\/www.cintasa.com\/fr\/","name":"Cintasa.com","description":"M\u00e1xima experiencia transportando soluciones","publisher":{"@id":"https:\/\/www.cintasa.com\/fr\/#organization"},"potentialAction":[{"@type":"SearchAction","target":{"@type":"EntryPoint","urlTemplate":"https:\/\/www.cintasa.com\/fr\/?s={search_term_string}"},"query-input":{"@type":"PropertyValueSpecification","valueRequired":true,"valueName":"search_term_string"}}],"inLanguage":"fr-FR"},{"@type":"Organization","@id":"https:\/\/www.cintasa.com\/fr\/#organization","name":"Cintasa","url":"https:\/\/www.cintasa.com\/fr\/","logo":{"@type":"ImageObject","inLanguage":"fr-FR","@id":"https:\/\/www.cintasa.com\/fr\/#\/schema\/logo\/image\/","url":"https:\/\/www.cintasa.com\/wp-content\/uploads\/2019\/10\/Logo-cintasa.png","contentUrl":"https:\/\/www.cintasa.com\/wp-content\/uploads\/2019\/10\/Logo-cintasa.png","width":145,"height":113,"caption":"Cintasa"},"image":{"@id":"https:\/\/www.cintasa.com\/fr\/#\/schema\/logo\/image\/"},"sameAs":["https:\/\/www.facebook.com\/Cintasa.Spain","https:\/\/x.com\/cintasa_sa","https:\/\/www.linkedin.com\/company\/cintasa-s-a-","https:\/\/www.youtube.com\/channel\/UCp1Rvyd3fJL__DeL5-ojeFQ"]}]}},"_links":{"self":[{"href":"https:\/\/www.cintasa.com\/fr\/wp-json\/wp\/v2\/pages\/8416","targetHints":{"allow":["GET"]}}],"collection":[{"href":"https:\/\/www.cintasa.com\/fr\/wp-json\/wp\/v2\/pages"}],"about":[{"href":"https:\/\/www.cintasa.com\/fr\/wp-json\/wp\/v2\/types\/page"}],"author":[{"embeddable":true,"href":"https:\/\/www.cintasa.com\/fr\/wp-json\/wp\/v2\/users\/2"}],"replies":[{"embeddable":true,"href":"https:\/\/www.cintasa.com\/fr\/wp-json\/wp\/v2\/comments?post=8416"}],"version-history":[{"count":9,"href":"https:\/\/www.cintasa.com\/fr\/wp-json\/wp\/v2\/pages\/8416\/revisions"}],"predecessor-version":[{"id":12976,"href":"https:\/\/www.cintasa.com\/fr\/wp-json\/wp\/v2\/pages\/8416\/revisions\/12976"}],"up":[{"embeddable":true,"href":"https:\/\/www.cintasa.com\/fr\/wp-json\/wp\/v2\/pages\/8423"}],"wp:attachment":[{"href":"https:\/\/www.cintasa.com\/fr\/wp-json\/wp\/v2\/media?parent=8416"}],"wp:term":[{"taxonomy":"category","embeddable":true,"href":"https:\/\/www.cintasa.com\/fr\/wp-json\/wp\/v2\/categories?post=8416"},{"taxonomy":"post_tag","embeddable":true,"href":"https:\/\/www.cintasa.com\/fr\/wp-json\/wp\/v2\/tags?post=8416"}],"curies":[{"name":"wp","href":"https:\/\/api.w.org\/{rel}","templated":true}]}}