{"id":8426,"date":"2019-10-27T16:01:55","date_gmt":"2019-10-27T15:01:55","guid":{"rendered":"https:\/\/www.cintasa.com\/entreprise\/strategie-et-engagements\/"},"modified":"2020-07-28T09:44:41","modified_gmt":"2020-07-28T07:44:41","slug":"strategie-et-engagements","status":"publish","type":"page","link":"https:\/\/www.cintasa.com\/fr\/entreprise\/strategie-et-engagements\/","title":{"rendered":"Strat\u00e9gie et Engagements"},"content":{"rendered":"<section class=\"l-section wpb_row us_custom_a1ba88c0 has_text_color height_small\"><div class=\"l-section-h i-cf\"><div class=\"g-cols vc_row via_flex valign_top type_default stacking_default\"><div class=\"vc_col-sm-12 wpb_column vc_column_container\"><div class=\"vc_column-inner\"><div class=\"wpb_wrapper\"><h1 class=\"w-post-elm post_title us_custom_47ffbcae align_center entry-title color_link_inherit\">Strat\u00e9gie et Engagements<\/h1><\/div><\/div><\/div><\/div><\/div><\/section><section class=\"l-section wpb_row height_large\"><div class=\"l-section-h i-cf\"><div class=\"g-cols vc_row via_flex valign_top type_default stacking_default\"><div class=\"vc_col-sm-6 wpb_column vc_column_container\"><div class=\"vc_column-inner\"><div class=\"wpb_wrapper\"><div class=\"wpb_text_column\"><div class=\"wpb_wrapper\"><h2>Strat\u00e9gie<\/h2>\n<p>Sur la base des valeurs qui caract\u00e9risent sa trajectoire et qui continueront \u00e0 d\u00e9velopper son futur, la strat\u00e9gie \u00e0 court ou long terme de Cintasa s\u00b4articule autour des lignes de conduite suivantes:<\/p>\n<h3>Croissance<\/h3>\n<p>Continuit\u00e9 dans la croissance des diff\u00e9rentes plateformes de fabrication dans lesquelles l\u00b4entreprise jouit d\u00b4une position de premi\u00e8re ligne ainsi que d\u00b4avantages propres \u00e0 l\u00b4exp\u00e9rience et \u00e0 la productivit\u00e9 de ses nouvelles installations.<\/p>\n<h3>L\u00b4expansion au niveau international<\/h3>\n<p>Continuit\u00e9 dans la croissance et l\u00b4expansion au niveau international, profitant des opportunit\u00e9s qu\u00b4offrent les diff\u00e9rents march\u00e9s. En suivant cette ligne et bien qu\u00b4il s\u00b4agisse de march\u00e9s hautement comp\u00e9titifs, Cintasa dispose comme atouts, d\u00b4une grande exp\u00e9rience, d\u00b4une capacit\u00e9 technique et d\u00b4une disponibilit\u00e9 de ressources tant sur le point humain que sur le point mat\u00e9riel ; aspect primordial pour l\u00b4acc\u00e8s et l\u00b4expansion sur d\u00b4autres march\u00e9s.<\/p>\n<h3>Sp\u00e9cialis\u00e9s<\/h3>\n<p>Augmentation de la pr\u00e9sence de la compagnie dans des projets et des installations industrielles hautement sp\u00e9cialis\u00e9s, apportant une conception et un d\u00e9veloppement qui lui sont propres et qui sont totalement adapt\u00e9s aux besoins du client.<\/p>\n<\/div><\/div><\/div><\/div><\/div><div class=\"vc_col-sm-6 wpb_column vc_column_container\"><div class=\"vc_column-inner\"><div class=\"wpb_wrapper\"><div class=\"wpb_text_column\"><div class=\"wpb_wrapper\"><h2>Engagements<\/h2>\n<p>G\u00e9rer Cintasa en accord avec les principes de protection de l\u00b4environnement, de mani\u00e8re en les int\u00e9grant dans les d\u00e9cisions de l\u00b4entreprise. Respecter la l\u00e9gislation actuelle et am\u00e9liorer continuellement l\u00b4environnement \u00e9cologique.<\/p>\n<p>Utiliser des composants en prenant en consid\u00e9ration leur impact sur l\u00b4environnement tout au long de leur cycle de vie, et en donnant priorit\u00e9 \u00e0 l\u00b4utilisation efficace de l\u00b4\u00e9nergie, \u00e0 la compatibilit\u00e9 avec l\u00b4environnement et \u00e0 la r\u00e9utilisation ou le traitement ad\u00e9quat des mat\u00e9riaux restants et recyclables.<\/p>\n<p>Cintasa maintient un contact fluide avec les clients et les fournisseurs tenant compte des pr\u00e9occupations, des suggestions, ou des recommandations au sujet de nos engagements sociaux et environnementaux.<\/p>\n<p>Fournir \u00e0 nos clients des produits et des services conformes aux conditions clairement \u00e9tablies. Ces conditions doivent s\u00b4orienter vers le futur et garantir la satisfaction de l\u00b4utilisateur \u00e0 moyen et \u00e0 long terme.<\/p>\n<p>Am\u00e9liorer continuellement nos processus op\u00e9rants dans le but de satisfaire les attentes de tous nos clients gr\u00e2ce \u00e0 une prestation de service de confiance et de qualit\u00e9 en tous lieux et tous moments.<\/p>\n<p>Tous les employ\u00e9s et les fournisseurs de Cintasa, adopteront toujours le principe des choses bien faites d\u00e8s le d\u00e9but.<\/p>\n<p>Cintasa s\u00b4engage de mani\u00e8re d\u00e9cid\u00e9e dans la s\u00e9curit\u00e9 et la sant\u00e9 au travail, en favorisant la pr\u00e9vention.<\/p>\n<p>Nous agissons professionnellement, avec int\u00e9grit\u00e9 morale, loyaut\u00e9 et respect des personnes.<\/p>\n<p>De plus, Cintasa, dans l\u00b4intention de promouvoir des activit\u00e9s culturelles et \u00e9ducatives, maintient et renforce ann\u00e9e apr\u00e8s ann\u00e9e ses engagements avec l\u00b4universit\u00e9 de Saragosse, diff\u00e9rents Lyc\u00e9es ainsi qu\u00b4un \u00e9troit engagement de collaboration avec l\u00b4\u00e9quipe de football Utebo, F.C.<\/p>\n<\/div><\/div><\/div><\/div><\/div><\/div><\/div><\/section>\n","protected":false},"excerpt":{"rendered":"Strat\u00e9gie et EngagementsStrat\u00e9gie Sur la base des valeurs qui caract\u00e9risent sa trajectoire et qui continueront \u00e0 d\u00e9velopper son futur, la strat\u00e9gie \u00e0 court ou long terme de Cintasa s\u00b4articule autour des lignes de conduite suivantes: Croissance Continuit\u00e9 dans la croissance des diff\u00e9rentes plateformes de fabrication dans lesquelles l\u00b4entreprise jouit d\u00b4une position de premi\u00e8re ligne ainsi...","protected":false},"author":2,"featured_media":0,"parent":8423,"menu_order":0,"comment_status":"closed","ping_status":"closed","template":"","meta":{"_acf_changed":false,"footnotes":""},"categories":[],"tags":[],"class_list":["post-8426","page","type-page","status-publish","hentry"],"acf":[],"yoast_head":"<!-- This site is optimized with the Yoast SEO plugin v27.3 - https:\/\/yoast.com\/product\/yoast-seo-wordpress\/ -->\n<title>Strat\u00e9gie et Engagements | Cintasa.com<\/title>\n<meta name=\"description\" content=\"Strat\u00e9gie et Engagements | Cintasa.com %\" \/>\n<meta name=\"robots\" content=\"index, follow, max-snippet:-1, max-image-preview:large, max-video-preview:-1\" \/>\n<link rel=\"canonical\" href=\"https:\/\/www.cintasa.com\/fr\/entreprise\/strategie-et-engagements\/\" \/>\n<meta property=\"og:locale\" content=\"fr_FR\" \/>\n<meta property=\"og:type\" content=\"article\" \/>\n<meta property=\"og:title\" content=\"Strat\u00e9gie et Engagements | Cintasa.com\" \/>\n<meta property=\"og:description\" content=\"Strat\u00e9gie et Engagements | Cintasa.com %\" \/>\n<meta property=\"og:url\" content=\"https:\/\/www.cintasa.com\/fr\/entreprise\/strategie-et-engagements\/\" \/>\n<meta property=\"og:site_name\" content=\"Cintasa.com\" \/>\n<meta property=\"article:publisher\" content=\"https:\/\/www.facebook.com\/Cintasa.Spain\" \/>\n<meta property=\"article:modified_time\" content=\"2020-07-28T07:44:41+00:00\" \/>\n<meta name=\"twitter:card\" content=\"summary_large_image\" \/>\n<meta name=\"twitter:site\" content=\"@cintasa_sa\" \/>\n<meta name=\"twitter:label1\" content=\"Dur\u00e9e de lecture estim\u00e9e\" \/>\n\t<meta name=\"twitter:data1\" content=\"3 minutes\" \/>\n<script type=\"application\/ld+json\" class=\"yoast-schema-graph\">{\"@context\":\"https:\\\/\\\/schema.org\",\"@graph\":[{\"@type\":\"WebPage\",\"@id\":\"https:\\\/\\\/www.cintasa.com\\\/fr\\\/entreprise\\\/strategie-et-engagements\\\/\",\"url\":\"https:\\\/\\\/www.cintasa.com\\\/fr\\\/entreprise\\\/strategie-et-engagements\\\/\",\"name\":\"Strat\u00e9gie et Engagements | Cintasa.com\",\"isPartOf\":{\"@id\":\"https:\\\/\\\/www.cintasa.com\\\/fr\\\/#website\"},\"datePublished\":\"2019-10-27T15:01:55+00:00\",\"dateModified\":\"2020-07-28T07:44:41+00:00\",\"description\":\"Strat\u00e9gie et Engagements | Cintasa.com %\",\"breadcrumb\":{\"@id\":\"https:\\\/\\\/www.cintasa.com\\\/fr\\\/entreprise\\\/strategie-et-engagements\\\/#breadcrumb\"},\"inLanguage\":\"fr-FR\",\"potentialAction\":[{\"@type\":\"ReadAction\",\"target\":[\"https:\\\/\\\/www.cintasa.com\\\/fr\\\/entreprise\\\/strategie-et-engagements\\\/\"]}]},{\"@type\":\"BreadcrumbList\",\"@id\":\"https:\\\/\\\/www.cintasa.com\\\/fr\\\/entreprise\\\/strategie-et-engagements\\\/#breadcrumb\",\"itemListElement\":[{\"@type\":\"ListItem\",\"position\":1,\"name\":\"Portada\",\"item\":\"https:\\\/\\\/www.cintasa.com\\\/fr\\\/\"},{\"@type\":\"ListItem\",\"position\":2,\"name\":\"Entreprise\",\"item\":\"https:\\\/\\\/www.cintasa.com\\\/fr\\\/entreprise\\\/\"},{\"@type\":\"ListItem\",\"position\":3,\"name\":\"Strat\u00e9gie et Engagements\"}]},{\"@type\":\"WebSite\",\"@id\":\"https:\\\/\\\/www.cintasa.com\\\/fr\\\/#website\",\"url\":\"https:\\\/\\\/www.cintasa.com\\\/fr\\\/\",\"name\":\"Cintasa.com\",\"description\":\"M\u00e1xima experiencia transportando soluciones\",\"publisher\":{\"@id\":\"https:\\\/\\\/www.cintasa.com\\\/fr\\\/#organization\"},\"potentialAction\":[{\"@type\":\"SearchAction\",\"target\":{\"@type\":\"EntryPoint\",\"urlTemplate\":\"https:\\\/\\\/www.cintasa.com\\\/fr\\\/?s={search_term_string}\"},\"query-input\":{\"@type\":\"PropertyValueSpecification\",\"valueRequired\":true,\"valueName\":\"search_term_string\"}}],\"inLanguage\":\"fr-FR\"},{\"@type\":\"Organization\",\"@id\":\"https:\\\/\\\/www.cintasa.com\\\/fr\\\/#organization\",\"name\":\"Cintasa\",\"url\":\"https:\\\/\\\/www.cintasa.com\\\/fr\\\/\",\"logo\":{\"@type\":\"ImageObject\",\"inLanguage\":\"fr-FR\",\"@id\":\"https:\\\/\\\/www.cintasa.com\\\/fr\\\/#\\\/schema\\\/logo\\\/image\\\/\",\"url\":\"https:\\\/\\\/www.cintasa.com\\\/wp-content\\\/uploads\\\/2019\\\/10\\\/Logo-cintasa.png\",\"contentUrl\":\"https:\\\/\\\/www.cintasa.com\\\/wp-content\\\/uploads\\\/2019\\\/10\\\/Logo-cintasa.png\",\"width\":145,\"height\":113,\"caption\":\"Cintasa\"},\"image\":{\"@id\":\"https:\\\/\\\/www.cintasa.com\\\/fr\\\/#\\\/schema\\\/logo\\\/image\\\/\"},\"sameAs\":[\"https:\\\/\\\/www.facebook.com\\\/Cintasa.Spain\",\"https:\\\/\\\/x.com\\\/cintasa_sa\",\"https:\\\/\\\/www.linkedin.com\\\/company\\\/cintasa-s-a-\",\"https:\\\/\\\/www.youtube.com\\\/channel\\\/UCp1Rvyd3fJL__DeL5-ojeFQ\"]}]}<\/script>\n<!-- \/ Yoast SEO plugin. -->","yoast_head_json":{"title":"Strat\u00e9gie et Engagements | Cintasa.com","description":"Strat\u00e9gie et Engagements | Cintasa.com %","robots":{"index":"index","follow":"follow","max-snippet":"max-snippet:-1","max-image-preview":"max-image-preview:large","max-video-preview":"max-video-preview:-1"},"canonical":"https:\/\/www.cintasa.com\/fr\/entreprise\/strategie-et-engagements\/","og_locale":"fr_FR","og_type":"article","og_title":"Strat\u00e9gie et Engagements | Cintasa.com","og_description":"Strat\u00e9gie et Engagements | Cintasa.com %","og_url":"https:\/\/www.cintasa.com\/fr\/entreprise\/strategie-et-engagements\/","og_site_name":"Cintasa.com","article_publisher":"https:\/\/www.facebook.com\/Cintasa.Spain","article_modified_time":"2020-07-28T07:44:41+00:00","twitter_card":"summary_large_image","twitter_site":"@cintasa_sa","twitter_misc":{"Dur\u00e9e de lecture estim\u00e9e":"3 minutes"},"schema":{"@context":"https:\/\/schema.org","@graph":[{"@type":"WebPage","@id":"https:\/\/www.cintasa.com\/fr\/entreprise\/strategie-et-engagements\/","url":"https:\/\/www.cintasa.com\/fr\/entreprise\/strategie-et-engagements\/","name":"Strat\u00e9gie et Engagements | Cintasa.com","isPartOf":{"@id":"https:\/\/www.cintasa.com\/fr\/#website"},"datePublished":"2019-10-27T15:01:55+00:00","dateModified":"2020-07-28T07:44:41+00:00","description":"Strat\u00e9gie et Engagements | Cintasa.com %","breadcrumb":{"@id":"https:\/\/www.cintasa.com\/fr\/entreprise\/strategie-et-engagements\/#breadcrumb"},"inLanguage":"fr-FR","potentialAction":[{"@type":"ReadAction","target":["https:\/\/www.cintasa.com\/fr\/entreprise\/strategie-et-engagements\/"]}]},{"@type":"BreadcrumbList","@id":"https:\/\/www.cintasa.com\/fr\/entreprise\/strategie-et-engagements\/#breadcrumb","itemListElement":[{"@type":"ListItem","position":1,"name":"Portada","item":"https:\/\/www.cintasa.com\/fr\/"},{"@type":"ListItem","position":2,"name":"Entreprise","item":"https:\/\/www.cintasa.com\/fr\/entreprise\/"},{"@type":"ListItem","position":3,"name":"Strat\u00e9gie et Engagements"}]},{"@type":"WebSite","@id":"https:\/\/www.cintasa.com\/fr\/#website","url":"https:\/\/www.cintasa.com\/fr\/","name":"Cintasa.com","description":"M\u00e1xima experiencia transportando soluciones","publisher":{"@id":"https:\/\/www.cintasa.com\/fr\/#organization"},"potentialAction":[{"@type":"SearchAction","target":{"@type":"EntryPoint","urlTemplate":"https:\/\/www.cintasa.com\/fr\/?s={search_term_string}"},"query-input":{"@type":"PropertyValueSpecification","valueRequired":true,"valueName":"search_term_string"}}],"inLanguage":"fr-FR"},{"@type":"Organization","@id":"https:\/\/www.cintasa.com\/fr\/#organization","name":"Cintasa","url":"https:\/\/www.cintasa.com\/fr\/","logo":{"@type":"ImageObject","inLanguage":"fr-FR","@id":"https:\/\/www.cintasa.com\/fr\/#\/schema\/logo\/image\/","url":"https:\/\/www.cintasa.com\/wp-content\/uploads\/2019\/10\/Logo-cintasa.png","contentUrl":"https:\/\/www.cintasa.com\/wp-content\/uploads\/2019\/10\/Logo-cintasa.png","width":145,"height":113,"caption":"Cintasa"},"image":{"@id":"https:\/\/www.cintasa.com\/fr\/#\/schema\/logo\/image\/"},"sameAs":["https:\/\/www.facebook.com\/Cintasa.Spain","https:\/\/x.com\/cintasa_sa","https:\/\/www.linkedin.com\/company\/cintasa-s-a-","https:\/\/www.youtube.com\/channel\/UCp1Rvyd3fJL__DeL5-ojeFQ"]}]}},"_links":{"self":[{"href":"https:\/\/www.cintasa.com\/fr\/wp-json\/wp\/v2\/pages\/8426","targetHints":{"allow":["GET"]}}],"collection":[{"href":"https:\/\/www.cintasa.com\/fr\/wp-json\/wp\/v2\/pages"}],"about":[{"href":"https:\/\/www.cintasa.com\/fr\/wp-json\/wp\/v2\/types\/page"}],"author":[{"embeddable":true,"href":"https:\/\/www.cintasa.com\/fr\/wp-json\/wp\/v2\/users\/2"}],"replies":[{"embeddable":true,"href":"https:\/\/www.cintasa.com\/fr\/wp-json\/wp\/v2\/comments?post=8426"}],"version-history":[{"count":2,"href":"https:\/\/www.cintasa.com\/fr\/wp-json\/wp\/v2\/pages\/8426\/revisions"}],"predecessor-version":[{"id":10484,"href":"https:\/\/www.cintasa.com\/fr\/wp-json\/wp\/v2\/pages\/8426\/revisions\/10484"}],"up":[{"embeddable":true,"href":"https:\/\/www.cintasa.com\/fr\/wp-json\/wp\/v2\/pages\/8423"}],"wp:attachment":[{"href":"https:\/\/www.cintasa.com\/fr\/wp-json\/wp\/v2\/media?parent=8426"}],"wp:term":[{"taxonomy":"category","embeddable":true,"href":"https:\/\/www.cintasa.com\/fr\/wp-json\/wp\/v2\/categories?post=8426"},{"taxonomy":"post_tag","embeddable":true,"href":"https:\/\/www.cintasa.com\/fr\/wp-json\/wp\/v2\/tags?post=8426"}],"curies":[{"name":"wp","href":"https:\/\/api.w.org\/{rel}","templated":true}]}}