{"id":8478,"date":"2019-10-26T09:17:30","date_gmt":"2019-10-26T07:17:30","guid":{"rendered":"https:\/\/www.cintasa.com\/produits\/alimentateurs\/alimentador-de-placa\/"},"modified":"2025-05-23T10:28:42","modified_gmt":"2025-05-23T08:28:42","slug":"alimentador-de-placa","status":"publish","type":"page","link":"https:\/\/www.cintasa.com\/fr\/produits\/alimentateurs\/alimentador-de-placa\/","title":{"rendered":"Alimentateur plaque m\u00e9tallique"},"content":{"rendered":"<div class=\"vc_row wpb_row vc_inner vc_row-fluid\">\n<div class=\"wpb_column vc_column_container vc_col-sm-12\">\n<div class=\"vc_column-inner \">\n<div class=\"wpb_wrapper\">\n<div class=\"wpb_text_column wpb_content_element \">\n<div class=\"wpb_wrapper\">\n<div class=\"wpb_text_column wpb_content_element \">\n<div class=\"wpb_wrapper\">\n<p>Le tapis alimentant \u00e0 plaques m\u00e9talliques est caract\u00e9ris\u00e9 principalement par sa grande robustesse et sa grande s\u00e9curit\u00e9, permettant de r\u00e9aliser des alimentations optimales et uniformes du produit pendant les diff\u00e9rents processus.<\/p>\n<p>Ch\u00e2ssis compos\u00e9 par deux profils de t\u00f4le en forme de U, \u00e9tay\u00e9s longitudinalement et horizontalement qui forment un treillis horizontal soud\u00e9 et viss\u00e9. Sur cette structure, sur les deux profils, se fixent les appuis m\u00e9talliques correspondants pour le support des cha\u00eenes d\u00b4entra\u00eenement.<\/p>\n<p>Les axes moteurs et tenseurs se fixent au ch\u00e2ssis principal au moyen de supports SN \u00e0 roulements. Fix\u00e9s \u00e0 ces essieux et \u00e0 chaque extr\u00e9mit\u00e9, se situent les roues dent\u00e9es, fix\u00e9es aux essieux au moyen d\u00b4anneaux d\u00b4expansion.<\/p>\n<p>Les deux cha\u00eenes sont pourvues d\u00b4ailettes lat\u00e9rales, c\u00f4te \u00e0 c\u00f4te, pour la fixation au moyen de rivets des plaques m\u00e9talliques de transport.<\/p>\n<p>Le transport du mat\u00e9riel se r\u00e9alise sur les plaques d\u00b4entra\u00eenement m\u00e9talliques, facilement substituables qui ont sur leur partie sup\u00e9rieure des entra\u00eeneurs pour une meilleure circulation du produit, agissant ainsi en renfort de la plaque.<\/p>\n<p>La largeur des plaques, la capacit\u00e9 et la vitesse de transport d\u00e9pendront du produit et des besoins sp\u00e9cifiques de chaque installation.<\/p>\n<p>Capacit\u00e9 de transport maximum, en fonction des densit\u00e9s, autour des 1200 T\/h.<\/p>\n<\/div>\n<\/div>\n<\/div>\n<\/div>\n<\/div>\n<\/div>\n<\/div>\n<\/div>\n","protected":false},"excerpt":{"rendered":"<p>Le tapis alimentant \u00e0 plaques m\u00e9talliques est caract\u00e9ris\u00e9 principalement par sa grande robustesse et sa grande s\u00e9curit\u00e9, permettant de r\u00e9aliser des alimentations optimales et uniformes du produit pendant les diff\u00e9rents processus. Ch\u00e2ssis compos\u00e9 par deux profils de t\u00f4le en forme de U, \u00e9tay\u00e9s longitudinalement et horizontalement qui forment un treillis horizontal soud\u00e9 et viss\u00e9. Sur&#8230;<\/p>\n","protected":false},"author":2,"featured_media":6398,"parent":8441,"menu_order":0,"comment_status":"closed","ping_status":"closed","template":"","meta":{"_acf_changed":false,"footnotes":""},"categories":[69],"tags":[59,66],"class_list":["post-8478","page","type-page","status-publish","has-post-thumbnail","hentry","category-produits-catalogue","tag-alimentateurs","tag-produits"],"acf":[],"yoast_head":"<!-- This site is optimized with the Yoast SEO plugin v27.3 - https:\/\/yoast.com\/product\/yoast-seo-wordpress\/ -->\n<title>Alimentateur plaque m\u00e9tallique | Cintasa.com<\/title>\n<meta name=\"description\" content=\"Alimentateur plaque m\u00e9tallique | Cintasa.com %\" \/>\n<meta name=\"robots\" content=\"index, follow, max-snippet:-1, max-image-preview:large, max-video-preview:-1\" \/>\n<link rel=\"canonical\" href=\"https:\/\/www.cintasa.com\/fr\/produits\/alimentateurs\/alimentador-de-placa\/\" \/>\n<meta property=\"og:locale\" content=\"fr_FR\" \/>\n<meta property=\"og:type\" content=\"article\" \/>\n<meta property=\"og:title\" content=\"Alimentateur plaque m\u00e9tallique | Cintasa.com\" \/>\n<meta property=\"og:description\" content=\"Alimentateur plaque m\u00e9tallique | Cintasa.com %\" \/>\n<meta property=\"og:url\" content=\"https:\/\/www.cintasa.com\/fr\/produits\/alimentateurs\/alimentador-de-placa\/\" \/>\n<meta property=\"og:site_name\" content=\"Cintasa.com\" \/>\n<meta property=\"article:publisher\" content=\"https:\/\/www.facebook.com\/Cintasa.Spain\" \/>\n<meta property=\"article:modified_time\" content=\"2025-05-23T08:28:42+00:00\" \/>\n<meta property=\"og:image\" content=\"https:\/\/www.cintasa.com\/wp-content\/uploads\/2019\/10\/alimentador-placas_i_2.jpg\" \/>\n\t<meta property=\"og:image:width\" content=\"500\" \/>\n\t<meta property=\"og:image:height\" content=\"375\" \/>\n\t<meta property=\"og:image:type\" content=\"image\/jpeg\" \/>\n<meta name=\"twitter:card\" content=\"summary_large_image\" \/>\n<meta name=\"twitter:site\" content=\"@cintasa_sa\" \/>\n<meta name=\"twitter:label1\" content=\"Dur\u00e9e de lecture estim\u00e9e\" \/>\n\t<meta name=\"twitter:data1\" content=\"1 minute\" \/>\n<script type=\"application\/ld+json\" class=\"yoast-schema-graph\">{\"@context\":\"https:\\\/\\\/schema.org\",\"@graph\":[{\"@type\":\"WebPage\",\"@id\":\"https:\\\/\\\/www.cintasa.com\\\/fr\\\/produits\\\/alimentateurs\\\/alimentador-de-placa\\\/\",\"url\":\"https:\\\/\\\/www.cintasa.com\\\/fr\\\/produits\\\/alimentateurs\\\/alimentador-de-placa\\\/\",\"name\":\"Alimentateur plaque m\u00e9tallique | Cintasa.com\",\"isPartOf\":{\"@id\":\"https:\\\/\\\/www.cintasa.com\\\/fr\\\/#website\"},\"primaryImageOfPage\":{\"@id\":\"https:\\\/\\\/www.cintasa.com\\\/fr\\\/produits\\\/alimentateurs\\\/alimentador-de-placa\\\/#primaryimage\"},\"image\":{\"@id\":\"https:\\\/\\\/www.cintasa.com\\\/fr\\\/produits\\\/alimentateurs\\\/alimentador-de-placa\\\/#primaryimage\"},\"thumbnailUrl\":\"https:\\\/\\\/www.cintasa.com\\\/wp-content\\\/uploads\\\/2019\\\/10\\\/alimentador-placas_i_2.jpg\",\"datePublished\":\"2019-10-26T07:17:30+00:00\",\"dateModified\":\"2025-05-23T08:28:42+00:00\",\"description\":\"Alimentateur plaque m\u00e9tallique | Cintasa.com %\",\"breadcrumb\":{\"@id\":\"https:\\\/\\\/www.cintasa.com\\\/fr\\\/produits\\\/alimentateurs\\\/alimentador-de-placa\\\/#breadcrumb\"},\"inLanguage\":\"fr-FR\",\"potentialAction\":[{\"@type\":\"ReadAction\",\"target\":[\"https:\\\/\\\/www.cintasa.com\\\/fr\\\/produits\\\/alimentateurs\\\/alimentador-de-placa\\\/\"]}]},{\"@type\":\"ImageObject\",\"inLanguage\":\"fr-FR\",\"@id\":\"https:\\\/\\\/www.cintasa.com\\\/fr\\\/produits\\\/alimentateurs\\\/alimentador-de-placa\\\/#primaryimage\",\"url\":\"https:\\\/\\\/www.cintasa.com\\\/wp-content\\\/uploads\\\/2019\\\/10\\\/alimentador-placas_i_2.jpg\",\"contentUrl\":\"https:\\\/\\\/www.cintasa.com\\\/wp-content\\\/uploads\\\/2019\\\/10\\\/alimentador-placas_i_2.jpg\",\"width\":500,\"height\":375},{\"@type\":\"BreadcrumbList\",\"@id\":\"https:\\\/\\\/www.cintasa.com\\\/fr\\\/produits\\\/alimentateurs\\\/alimentador-de-placa\\\/#breadcrumb\",\"itemListElement\":[{\"@type\":\"ListItem\",\"position\":1,\"name\":\"Portada\",\"item\":\"https:\\\/\\\/www.cintasa.com\\\/fr\\\/\"},{\"@type\":\"ListItem\",\"position\":2,\"name\":\"Produits\",\"item\":\"https:\\\/\\\/www.cintasa.com\\\/fr\\\/produits\\\/\"},{\"@type\":\"ListItem\",\"position\":3,\"name\":\"Alimentateurs\",\"item\":\"https:\\\/\\\/www.cintasa.com\\\/fr\\\/productos\\\/alimentadores\\\/\"},{\"@type\":\"ListItem\",\"position\":4,\"name\":\"Alimentateur plaque m\u00e9tallique\"}]},{\"@type\":\"WebSite\",\"@id\":\"https:\\\/\\\/www.cintasa.com\\\/fr\\\/#website\",\"url\":\"https:\\\/\\\/www.cintasa.com\\\/fr\\\/\",\"name\":\"Cintasa.com\",\"description\":\"M\u00e1xima experiencia transportando soluciones\",\"publisher\":{\"@id\":\"https:\\\/\\\/www.cintasa.com\\\/fr\\\/#organization\"},\"potentialAction\":[{\"@type\":\"SearchAction\",\"target\":{\"@type\":\"EntryPoint\",\"urlTemplate\":\"https:\\\/\\\/www.cintasa.com\\\/fr\\\/?s={search_term_string}\"},\"query-input\":{\"@type\":\"PropertyValueSpecification\",\"valueRequired\":true,\"valueName\":\"search_term_string\"}}],\"inLanguage\":\"fr-FR\"},{\"@type\":\"Organization\",\"@id\":\"https:\\\/\\\/www.cintasa.com\\\/fr\\\/#organization\",\"name\":\"Cintasa\",\"url\":\"https:\\\/\\\/www.cintasa.com\\\/fr\\\/\",\"logo\":{\"@type\":\"ImageObject\",\"inLanguage\":\"fr-FR\",\"@id\":\"https:\\\/\\\/www.cintasa.com\\\/fr\\\/#\\\/schema\\\/logo\\\/image\\\/\",\"url\":\"https:\\\/\\\/www.cintasa.com\\\/wp-content\\\/uploads\\\/2019\\\/10\\\/Logo-cintasa.png\",\"contentUrl\":\"https:\\\/\\\/www.cintasa.com\\\/wp-content\\\/uploads\\\/2019\\\/10\\\/Logo-cintasa.png\",\"width\":145,\"height\":113,\"caption\":\"Cintasa\"},\"image\":{\"@id\":\"https:\\\/\\\/www.cintasa.com\\\/fr\\\/#\\\/schema\\\/logo\\\/image\\\/\"},\"sameAs\":[\"https:\\\/\\\/www.facebook.com\\\/Cintasa.Spain\",\"https:\\\/\\\/x.com\\\/cintasa_sa\",\"https:\\\/\\\/www.linkedin.com\\\/company\\\/cintasa-s-a-\",\"https:\\\/\\\/www.youtube.com\\\/channel\\\/UCp1Rvyd3fJL__DeL5-ojeFQ\"]}]}<\/script>\n<!-- \/ Yoast SEO plugin. -->","yoast_head_json":{"title":"Alimentateur plaque m\u00e9tallique | Cintasa.com","description":"Alimentateur plaque m\u00e9tallique | Cintasa.com %","robots":{"index":"index","follow":"follow","max-snippet":"max-snippet:-1","max-image-preview":"max-image-preview:large","max-video-preview":"max-video-preview:-1"},"canonical":"https:\/\/www.cintasa.com\/fr\/produits\/alimentateurs\/alimentador-de-placa\/","og_locale":"fr_FR","og_type":"article","og_title":"Alimentateur plaque m\u00e9tallique | Cintasa.com","og_description":"Alimentateur plaque m\u00e9tallique | Cintasa.com %","og_url":"https:\/\/www.cintasa.com\/fr\/produits\/alimentateurs\/alimentador-de-placa\/","og_site_name":"Cintasa.com","article_publisher":"https:\/\/www.facebook.com\/Cintasa.Spain","article_modified_time":"2025-05-23T08:28:42+00:00","og_image":[{"width":500,"height":375,"url":"https:\/\/www.cintasa.com\/wp-content\/uploads\/2019\/10\/alimentador-placas_i_2.jpg","type":"image\/jpeg"}],"twitter_card":"summary_large_image","twitter_site":"@cintasa_sa","twitter_misc":{"Dur\u00e9e de lecture estim\u00e9e":"1 minute"},"schema":{"@context":"https:\/\/schema.org","@graph":[{"@type":"WebPage","@id":"https:\/\/www.cintasa.com\/fr\/produits\/alimentateurs\/alimentador-de-placa\/","url":"https:\/\/www.cintasa.com\/fr\/produits\/alimentateurs\/alimentador-de-placa\/","name":"Alimentateur plaque m\u00e9tallique | Cintasa.com","isPartOf":{"@id":"https:\/\/www.cintasa.com\/fr\/#website"},"primaryImageOfPage":{"@id":"https:\/\/www.cintasa.com\/fr\/produits\/alimentateurs\/alimentador-de-placa\/#primaryimage"},"image":{"@id":"https:\/\/www.cintasa.com\/fr\/produits\/alimentateurs\/alimentador-de-placa\/#primaryimage"},"thumbnailUrl":"https:\/\/www.cintasa.com\/wp-content\/uploads\/2019\/10\/alimentador-placas_i_2.jpg","datePublished":"2019-10-26T07:17:30+00:00","dateModified":"2025-05-23T08:28:42+00:00","description":"Alimentateur plaque m\u00e9tallique | Cintasa.com %","breadcrumb":{"@id":"https:\/\/www.cintasa.com\/fr\/produits\/alimentateurs\/alimentador-de-placa\/#breadcrumb"},"inLanguage":"fr-FR","potentialAction":[{"@type":"ReadAction","target":["https:\/\/www.cintasa.com\/fr\/produits\/alimentateurs\/alimentador-de-placa\/"]}]},{"@type":"ImageObject","inLanguage":"fr-FR","@id":"https:\/\/www.cintasa.com\/fr\/produits\/alimentateurs\/alimentador-de-placa\/#primaryimage","url":"https:\/\/www.cintasa.com\/wp-content\/uploads\/2019\/10\/alimentador-placas_i_2.jpg","contentUrl":"https:\/\/www.cintasa.com\/wp-content\/uploads\/2019\/10\/alimentador-placas_i_2.jpg","width":500,"height":375},{"@type":"BreadcrumbList","@id":"https:\/\/www.cintasa.com\/fr\/produits\/alimentateurs\/alimentador-de-placa\/#breadcrumb","itemListElement":[{"@type":"ListItem","position":1,"name":"Portada","item":"https:\/\/www.cintasa.com\/fr\/"},{"@type":"ListItem","position":2,"name":"Produits","item":"https:\/\/www.cintasa.com\/fr\/produits\/"},{"@type":"ListItem","position":3,"name":"Alimentateurs","item":"https:\/\/www.cintasa.com\/fr\/productos\/alimentadores\/"},{"@type":"ListItem","position":4,"name":"Alimentateur plaque m\u00e9tallique"}]},{"@type":"WebSite","@id":"https:\/\/www.cintasa.com\/fr\/#website","url":"https:\/\/www.cintasa.com\/fr\/","name":"Cintasa.com","description":"M\u00e1xima experiencia transportando soluciones","publisher":{"@id":"https:\/\/www.cintasa.com\/fr\/#organization"},"potentialAction":[{"@type":"SearchAction","target":{"@type":"EntryPoint","urlTemplate":"https:\/\/www.cintasa.com\/fr\/?s={search_term_string}"},"query-input":{"@type":"PropertyValueSpecification","valueRequired":true,"valueName":"search_term_string"}}],"inLanguage":"fr-FR"},{"@type":"Organization","@id":"https:\/\/www.cintasa.com\/fr\/#organization","name":"Cintasa","url":"https:\/\/www.cintasa.com\/fr\/","logo":{"@type":"ImageObject","inLanguage":"fr-FR","@id":"https:\/\/www.cintasa.com\/fr\/#\/schema\/logo\/image\/","url":"https:\/\/www.cintasa.com\/wp-content\/uploads\/2019\/10\/Logo-cintasa.png","contentUrl":"https:\/\/www.cintasa.com\/wp-content\/uploads\/2019\/10\/Logo-cintasa.png","width":145,"height":113,"caption":"Cintasa"},"image":{"@id":"https:\/\/www.cintasa.com\/fr\/#\/schema\/logo\/image\/"},"sameAs":["https:\/\/www.facebook.com\/Cintasa.Spain","https:\/\/x.com\/cintasa_sa","https:\/\/www.linkedin.com\/company\/cintasa-s-a-","https:\/\/www.youtube.com\/channel\/UCp1Rvyd3fJL__DeL5-ojeFQ"]}]}},"_links":{"self":[{"href":"https:\/\/www.cintasa.com\/fr\/wp-json\/wp\/v2\/pages\/8478","targetHints":{"allow":["GET"]}}],"collection":[{"href":"https:\/\/www.cintasa.com\/fr\/wp-json\/wp\/v2\/pages"}],"about":[{"href":"https:\/\/www.cintasa.com\/fr\/wp-json\/wp\/v2\/types\/page"}],"author":[{"embeddable":true,"href":"https:\/\/www.cintasa.com\/fr\/wp-json\/wp\/v2\/users\/2"}],"replies":[{"embeddable":true,"href":"https:\/\/www.cintasa.com\/fr\/wp-json\/wp\/v2\/comments?post=8478"}],"version-history":[{"count":5,"href":"https:\/\/www.cintasa.com\/fr\/wp-json\/wp\/v2\/pages\/8478\/revisions"}],"predecessor-version":[{"id":12948,"href":"https:\/\/www.cintasa.com\/fr\/wp-json\/wp\/v2\/pages\/8478\/revisions\/12948"}],"up":[{"embeddable":true,"href":"https:\/\/www.cintasa.com\/fr\/wp-json\/wp\/v2\/pages\/8441"}],"wp:featuredmedia":[{"embeddable":true,"href":"https:\/\/www.cintasa.com\/fr\/wp-json\/wp\/v2\/media\/6398"}],"wp:attachment":[{"href":"https:\/\/www.cintasa.com\/fr\/wp-json\/wp\/v2\/media?parent=8478"}],"wp:term":[{"taxonomy":"category","embeddable":true,"href":"https:\/\/www.cintasa.com\/fr\/wp-json\/wp\/v2\/categories?post=8478"},{"taxonomy":"post_tag","embeddable":true,"href":"https:\/\/www.cintasa.com\/fr\/wp-json\/wp\/v2\/tags?post=8478"}],"curies":[{"name":"wp","href":"https:\/\/api.w.org\/{rel}","templated":true}]}}