{"id":8487,"date":"2019-10-26T23:09:16","date_gmt":"2019-10-26T21:09:16","guid":{"rendered":"https:\/\/www.cintasa.com\/produits\/alimentateurs\/alimentador-vibrante\/"},"modified":"2025-05-23T10:34:14","modified_gmt":"2025-05-23T08:34:14","slug":"alimentateur-vibrant","status":"publish","type":"page","link":"https:\/\/www.cintasa.com\/fr\/produits\/alimentateurs\/alimentateur-vibrant\/","title":{"rendered":"Alimentateur vibrant"},"content":{"rendered":"<div class=\"vc_row wpb_row vc_inner vc_row-fluid\">\n<div class=\"wpb_column vc_column_container vc_col-sm-12\">\n<div class=\"vc_column-inner \">\n<div class=\"wpb_wrapper\">\n<div class=\"wpb_text_column wpb_content_element \">\n<div class=\"wpb_wrapper\">\n<p>Le alimentateur vibrant test caract\u00e9ris\u00e9 principalement para son alimentation optimale et uniforme du produit aux diff\u00e9rents processus.\u00a0\u00a0<strong><br \/>\n<\/strong><\/p>\n<p>Les alimentateurs vibrants sont fondamentalement utilis\u00e9s pour l\u2019extraction des mat\u00e9riels en vrac stock\u00e9s dans tr\u00e9mies, silos, ou les approvisionnements. Plac\u00e9s dans la zonede sortie, normalement avec certain angle d\u2019inclination positive et r\u00e9glable selon le flux n\u00e9cessaire de mat\u00e9riel. Avec la possibilit\u00e9 de r\u00e9gler le d\u00e9bit pendant l\u00b4arr\u00eat\u00e9 en modifiant l\u2019excentricit\u00e9 des masses des motovibrateurs, dot\u00e9s d\u2019un cardan pourvu d\u2019\u00e9chelle dans continu. En charge, la r\u00e9gulation est r\u00e9alis\u00e9e avec des variateurs de fr\u00e9quence.<\/p>\n<p>En option,\u00a0des accessoires peuvent \u00eatre fournis comme: tube de connection \u00e0 la sortie de la tr\u00e9mie, fermetures en caoutchouc, tranchet, structure portante et aussi les fermetures de barres sup\u00e9rieures, etc.<\/p>\n<p>Le largeur du plateau , de la capacit\u00e9 et la vitesse de transport d\u00e9pendront du produit et des n\u00e9cessit\u00e9s sp\u00e9cifiques de chaque installation.<\/p>\n<\/div>\n<\/div>\n<\/div>\n<\/div>\n<\/div>\n<\/div>\n","protected":false},"excerpt":{"rendered":"<p>Le alimentateur vibrant test caract\u00e9ris\u00e9 principalement para son alimentation optimale et uniforme du produit aux diff\u00e9rents processus.\u00a0\u00a0 Les alimentateurs vibrants sont fondamentalement utilis\u00e9s pour l\u2019extraction des mat\u00e9riels en vrac stock\u00e9s dans tr\u00e9mies, silos, ou les approvisionnements. Plac\u00e9s dans la zonede sortie, normalement avec certain angle d\u2019inclination positive et r\u00e9glable selon le flux n\u00e9cessaire de mat\u00e9riel&#8230;.<\/p>\n","protected":false},"author":2,"featured_media":6428,"parent":8441,"menu_order":0,"comment_status":"closed","ping_status":"closed","template":"","meta":{"_acf_changed":false,"footnotes":""},"categories":[69],"tags":[59,66],"class_list":["post-8487","page","type-page","status-publish","has-post-thumbnail","hentry","category-produits-catalogue","tag-alimentateurs","tag-produits"],"acf":[],"yoast_head":"<!-- This site is optimized with the Yoast SEO plugin v27.5 - https:\/\/yoast.com\/product\/yoast-seo-wordpress\/ -->\n<title>Alimentateur vibrant | Cintasa.com<\/title>\n<meta name=\"description\" content=\"Alimentateur vibrant | Cintasa.com %\" \/>\n<meta name=\"robots\" content=\"index, follow, max-snippet:-1, max-image-preview:large, max-video-preview:-1\" \/>\n<link rel=\"canonical\" href=\"https:\/\/www.cintasa.com\/fr\/produits\/alimentateurs\/alimentateur-vibrant\/\" \/>\n<meta property=\"og:locale\" content=\"fr_FR\" \/>\n<meta property=\"og:type\" content=\"article\" \/>\n<meta property=\"og:title\" content=\"Alimentateur vibrant | Cintasa.com\" \/>\n<meta property=\"og:description\" content=\"Alimentateur vibrant | Cintasa.com %\" \/>\n<meta property=\"og:url\" content=\"https:\/\/www.cintasa.com\/fr\/produits\/alimentateurs\/alimentateur-vibrant\/\" \/>\n<meta property=\"og:site_name\" content=\"Cintasa.com\" \/>\n<meta property=\"article:publisher\" content=\"https:\/\/www.facebook.com\/Cintasa.Spain\" \/>\n<meta property=\"article:modified_time\" content=\"2025-05-23T08:34:14+00:00\" \/>\n<meta property=\"og:image\" content=\"https:\/\/www.cintasa.com\/wp-content\/uploads\/2019\/10\/DSC07126.png\" \/>\n\t<meta property=\"og:image:width\" content=\"500\" \/>\n\t<meta property=\"og:image:height\" content=\"375\" \/>\n\t<meta property=\"og:image:type\" content=\"image\/png\" \/>\n<meta name=\"twitter:card\" content=\"summary_large_image\" \/>\n<meta name=\"twitter:site\" content=\"@cintasa_sa\" \/>\n<meta name=\"twitter:label1\" content=\"Dur\u00e9e de lecture estim\u00e9e\" \/>\n\t<meta name=\"twitter:data1\" content=\"1 minute\" \/>\n<script type=\"application\/ld+json\" class=\"yoast-schema-graph\">{\"@context\":\"https:\\\/\\\/schema.org\",\"@graph\":[{\"@type\":\"WebPage\",\"@id\":\"https:\\\/\\\/www.cintasa.com\\\/fr\\\/produits\\\/alimentateurs\\\/alimentateur-vibrant\\\/\",\"url\":\"https:\\\/\\\/www.cintasa.com\\\/fr\\\/produits\\\/alimentateurs\\\/alimentateur-vibrant\\\/\",\"name\":\"Alimentateur vibrant | Cintasa.com\",\"isPartOf\":{\"@id\":\"https:\\\/\\\/www.cintasa.com\\\/fr\\\/#website\"},\"primaryImageOfPage\":{\"@id\":\"https:\\\/\\\/www.cintasa.com\\\/fr\\\/produits\\\/alimentateurs\\\/alimentateur-vibrant\\\/#primaryimage\"},\"image\":{\"@id\":\"https:\\\/\\\/www.cintasa.com\\\/fr\\\/produits\\\/alimentateurs\\\/alimentateur-vibrant\\\/#primaryimage\"},\"thumbnailUrl\":\"https:\\\/\\\/www.cintasa.com\\\/wp-content\\\/uploads\\\/2019\\\/10\\\/DSC07126.png\",\"datePublished\":\"2019-10-26T21:09:16+00:00\",\"dateModified\":\"2025-05-23T08:34:14+00:00\",\"description\":\"Alimentateur vibrant | Cintasa.com %\",\"breadcrumb\":{\"@id\":\"https:\\\/\\\/www.cintasa.com\\\/fr\\\/produits\\\/alimentateurs\\\/alimentateur-vibrant\\\/#breadcrumb\"},\"inLanguage\":\"fr-FR\",\"potentialAction\":[{\"@type\":\"ReadAction\",\"target\":[\"https:\\\/\\\/www.cintasa.com\\\/fr\\\/produits\\\/alimentateurs\\\/alimentateur-vibrant\\\/\"]}]},{\"@type\":\"ImageObject\",\"inLanguage\":\"fr-FR\",\"@id\":\"https:\\\/\\\/www.cintasa.com\\\/fr\\\/produits\\\/alimentateurs\\\/alimentateur-vibrant\\\/#primaryimage\",\"url\":\"https:\\\/\\\/www.cintasa.com\\\/wp-content\\\/uploads\\\/2019\\\/10\\\/DSC07126.png\",\"contentUrl\":\"https:\\\/\\\/www.cintasa.com\\\/wp-content\\\/uploads\\\/2019\\\/10\\\/DSC07126.png\",\"width\":500,\"height\":375},{\"@type\":\"BreadcrumbList\",\"@id\":\"https:\\\/\\\/www.cintasa.com\\\/fr\\\/produits\\\/alimentateurs\\\/alimentateur-vibrant\\\/#breadcrumb\",\"itemListElement\":[{\"@type\":\"ListItem\",\"position\":1,\"name\":\"Portada\",\"item\":\"https:\\\/\\\/www.cintasa.com\\\/fr\\\/\"},{\"@type\":\"ListItem\",\"position\":2,\"name\":\"Produits\",\"item\":\"https:\\\/\\\/www.cintasa.com\\\/fr\\\/produits\\\/\"},{\"@type\":\"ListItem\",\"position\":3,\"name\":\"Alimentateurs\",\"item\":\"https:\\\/\\\/www.cintasa.com\\\/fr\\\/productos\\\/alimentadores\\\/\"},{\"@type\":\"ListItem\",\"position\":4,\"name\":\"Alimentateur vibrant\"}]},{\"@type\":\"WebSite\",\"@id\":\"https:\\\/\\\/www.cintasa.com\\\/fr\\\/#website\",\"url\":\"https:\\\/\\\/www.cintasa.com\\\/fr\\\/\",\"name\":\"Cintasa.com\",\"description\":\"M\u00e1xima experiencia transportando soluciones\",\"publisher\":{\"@id\":\"https:\\\/\\\/www.cintasa.com\\\/fr\\\/#organization\"},\"potentialAction\":[{\"@type\":\"SearchAction\",\"target\":{\"@type\":\"EntryPoint\",\"urlTemplate\":\"https:\\\/\\\/www.cintasa.com\\\/fr\\\/?s={search_term_string}\"},\"query-input\":{\"@type\":\"PropertyValueSpecification\",\"valueRequired\":true,\"valueName\":\"search_term_string\"}}],\"inLanguage\":\"fr-FR\"},{\"@type\":\"Organization\",\"@id\":\"https:\\\/\\\/www.cintasa.com\\\/fr\\\/#organization\",\"name\":\"Cintasa\",\"url\":\"https:\\\/\\\/www.cintasa.com\\\/fr\\\/\",\"logo\":{\"@type\":\"ImageObject\",\"inLanguage\":\"fr-FR\",\"@id\":\"https:\\\/\\\/www.cintasa.com\\\/fr\\\/#\\\/schema\\\/logo\\\/image\\\/\",\"url\":\"https:\\\/\\\/www.cintasa.com\\\/wp-content\\\/uploads\\\/2019\\\/10\\\/Logo-cintasa.png\",\"contentUrl\":\"https:\\\/\\\/www.cintasa.com\\\/wp-content\\\/uploads\\\/2019\\\/10\\\/Logo-cintasa.png\",\"width\":145,\"height\":113,\"caption\":\"Cintasa\"},\"image\":{\"@id\":\"https:\\\/\\\/www.cintasa.com\\\/fr\\\/#\\\/schema\\\/logo\\\/image\\\/\"},\"sameAs\":[\"https:\\\/\\\/www.facebook.com\\\/Cintasa.Spain\",\"https:\\\/\\\/x.com\\\/cintasa_sa\",\"https:\\\/\\\/www.linkedin.com\\\/company\\\/cintasa-s-a-\",\"https:\\\/\\\/www.youtube.com\\\/channel\\\/UCp1Rvyd3fJL__DeL5-ojeFQ\"]}]}<\/script>\n<!-- \/ Yoast SEO plugin. -->","yoast_head_json":{"title":"Alimentateur vibrant | Cintasa.com","description":"Alimentateur vibrant | Cintasa.com %","robots":{"index":"index","follow":"follow","max-snippet":"max-snippet:-1","max-image-preview":"max-image-preview:large","max-video-preview":"max-video-preview:-1"},"canonical":"https:\/\/www.cintasa.com\/fr\/produits\/alimentateurs\/alimentateur-vibrant\/","og_locale":"fr_FR","og_type":"article","og_title":"Alimentateur vibrant | Cintasa.com","og_description":"Alimentateur vibrant | Cintasa.com %","og_url":"https:\/\/www.cintasa.com\/fr\/produits\/alimentateurs\/alimentateur-vibrant\/","og_site_name":"Cintasa.com","article_publisher":"https:\/\/www.facebook.com\/Cintasa.Spain","article_modified_time":"2025-05-23T08:34:14+00:00","og_image":[{"width":500,"height":375,"url":"https:\/\/www.cintasa.com\/wp-content\/uploads\/2019\/10\/DSC07126.png","type":"image\/png"}],"twitter_card":"summary_large_image","twitter_site":"@cintasa_sa","twitter_misc":{"Dur\u00e9e de lecture estim\u00e9e":"1 minute"},"schema":{"@context":"https:\/\/schema.org","@graph":[{"@type":"WebPage","@id":"https:\/\/www.cintasa.com\/fr\/produits\/alimentateurs\/alimentateur-vibrant\/","url":"https:\/\/www.cintasa.com\/fr\/produits\/alimentateurs\/alimentateur-vibrant\/","name":"Alimentateur vibrant | Cintasa.com","isPartOf":{"@id":"https:\/\/www.cintasa.com\/fr\/#website"},"primaryImageOfPage":{"@id":"https:\/\/www.cintasa.com\/fr\/produits\/alimentateurs\/alimentateur-vibrant\/#primaryimage"},"image":{"@id":"https:\/\/www.cintasa.com\/fr\/produits\/alimentateurs\/alimentateur-vibrant\/#primaryimage"},"thumbnailUrl":"https:\/\/www.cintasa.com\/wp-content\/uploads\/2019\/10\/DSC07126.png","datePublished":"2019-10-26T21:09:16+00:00","dateModified":"2025-05-23T08:34:14+00:00","description":"Alimentateur vibrant | Cintasa.com %","breadcrumb":{"@id":"https:\/\/www.cintasa.com\/fr\/produits\/alimentateurs\/alimentateur-vibrant\/#breadcrumb"},"inLanguage":"fr-FR","potentialAction":[{"@type":"ReadAction","target":["https:\/\/www.cintasa.com\/fr\/produits\/alimentateurs\/alimentateur-vibrant\/"]}]},{"@type":"ImageObject","inLanguage":"fr-FR","@id":"https:\/\/www.cintasa.com\/fr\/produits\/alimentateurs\/alimentateur-vibrant\/#primaryimage","url":"https:\/\/www.cintasa.com\/wp-content\/uploads\/2019\/10\/DSC07126.png","contentUrl":"https:\/\/www.cintasa.com\/wp-content\/uploads\/2019\/10\/DSC07126.png","width":500,"height":375},{"@type":"BreadcrumbList","@id":"https:\/\/www.cintasa.com\/fr\/produits\/alimentateurs\/alimentateur-vibrant\/#breadcrumb","itemListElement":[{"@type":"ListItem","position":1,"name":"Portada","item":"https:\/\/www.cintasa.com\/fr\/"},{"@type":"ListItem","position":2,"name":"Produits","item":"https:\/\/www.cintasa.com\/fr\/produits\/"},{"@type":"ListItem","position":3,"name":"Alimentateurs","item":"https:\/\/www.cintasa.com\/fr\/productos\/alimentadores\/"},{"@type":"ListItem","position":4,"name":"Alimentateur vibrant"}]},{"@type":"WebSite","@id":"https:\/\/www.cintasa.com\/fr\/#website","url":"https:\/\/www.cintasa.com\/fr\/","name":"Cintasa.com","description":"M\u00e1xima experiencia transportando soluciones","publisher":{"@id":"https:\/\/www.cintasa.com\/fr\/#organization"},"potentialAction":[{"@type":"SearchAction","target":{"@type":"EntryPoint","urlTemplate":"https:\/\/www.cintasa.com\/fr\/?s={search_term_string}"},"query-input":{"@type":"PropertyValueSpecification","valueRequired":true,"valueName":"search_term_string"}}],"inLanguage":"fr-FR"},{"@type":"Organization","@id":"https:\/\/www.cintasa.com\/fr\/#organization","name":"Cintasa","url":"https:\/\/www.cintasa.com\/fr\/","logo":{"@type":"ImageObject","inLanguage":"fr-FR","@id":"https:\/\/www.cintasa.com\/fr\/#\/schema\/logo\/image\/","url":"https:\/\/www.cintasa.com\/wp-content\/uploads\/2019\/10\/Logo-cintasa.png","contentUrl":"https:\/\/www.cintasa.com\/wp-content\/uploads\/2019\/10\/Logo-cintasa.png","width":145,"height":113,"caption":"Cintasa"},"image":{"@id":"https:\/\/www.cintasa.com\/fr\/#\/schema\/logo\/image\/"},"sameAs":["https:\/\/www.facebook.com\/Cintasa.Spain","https:\/\/x.com\/cintasa_sa","https:\/\/www.linkedin.com\/company\/cintasa-s-a-","https:\/\/www.youtube.com\/channel\/UCp1Rvyd3fJL__DeL5-ojeFQ"]}]}},"_links":{"self":[{"href":"https:\/\/www.cintasa.com\/fr\/wp-json\/wp\/v2\/pages\/8487","targetHints":{"allow":["GET"]}}],"collection":[{"href":"https:\/\/www.cintasa.com\/fr\/wp-json\/wp\/v2\/pages"}],"about":[{"href":"https:\/\/www.cintasa.com\/fr\/wp-json\/wp\/v2\/types\/page"}],"author":[{"embeddable":true,"href":"https:\/\/www.cintasa.com\/fr\/wp-json\/wp\/v2\/users\/2"}],"replies":[{"embeddable":true,"href":"https:\/\/www.cintasa.com\/fr\/wp-json\/wp\/v2\/comments?post=8487"}],"version-history":[{"count":5,"href":"https:\/\/www.cintasa.com\/fr\/wp-json\/wp\/v2\/pages\/8487\/revisions"}],"predecessor-version":[{"id":12952,"href":"https:\/\/www.cintasa.com\/fr\/wp-json\/wp\/v2\/pages\/8487\/revisions\/12952"}],"up":[{"embeddable":true,"href":"https:\/\/www.cintasa.com\/fr\/wp-json\/wp\/v2\/pages\/8441"}],"wp:featuredmedia":[{"embeddable":true,"href":"https:\/\/www.cintasa.com\/fr\/wp-json\/wp\/v2\/media\/6428"}],"wp:attachment":[{"href":"https:\/\/www.cintasa.com\/fr\/wp-json\/wp\/v2\/media?parent=8487"}],"wp:term":[{"taxonomy":"category","embeddable":true,"href":"https:\/\/www.cintasa.com\/fr\/wp-json\/wp\/v2\/categories?post=8487"},{"taxonomy":"post_tag","embeddable":true,"href":"https:\/\/www.cintasa.com\/fr\/wp-json\/wp\/v2\/tags?post=8487"}],"curies":[{"name":"wp","href":"https:\/\/api.w.org\/{rel}","templated":true}]}}