{"id":8507,"date":"2019-10-26T23:19:59","date_gmt":"2019-10-26T21:19:59","guid":{"rendered":"https:\/\/www.cintasa.com\/produits\/trasporteur-elevateur\/teb-elevador-de-cangliones\/"},"modified":"2025-05-23T10:11:34","modified_gmt":"2025-05-23T08:11:34","slug":"tec-elevateur-a-godets","status":"publish","type":"page","link":"https:\/\/www.cintasa.com\/fr\/produits\/trasporteur-elevateur\/tec-elevateur-a-godets\/","title":{"rendered":"TEC \u00c9l\u00e9vateur \u00e0 godets"},"content":{"rendered":"<div class=\"vc_row wpb_row vc_inner vc_row-fluid\">\n<div class=\"wpb_column vc_column_container vc_col-sm-12\">\n<div class=\"vc_column-inner \">\n<div class=\"wpb_wrapper\">\n<div class=\"wpb_text_column wpb_content_element \">\n<div class=\"wpb_wrapper\">\n<div class=\"wpb_text_column wpb_content_element \">\n<div class=\"wpb_wrapper\">\n<p>Cet \u00e9l\u00e9vateur permet de transporter verticalement n\u00b4importe quel produit en vrac ave un faible pourcentage d\u00b4humidit\u00e9 et une granulom\u00e9trie moyenne. Le transport se r\u00e9alise au moyen de godets en t\u00f4le (acier au carbone ou inoxydable) ou en PVC, fix\u00e9s sur le tapis avec des vis ou des agrafes<\/p>\n<p>La t\u00eate de d\u00e9chargement inclut le groupe de commande\u00a0du transporteur, toujours avec un syst\u00e8me antiretour<\/p>\n<p>La t\u00eate de chargement inclut le syst\u00e8me tenseur de bande ainsi que la bouche de r\u00e9ception du mat\u00e9riel permettant un transfert simple du mat\u00e9riel.<\/p>\n<p>Les tron\u00e7ons ou conduits interm\u00e9diaires sont fabriqu\u00e9es en t\u00f4le de fa\u00e7on modulaire, permettant diff\u00e9rentes hauteurs d\u00b4\u00e9l\u00e9vation. L\u00b4union entre les tron\u00e7ons est r\u00e9alis\u00e9e au moyen de brides angulaires viss\u00e9es.<\/p>\n<p>Les tambours sont fabriqu\u00e9s avec des t\u00f4les d\u00b4acier, le tambour moteur est engomm\u00e9 et le tambour tenseur est couvert d\u00b4une cage faite de profils cylindriques. Les axes des tambours se fixent aux moyeux int\u00e9rieurs au moyen d\u00b4anneaux coniques de serrage et avec des paliers\u00a0de type SN avec des roulements \u00e0 leurs t\u00eates.<\/p>\n<p>La largeur du tapis, le type de godets, la capacit\u00e9 et la vitesse du transport d\u00e9pendront du produit et des caract\u00e9ristiques propres \u00e0 chaque installation.<\/p>\n<\/div>\n<\/div>\n<\/div>\n<\/div>\n<\/div>\n<\/div>\n<\/div>\n<\/div>\n","protected":false},"excerpt":{"rendered":"<p>Cet \u00e9l\u00e9vateur permet de transporter verticalement n\u00b4importe quel produit en vrac ave un faible pourcentage d\u00b4humidit\u00e9 et une granulom\u00e9trie moyenne. Le transport se r\u00e9alise au moyen de godets en t\u00f4le (acier au carbone ou inoxydable) ou en PVC, fix\u00e9s sur le tapis avec des vis ou des agrafes La t\u00eate de d\u00e9chargement inclut le groupe&#8230;<\/p>\n","protected":false},"author":2,"featured_media":12204,"parent":8496,"menu_order":0,"comment_status":"closed","ping_status":"closed","template":"","meta":{"_acf_changed":false,"footnotes":""},"categories":[69],"tags":[66,60],"class_list":["post-8507","page","type-page","status-publish","has-post-thumbnail","hentry","category-produits-catalogue","tag-produits","tag-transporteur-elevateur"],"acf":[],"yoast_head":"<!-- This site is optimized with the Yoast SEO plugin v27.5 - https:\/\/yoast.com\/product\/yoast-seo-wordpress\/ -->\n<title>TEC \u00c9l\u00e9vateur \u00e0 godets | Cintasa.com<\/title>\n<meta name=\"description\" content=\"TEC \u00c9l\u00e9vateur \u00e0 godets | Cintasa.com %\" \/>\n<meta name=\"robots\" content=\"index, follow, max-snippet:-1, max-image-preview:large, max-video-preview:-1\" \/>\n<link rel=\"canonical\" href=\"https:\/\/www.cintasa.com\/fr\/produits\/trasporteur-elevateur\/tec-elevateur-a-godets\/\" \/>\n<meta property=\"og:locale\" content=\"fr_FR\" \/>\n<meta property=\"og:type\" content=\"article\" \/>\n<meta property=\"og:title\" content=\"TEC \u00c9l\u00e9vateur \u00e0 godets | Cintasa.com\" \/>\n<meta property=\"og:description\" content=\"TEC \u00c9l\u00e9vateur \u00e0 godets | Cintasa.com %\" \/>\n<meta property=\"og:url\" content=\"https:\/\/www.cintasa.com\/fr\/produits\/trasporteur-elevateur\/tec-elevateur-a-godets\/\" \/>\n<meta property=\"og:site_name\" content=\"Cintasa.com\" \/>\n<meta property=\"article:publisher\" content=\"https:\/\/www.facebook.com\/Cintasa.Spain\" \/>\n<meta property=\"article:modified_time\" content=\"2025-05-23T08:11:34+00:00\" \/>\n<meta property=\"og:image\" content=\"https:\/\/www.cintasa.com\/wp-content\/uploads\/2025\/01\/F18141.jpg\" \/>\n\t<meta property=\"og:image:width\" content=\"773\" \/>\n\t<meta property=\"og:image:height\" content=\"773\" \/>\n\t<meta property=\"og:image:type\" content=\"image\/jpeg\" \/>\n<meta name=\"twitter:card\" content=\"summary_large_image\" \/>\n<meta name=\"twitter:site\" content=\"@cintasa_sa\" \/>\n<meta name=\"twitter:label1\" content=\"Dur\u00e9e de lecture estim\u00e9e\" \/>\n\t<meta name=\"twitter:data1\" content=\"1 minute\" \/>\n<script type=\"application\/ld+json\" class=\"yoast-schema-graph\">{\"@context\":\"https:\\\/\\\/schema.org\",\"@graph\":[{\"@type\":\"WebPage\",\"@id\":\"https:\\\/\\\/www.cintasa.com\\\/fr\\\/produits\\\/trasporteur-elevateur\\\/tec-elevateur-a-godets\\\/\",\"url\":\"https:\\\/\\\/www.cintasa.com\\\/fr\\\/produits\\\/trasporteur-elevateur\\\/tec-elevateur-a-godets\\\/\",\"name\":\"TEC \u00c9l\u00e9vateur \u00e0 godets | Cintasa.com\",\"isPartOf\":{\"@id\":\"https:\\\/\\\/www.cintasa.com\\\/fr\\\/#website\"},\"primaryImageOfPage\":{\"@id\":\"https:\\\/\\\/www.cintasa.com\\\/fr\\\/produits\\\/trasporteur-elevateur\\\/tec-elevateur-a-godets\\\/#primaryimage\"},\"image\":{\"@id\":\"https:\\\/\\\/www.cintasa.com\\\/fr\\\/produits\\\/trasporteur-elevateur\\\/tec-elevateur-a-godets\\\/#primaryimage\"},\"thumbnailUrl\":\"https:\\\/\\\/www.cintasa.com\\\/wp-content\\\/uploads\\\/2025\\\/01\\\/F18141.jpg\",\"datePublished\":\"2019-10-26T21:19:59+00:00\",\"dateModified\":\"2025-05-23T08:11:34+00:00\",\"description\":\"TEC \u00c9l\u00e9vateur \u00e0 godets | Cintasa.com %\",\"breadcrumb\":{\"@id\":\"https:\\\/\\\/www.cintasa.com\\\/fr\\\/produits\\\/trasporteur-elevateur\\\/tec-elevateur-a-godets\\\/#breadcrumb\"},\"inLanguage\":\"fr-FR\",\"potentialAction\":[{\"@type\":\"ReadAction\",\"target\":[\"https:\\\/\\\/www.cintasa.com\\\/fr\\\/produits\\\/trasporteur-elevateur\\\/tec-elevateur-a-godets\\\/\"]}]},{\"@type\":\"ImageObject\",\"inLanguage\":\"fr-FR\",\"@id\":\"https:\\\/\\\/www.cintasa.com\\\/fr\\\/produits\\\/trasporteur-elevateur\\\/tec-elevateur-a-godets\\\/#primaryimage\",\"url\":\"https:\\\/\\\/www.cintasa.com\\\/wp-content\\\/uploads\\\/2025\\\/01\\\/F18141.jpg\",\"contentUrl\":\"https:\\\/\\\/www.cintasa.com\\\/wp-content\\\/uploads\\\/2025\\\/01\\\/F18141.jpg\",\"width\":773,\"height\":773},{\"@type\":\"BreadcrumbList\",\"@id\":\"https:\\\/\\\/www.cintasa.com\\\/fr\\\/produits\\\/trasporteur-elevateur\\\/tec-elevateur-a-godets\\\/#breadcrumb\",\"itemListElement\":[{\"@type\":\"ListItem\",\"position\":1,\"name\":\"Portada\",\"item\":\"https:\\\/\\\/www.cintasa.com\\\/fr\\\/\"},{\"@type\":\"ListItem\",\"position\":2,\"name\":\"Produits\",\"item\":\"https:\\\/\\\/www.cintasa.com\\\/fr\\\/produits\\\/\"},{\"@type\":\"ListItem\",\"position\":3,\"name\":\"Trasporteur \u00e9l\u00e9vateur\",\"item\":\"https:\\\/\\\/www.cintasa.com\\\/fr\\\/produits\\\/trasporteur-elevateur\\\/\"},{\"@type\":\"ListItem\",\"position\":4,\"name\":\"TEC \u00c9l\u00e9vateur \u00e0 godets\"}]},{\"@type\":\"WebSite\",\"@id\":\"https:\\\/\\\/www.cintasa.com\\\/fr\\\/#website\",\"url\":\"https:\\\/\\\/www.cintasa.com\\\/fr\\\/\",\"name\":\"Cintasa.com\",\"description\":\"M\u00e1xima experiencia transportando soluciones\",\"publisher\":{\"@id\":\"https:\\\/\\\/www.cintasa.com\\\/fr\\\/#organization\"},\"potentialAction\":[{\"@type\":\"SearchAction\",\"target\":{\"@type\":\"EntryPoint\",\"urlTemplate\":\"https:\\\/\\\/www.cintasa.com\\\/fr\\\/?s={search_term_string}\"},\"query-input\":{\"@type\":\"PropertyValueSpecification\",\"valueRequired\":true,\"valueName\":\"search_term_string\"}}],\"inLanguage\":\"fr-FR\"},{\"@type\":\"Organization\",\"@id\":\"https:\\\/\\\/www.cintasa.com\\\/fr\\\/#organization\",\"name\":\"Cintasa\",\"url\":\"https:\\\/\\\/www.cintasa.com\\\/fr\\\/\",\"logo\":{\"@type\":\"ImageObject\",\"inLanguage\":\"fr-FR\",\"@id\":\"https:\\\/\\\/www.cintasa.com\\\/fr\\\/#\\\/schema\\\/logo\\\/image\\\/\",\"url\":\"https:\\\/\\\/www.cintasa.com\\\/wp-content\\\/uploads\\\/2019\\\/10\\\/Logo-cintasa.png\",\"contentUrl\":\"https:\\\/\\\/www.cintasa.com\\\/wp-content\\\/uploads\\\/2019\\\/10\\\/Logo-cintasa.png\",\"width\":145,\"height\":113,\"caption\":\"Cintasa\"},\"image\":{\"@id\":\"https:\\\/\\\/www.cintasa.com\\\/fr\\\/#\\\/schema\\\/logo\\\/image\\\/\"},\"sameAs\":[\"https:\\\/\\\/www.facebook.com\\\/Cintasa.Spain\",\"https:\\\/\\\/x.com\\\/cintasa_sa\",\"https:\\\/\\\/www.linkedin.com\\\/company\\\/cintasa-s-a-\",\"https:\\\/\\\/www.youtube.com\\\/channel\\\/UCp1Rvyd3fJL__DeL5-ojeFQ\"]}]}<\/script>\n<!-- \/ Yoast SEO plugin. -->","yoast_head_json":{"title":"TEC \u00c9l\u00e9vateur \u00e0 godets | Cintasa.com","description":"TEC \u00c9l\u00e9vateur \u00e0 godets | Cintasa.com %","robots":{"index":"index","follow":"follow","max-snippet":"max-snippet:-1","max-image-preview":"max-image-preview:large","max-video-preview":"max-video-preview:-1"},"canonical":"https:\/\/www.cintasa.com\/fr\/produits\/trasporteur-elevateur\/tec-elevateur-a-godets\/","og_locale":"fr_FR","og_type":"article","og_title":"TEC \u00c9l\u00e9vateur \u00e0 godets | Cintasa.com","og_description":"TEC \u00c9l\u00e9vateur \u00e0 godets | Cintasa.com %","og_url":"https:\/\/www.cintasa.com\/fr\/produits\/trasporteur-elevateur\/tec-elevateur-a-godets\/","og_site_name":"Cintasa.com","article_publisher":"https:\/\/www.facebook.com\/Cintasa.Spain","article_modified_time":"2025-05-23T08:11:34+00:00","og_image":[{"width":773,"height":773,"url":"https:\/\/www.cintasa.com\/wp-content\/uploads\/2025\/01\/F18141.jpg","type":"image\/jpeg"}],"twitter_card":"summary_large_image","twitter_site":"@cintasa_sa","twitter_misc":{"Dur\u00e9e de lecture estim\u00e9e":"1 minute"},"schema":{"@context":"https:\/\/schema.org","@graph":[{"@type":"WebPage","@id":"https:\/\/www.cintasa.com\/fr\/produits\/trasporteur-elevateur\/tec-elevateur-a-godets\/","url":"https:\/\/www.cintasa.com\/fr\/produits\/trasporteur-elevateur\/tec-elevateur-a-godets\/","name":"TEC \u00c9l\u00e9vateur \u00e0 godets | Cintasa.com","isPartOf":{"@id":"https:\/\/www.cintasa.com\/fr\/#website"},"primaryImageOfPage":{"@id":"https:\/\/www.cintasa.com\/fr\/produits\/trasporteur-elevateur\/tec-elevateur-a-godets\/#primaryimage"},"image":{"@id":"https:\/\/www.cintasa.com\/fr\/produits\/trasporteur-elevateur\/tec-elevateur-a-godets\/#primaryimage"},"thumbnailUrl":"https:\/\/www.cintasa.com\/wp-content\/uploads\/2025\/01\/F18141.jpg","datePublished":"2019-10-26T21:19:59+00:00","dateModified":"2025-05-23T08:11:34+00:00","description":"TEC \u00c9l\u00e9vateur \u00e0 godets | Cintasa.com %","breadcrumb":{"@id":"https:\/\/www.cintasa.com\/fr\/produits\/trasporteur-elevateur\/tec-elevateur-a-godets\/#breadcrumb"},"inLanguage":"fr-FR","potentialAction":[{"@type":"ReadAction","target":["https:\/\/www.cintasa.com\/fr\/produits\/trasporteur-elevateur\/tec-elevateur-a-godets\/"]}]},{"@type":"ImageObject","inLanguage":"fr-FR","@id":"https:\/\/www.cintasa.com\/fr\/produits\/trasporteur-elevateur\/tec-elevateur-a-godets\/#primaryimage","url":"https:\/\/www.cintasa.com\/wp-content\/uploads\/2025\/01\/F18141.jpg","contentUrl":"https:\/\/www.cintasa.com\/wp-content\/uploads\/2025\/01\/F18141.jpg","width":773,"height":773},{"@type":"BreadcrumbList","@id":"https:\/\/www.cintasa.com\/fr\/produits\/trasporteur-elevateur\/tec-elevateur-a-godets\/#breadcrumb","itemListElement":[{"@type":"ListItem","position":1,"name":"Portada","item":"https:\/\/www.cintasa.com\/fr\/"},{"@type":"ListItem","position":2,"name":"Produits","item":"https:\/\/www.cintasa.com\/fr\/produits\/"},{"@type":"ListItem","position":3,"name":"Trasporteur \u00e9l\u00e9vateur","item":"https:\/\/www.cintasa.com\/fr\/produits\/trasporteur-elevateur\/"},{"@type":"ListItem","position":4,"name":"TEC \u00c9l\u00e9vateur \u00e0 godets"}]},{"@type":"WebSite","@id":"https:\/\/www.cintasa.com\/fr\/#website","url":"https:\/\/www.cintasa.com\/fr\/","name":"Cintasa.com","description":"M\u00e1xima experiencia transportando soluciones","publisher":{"@id":"https:\/\/www.cintasa.com\/fr\/#organization"},"potentialAction":[{"@type":"SearchAction","target":{"@type":"EntryPoint","urlTemplate":"https:\/\/www.cintasa.com\/fr\/?s={search_term_string}"},"query-input":{"@type":"PropertyValueSpecification","valueRequired":true,"valueName":"search_term_string"}}],"inLanguage":"fr-FR"},{"@type":"Organization","@id":"https:\/\/www.cintasa.com\/fr\/#organization","name":"Cintasa","url":"https:\/\/www.cintasa.com\/fr\/","logo":{"@type":"ImageObject","inLanguage":"fr-FR","@id":"https:\/\/www.cintasa.com\/fr\/#\/schema\/logo\/image\/","url":"https:\/\/www.cintasa.com\/wp-content\/uploads\/2019\/10\/Logo-cintasa.png","contentUrl":"https:\/\/www.cintasa.com\/wp-content\/uploads\/2019\/10\/Logo-cintasa.png","width":145,"height":113,"caption":"Cintasa"},"image":{"@id":"https:\/\/www.cintasa.com\/fr\/#\/schema\/logo\/image\/"},"sameAs":["https:\/\/www.facebook.com\/Cintasa.Spain","https:\/\/x.com\/cintasa_sa","https:\/\/www.linkedin.com\/company\/cintasa-s-a-","https:\/\/www.youtube.com\/channel\/UCp1Rvyd3fJL__DeL5-ojeFQ"]}]}},"_links":{"self":[{"href":"https:\/\/www.cintasa.com\/fr\/wp-json\/wp\/v2\/pages\/8507","targetHints":{"allow":["GET"]}}],"collection":[{"href":"https:\/\/www.cintasa.com\/fr\/wp-json\/wp\/v2\/pages"}],"about":[{"href":"https:\/\/www.cintasa.com\/fr\/wp-json\/wp\/v2\/types\/page"}],"author":[{"embeddable":true,"href":"https:\/\/www.cintasa.com\/fr\/wp-json\/wp\/v2\/users\/2"}],"replies":[{"embeddable":true,"href":"https:\/\/www.cintasa.com\/fr\/wp-json\/wp\/v2\/comments?post=8507"}],"version-history":[{"count":6,"href":"https:\/\/www.cintasa.com\/fr\/wp-json\/wp\/v2\/pages\/8507\/revisions"}],"predecessor-version":[{"id":12933,"href":"https:\/\/www.cintasa.com\/fr\/wp-json\/wp\/v2\/pages\/8507\/revisions\/12933"}],"up":[{"embeddable":true,"href":"https:\/\/www.cintasa.com\/fr\/wp-json\/wp\/v2\/pages\/8496"}],"wp:featuredmedia":[{"embeddable":true,"href":"https:\/\/www.cintasa.com\/fr\/wp-json\/wp\/v2\/media\/12204"}],"wp:attachment":[{"href":"https:\/\/www.cintasa.com\/fr\/wp-json\/wp\/v2\/media?parent=8507"}],"wp:term":[{"taxonomy":"category","embeddable":true,"href":"https:\/\/www.cintasa.com\/fr\/wp-json\/wp\/v2\/categories?post=8507"},{"taxonomy":"post_tag","embeddable":true,"href":"https:\/\/www.cintasa.com\/fr\/wp-json\/wp\/v2\/tags?post=8507"}],"curies":[{"name":"wp","href":"https:\/\/api.w.org\/{rel}","templated":true}]}}