{"id":8519,"date":"2019-10-26T23:34:57","date_gmt":"2019-10-26T21:34:57","guid":{"rendered":"https:\/\/www.cintasa.com\/produits\/autres-produits\/arrastradores\/"},"modified":"2020-05-21T10:26:20","modified_gmt":"2020-05-21T08:26:20","slug":"transporteur-redler","status":"publish","type":"page","link":"https:\/\/www.cintasa.com\/fr\/produits\/autres-produits\/transporteur-redler\/","title":{"rendered":"Transporteur redler"},"content":{"rendered":"<div class=\"vc_row wpb_row vc_inner vc_row-fluid\">\n<div class=\"wpb_column vc_column_container vc_col-sm-12\">\n<div class=\"vc_column-inner \">\n<div class=\"wpb_wrapper\">\n<div class=\"wpb_text_column wpb_content_element \">\n<div class=\"wpb_wrapper\">\n<div class=\"wpb_text_column wpb_content_element \">\n<div class=\"wpb_wrapper\">\n<div class=\"vc_row wpb_row vc_inner vc_row-fluid\">\n<div class=\"wpb_column vc_column_container vc_col-sm-12\">\n<div class=\"vc_column-inner \">\n<div class=\"wpb_wrapper\">\n<div class=\"wpb_text_column wpb_content_element \">\n<div class=\"wpb_wrapper\">\n<div class=\"vc_row wpb_row vc_inner vc_row-fluid\">\n<div class=\"wpb_column vc_column_container vc_col-sm-12\">\n<div class=\"vc_column-inner \">\n<div class=\"wpb_wrapper\">\n<div class=\"wpb_text_column wpb_content_element \">\n<div class=\"wpb_wrapper\">\n<div class=\"wpb_text_column wpb_content_element \">\n<div class=\"wpb_wrapper\">\n<p>Le transporteur Redler \u00e0 cha\u00eene d\u00b4entra\u00eenement, est caract\u00e9ris\u00e9 principalement para sa grande capacit\u00e9, pr\u00e9f\u00e9rablement pour le transport horizontal sur de longues distances d\u00b4une grande quantit\u00e9 de produits au d\u00e9tail comme par exemple des c\u00e9r\u00e9ales, des semences, des farines, en somme tout produit sous forme de grain, permettant de r\u00e9aliser des d\u00e9chargements en n\u00b4importe quel point du parcours en s\u00b4adaptant aux diff\u00e9rents processus.<\/p>\n<p>Ch\u00e2ssis form\u00e9s par deux t\u00f4les en forme de \u201cU\u201d, une sup\u00e9rieure et une autre inf\u00e9rieure qui renforc\u00e9es et viss\u00e9es entre elles, forment les diff\u00e9rents modules en forme de tube carr\u00e9 ou rectangulaire (en fonction des besoins de l\u00b4application) sur lesquels se d\u00e9placent sur des guides les cha\u00eenes et leur plaques d\u00b4entra\u00eenement.<\/p>\n<p>Les axes moteurs et tenseurs se fixent aux t\u00eates des deux extr\u00e9mit\u00e9s au moyen de supports SN a roulements. Attach\u00e9es \u00e0 ces axes et \u00e0 chaque extr\u00e9mit\u00e9, se trouvent les roues dent\u00e9es fix\u00e9es aux axes au moyen d\u00b4anneaux coniques d\u00b4expansion.<\/p>\n<p>Les deux cha\u00eenes sont pourvues d\u00b4ailettes lat\u00e9rales, c\u00f4te \u00e0 c\u00f4te, pour la fixation des plaques m\u00e9talliques d\u00b4entra\u00eenement qui assurent et facilitent consid\u00e9rablement une progression uniforme et constante du produit \u00e0 l\u00b4int\u00e9rieur du transporteur.<\/p>\n<p>Les dimensions de largeur et hauteur, la capacit\u00e9 et la vitesse du transport d\u00e9pendra du produit et des besoins sp\u00e9cifiques de chaque installation.<\/p>\n<p>Capacit\u00e9 de transport maximum, en fonction des densit\u00e9s, autour des 1000-1200 T\/h.<\/p>\n<\/div>\n<\/div>\n<\/div>\n<\/div>\n<\/div>\n<\/div>\n<\/div>\n<\/div>\n<\/div>\n<\/div>\n<\/div>\n<\/div>\n<\/div>\n<\/div>\n<\/div>\n<\/div>\n<\/div>\n<\/div>\n<\/div>\n<\/div>\n<\/div>\n<\/div>\n","protected":false},"excerpt":{"rendered":"<p>Le transporteur Redler \u00e0 cha\u00eene d\u00b4entra\u00eenement, est caract\u00e9ris\u00e9 principalement para sa grande capacit\u00e9, pr\u00e9f\u00e9rablement pour le transport horizontal sur de longues distances d\u00b4une grande quantit\u00e9 de produits au d\u00e9tail comme par exemple des c\u00e9r\u00e9ales, des semences, des farines, en somme tout produit sous forme de grain, permettant de r\u00e9aliser des d\u00e9chargements en n\u00b4importe quel point&#8230;<\/p>\n","protected":false},"author":2,"featured_media":6581,"parent":8514,"menu_order":0,"comment_status":"closed","ping_status":"closed","template":"","meta":{"_acf_changed":false,"footnotes":""},"categories":[69],"tags":[62,66],"class_list":["post-8519","page","type-page","status-publish","has-post-thumbnail","hentry","category-produits-catalogue","tag-autres-produits","tag-produits"],"acf":[],"yoast_head":"<!-- This site is optimized with the Yoast SEO plugin v27.5 - https:\/\/yoast.com\/product\/yoast-seo-wordpress\/ -->\n<title>Transporteur redler | Cintasa.com<\/title>\n<meta name=\"description\" content=\"Transporteur redler | Cintasa.com %\" \/>\n<meta name=\"robots\" content=\"index, follow, max-snippet:-1, max-image-preview:large, max-video-preview:-1\" \/>\n<link rel=\"canonical\" href=\"https:\/\/www.cintasa.com\/fr\/produits\/autres-produits\/transporteur-redler\/\" \/>\n<meta property=\"og:locale\" content=\"fr_FR\" \/>\n<meta property=\"og:type\" content=\"article\" \/>\n<meta property=\"og:title\" content=\"Transporteur redler | Cintasa.com\" \/>\n<meta property=\"og:description\" content=\"Transporteur redler | Cintasa.com %\" \/>\n<meta property=\"og:url\" content=\"https:\/\/www.cintasa.com\/fr\/produits\/autres-produits\/transporteur-redler\/\" \/>\n<meta property=\"og:site_name\" content=\"Cintasa.com\" \/>\n<meta property=\"article:publisher\" content=\"https:\/\/www.facebook.com\/Cintasa.Spain\" \/>\n<meta property=\"article:modified_time\" content=\"2020-05-21T08:26:20+00:00\" \/>\n<meta property=\"og:image\" content=\"https:\/\/www.cintasa.com\/wp-content\/uploads\/2019\/10\/arrastradores_conjunto_1.jpg\" \/>\n\t<meta property=\"og:image:width\" content=\"500\" \/>\n\t<meta property=\"og:image:height\" content=\"307\" \/>\n\t<meta property=\"og:image:type\" content=\"image\/jpeg\" \/>\n<meta name=\"twitter:card\" content=\"summary_large_image\" \/>\n<meta name=\"twitter:site\" content=\"@cintasa_sa\" \/>\n<meta name=\"twitter:label1\" content=\"Dur\u00e9e de lecture estim\u00e9e\" \/>\n\t<meta name=\"twitter:data1\" content=\"1 minute\" \/>\n<script type=\"application\/ld+json\" class=\"yoast-schema-graph\">{\"@context\":\"https:\\\/\\\/schema.org\",\"@graph\":[{\"@type\":\"WebPage\",\"@id\":\"https:\\\/\\\/www.cintasa.com\\\/fr\\\/produits\\\/autres-produits\\\/transporteur-redler\\\/\",\"url\":\"https:\\\/\\\/www.cintasa.com\\\/fr\\\/produits\\\/autres-produits\\\/transporteur-redler\\\/\",\"name\":\"Transporteur redler | Cintasa.com\",\"isPartOf\":{\"@id\":\"https:\\\/\\\/www.cintasa.com\\\/fr\\\/#website\"},\"primaryImageOfPage\":{\"@id\":\"https:\\\/\\\/www.cintasa.com\\\/fr\\\/produits\\\/autres-produits\\\/transporteur-redler\\\/#primaryimage\"},\"image\":{\"@id\":\"https:\\\/\\\/www.cintasa.com\\\/fr\\\/produits\\\/autres-produits\\\/transporteur-redler\\\/#primaryimage\"},\"thumbnailUrl\":\"https:\\\/\\\/www.cintasa.com\\\/wp-content\\\/uploads\\\/2019\\\/10\\\/arrastradores_conjunto_1.jpg\",\"datePublished\":\"2019-10-26T21:34:57+00:00\",\"dateModified\":\"2020-05-21T08:26:20+00:00\",\"description\":\"Transporteur redler | Cintasa.com %\",\"breadcrumb\":{\"@id\":\"https:\\\/\\\/www.cintasa.com\\\/fr\\\/produits\\\/autres-produits\\\/transporteur-redler\\\/#breadcrumb\"},\"inLanguage\":\"fr-FR\",\"potentialAction\":[{\"@type\":\"ReadAction\",\"target\":[\"https:\\\/\\\/www.cintasa.com\\\/fr\\\/produits\\\/autres-produits\\\/transporteur-redler\\\/\"]}]},{\"@type\":\"ImageObject\",\"inLanguage\":\"fr-FR\",\"@id\":\"https:\\\/\\\/www.cintasa.com\\\/fr\\\/produits\\\/autres-produits\\\/transporteur-redler\\\/#primaryimage\",\"url\":\"https:\\\/\\\/www.cintasa.com\\\/wp-content\\\/uploads\\\/2019\\\/10\\\/arrastradores_conjunto_1.jpg\",\"contentUrl\":\"https:\\\/\\\/www.cintasa.com\\\/wp-content\\\/uploads\\\/2019\\\/10\\\/arrastradores_conjunto_1.jpg\",\"width\":500,\"height\":307},{\"@type\":\"BreadcrumbList\",\"@id\":\"https:\\\/\\\/www.cintasa.com\\\/fr\\\/produits\\\/autres-produits\\\/transporteur-redler\\\/#breadcrumb\",\"itemListElement\":[{\"@type\":\"ListItem\",\"position\":1,\"name\":\"Portada\",\"item\":\"https:\\\/\\\/www.cintasa.com\\\/fr\\\/\"},{\"@type\":\"ListItem\",\"position\":2,\"name\":\"Produits\",\"item\":\"https:\\\/\\\/www.cintasa.com\\\/fr\\\/produits\\\/\"},{\"@type\":\"ListItem\",\"position\":3,\"name\":\"Autres Produits\",\"item\":\"https:\\\/\\\/www.cintasa.com\\\/fr\\\/produits\\\/autres-produits\\\/\"},{\"@type\":\"ListItem\",\"position\":4,\"name\":\"Transporteur redler\"}]},{\"@type\":\"WebSite\",\"@id\":\"https:\\\/\\\/www.cintasa.com\\\/fr\\\/#website\",\"url\":\"https:\\\/\\\/www.cintasa.com\\\/fr\\\/\",\"name\":\"Cintasa.com\",\"description\":\"M\u00e1xima experiencia transportando soluciones\",\"publisher\":{\"@id\":\"https:\\\/\\\/www.cintasa.com\\\/fr\\\/#organization\"},\"potentialAction\":[{\"@type\":\"SearchAction\",\"target\":{\"@type\":\"EntryPoint\",\"urlTemplate\":\"https:\\\/\\\/www.cintasa.com\\\/fr\\\/?s={search_term_string}\"},\"query-input\":{\"@type\":\"PropertyValueSpecification\",\"valueRequired\":true,\"valueName\":\"search_term_string\"}}],\"inLanguage\":\"fr-FR\"},{\"@type\":\"Organization\",\"@id\":\"https:\\\/\\\/www.cintasa.com\\\/fr\\\/#organization\",\"name\":\"Cintasa\",\"url\":\"https:\\\/\\\/www.cintasa.com\\\/fr\\\/\",\"logo\":{\"@type\":\"ImageObject\",\"inLanguage\":\"fr-FR\",\"@id\":\"https:\\\/\\\/www.cintasa.com\\\/fr\\\/#\\\/schema\\\/logo\\\/image\\\/\",\"url\":\"https:\\\/\\\/www.cintasa.com\\\/wp-content\\\/uploads\\\/2019\\\/10\\\/Logo-cintasa.png\",\"contentUrl\":\"https:\\\/\\\/www.cintasa.com\\\/wp-content\\\/uploads\\\/2019\\\/10\\\/Logo-cintasa.png\",\"width\":145,\"height\":113,\"caption\":\"Cintasa\"},\"image\":{\"@id\":\"https:\\\/\\\/www.cintasa.com\\\/fr\\\/#\\\/schema\\\/logo\\\/image\\\/\"},\"sameAs\":[\"https:\\\/\\\/www.facebook.com\\\/Cintasa.Spain\",\"https:\\\/\\\/x.com\\\/cintasa_sa\",\"https:\\\/\\\/www.linkedin.com\\\/company\\\/cintasa-s-a-\",\"https:\\\/\\\/www.youtube.com\\\/channel\\\/UCp1Rvyd3fJL__DeL5-ojeFQ\"]}]}<\/script>\n<!-- \/ Yoast SEO plugin. -->","yoast_head_json":{"title":"Transporteur redler | Cintasa.com","description":"Transporteur redler | Cintasa.com %","robots":{"index":"index","follow":"follow","max-snippet":"max-snippet:-1","max-image-preview":"max-image-preview:large","max-video-preview":"max-video-preview:-1"},"canonical":"https:\/\/www.cintasa.com\/fr\/produits\/autres-produits\/transporteur-redler\/","og_locale":"fr_FR","og_type":"article","og_title":"Transporteur redler | Cintasa.com","og_description":"Transporteur redler | Cintasa.com %","og_url":"https:\/\/www.cintasa.com\/fr\/produits\/autres-produits\/transporteur-redler\/","og_site_name":"Cintasa.com","article_publisher":"https:\/\/www.facebook.com\/Cintasa.Spain","article_modified_time":"2020-05-21T08:26:20+00:00","og_image":[{"width":500,"height":307,"url":"https:\/\/www.cintasa.com\/wp-content\/uploads\/2019\/10\/arrastradores_conjunto_1.jpg","type":"image\/jpeg"}],"twitter_card":"summary_large_image","twitter_site":"@cintasa_sa","twitter_misc":{"Dur\u00e9e de lecture estim\u00e9e":"1 minute"},"schema":{"@context":"https:\/\/schema.org","@graph":[{"@type":"WebPage","@id":"https:\/\/www.cintasa.com\/fr\/produits\/autres-produits\/transporteur-redler\/","url":"https:\/\/www.cintasa.com\/fr\/produits\/autres-produits\/transporteur-redler\/","name":"Transporteur redler | Cintasa.com","isPartOf":{"@id":"https:\/\/www.cintasa.com\/fr\/#website"},"primaryImageOfPage":{"@id":"https:\/\/www.cintasa.com\/fr\/produits\/autres-produits\/transporteur-redler\/#primaryimage"},"image":{"@id":"https:\/\/www.cintasa.com\/fr\/produits\/autres-produits\/transporteur-redler\/#primaryimage"},"thumbnailUrl":"https:\/\/www.cintasa.com\/wp-content\/uploads\/2019\/10\/arrastradores_conjunto_1.jpg","datePublished":"2019-10-26T21:34:57+00:00","dateModified":"2020-05-21T08:26:20+00:00","description":"Transporteur redler | Cintasa.com %","breadcrumb":{"@id":"https:\/\/www.cintasa.com\/fr\/produits\/autres-produits\/transporteur-redler\/#breadcrumb"},"inLanguage":"fr-FR","potentialAction":[{"@type":"ReadAction","target":["https:\/\/www.cintasa.com\/fr\/produits\/autres-produits\/transporteur-redler\/"]}]},{"@type":"ImageObject","inLanguage":"fr-FR","@id":"https:\/\/www.cintasa.com\/fr\/produits\/autres-produits\/transporteur-redler\/#primaryimage","url":"https:\/\/www.cintasa.com\/wp-content\/uploads\/2019\/10\/arrastradores_conjunto_1.jpg","contentUrl":"https:\/\/www.cintasa.com\/wp-content\/uploads\/2019\/10\/arrastradores_conjunto_1.jpg","width":500,"height":307},{"@type":"BreadcrumbList","@id":"https:\/\/www.cintasa.com\/fr\/produits\/autres-produits\/transporteur-redler\/#breadcrumb","itemListElement":[{"@type":"ListItem","position":1,"name":"Portada","item":"https:\/\/www.cintasa.com\/fr\/"},{"@type":"ListItem","position":2,"name":"Produits","item":"https:\/\/www.cintasa.com\/fr\/produits\/"},{"@type":"ListItem","position":3,"name":"Autres Produits","item":"https:\/\/www.cintasa.com\/fr\/produits\/autres-produits\/"},{"@type":"ListItem","position":4,"name":"Transporteur redler"}]},{"@type":"WebSite","@id":"https:\/\/www.cintasa.com\/fr\/#website","url":"https:\/\/www.cintasa.com\/fr\/","name":"Cintasa.com","description":"M\u00e1xima experiencia transportando soluciones","publisher":{"@id":"https:\/\/www.cintasa.com\/fr\/#organization"},"potentialAction":[{"@type":"SearchAction","target":{"@type":"EntryPoint","urlTemplate":"https:\/\/www.cintasa.com\/fr\/?s={search_term_string}"},"query-input":{"@type":"PropertyValueSpecification","valueRequired":true,"valueName":"search_term_string"}}],"inLanguage":"fr-FR"},{"@type":"Organization","@id":"https:\/\/www.cintasa.com\/fr\/#organization","name":"Cintasa","url":"https:\/\/www.cintasa.com\/fr\/","logo":{"@type":"ImageObject","inLanguage":"fr-FR","@id":"https:\/\/www.cintasa.com\/fr\/#\/schema\/logo\/image\/","url":"https:\/\/www.cintasa.com\/wp-content\/uploads\/2019\/10\/Logo-cintasa.png","contentUrl":"https:\/\/www.cintasa.com\/wp-content\/uploads\/2019\/10\/Logo-cintasa.png","width":145,"height":113,"caption":"Cintasa"},"image":{"@id":"https:\/\/www.cintasa.com\/fr\/#\/schema\/logo\/image\/"},"sameAs":["https:\/\/www.facebook.com\/Cintasa.Spain","https:\/\/x.com\/cintasa_sa","https:\/\/www.linkedin.com\/company\/cintasa-s-a-","https:\/\/www.youtube.com\/channel\/UCp1Rvyd3fJL__DeL5-ojeFQ"]}]}},"_links":{"self":[{"href":"https:\/\/www.cintasa.com\/fr\/wp-json\/wp\/v2\/pages\/8519","targetHints":{"allow":["GET"]}}],"collection":[{"href":"https:\/\/www.cintasa.com\/fr\/wp-json\/wp\/v2\/pages"}],"about":[{"href":"https:\/\/www.cintasa.com\/fr\/wp-json\/wp\/v2\/types\/page"}],"author":[{"embeddable":true,"href":"https:\/\/www.cintasa.com\/fr\/wp-json\/wp\/v2\/users\/2"}],"replies":[{"embeddable":true,"href":"https:\/\/www.cintasa.com\/fr\/wp-json\/wp\/v2\/comments?post=8519"}],"version-history":[{"count":6,"href":"https:\/\/www.cintasa.com\/fr\/wp-json\/wp\/v2\/pages\/8519\/revisions"}],"predecessor-version":[{"id":9559,"href":"https:\/\/www.cintasa.com\/fr\/wp-json\/wp\/v2\/pages\/8519\/revisions\/9559"}],"up":[{"embeddable":true,"href":"https:\/\/www.cintasa.com\/fr\/wp-json\/wp\/v2\/pages\/8514"}],"wp:featuredmedia":[{"embeddable":true,"href":"https:\/\/www.cintasa.com\/fr\/wp-json\/wp\/v2\/media\/6581"}],"wp:attachment":[{"href":"https:\/\/www.cintasa.com\/fr\/wp-json\/wp\/v2\/media?parent=8519"}],"wp:term":[{"taxonomy":"category","embeddable":true,"href":"https:\/\/www.cintasa.com\/fr\/wp-json\/wp\/v2\/categories?post=8519"},{"taxonomy":"post_tag","embeddable":true,"href":"https:\/\/www.cintasa.com\/fr\/wp-json\/wp\/v2\/tags?post=8519"}],"curies":[{"name":"wp","href":"https:\/\/api.w.org\/{rel}","templated":true}]}}