{"id":8556,"date":"2019-10-25T17:41:39","date_gmt":"2019-10-25T15:41:39","guid":{"rendered":"https:\/\/www.cintasa.com\/produits\/silos-tolvas-y-estructuras\/"},"modified":"2025-05-23T10:00:34","modified_gmt":"2025-05-23T08:00:34","slug":"silos-tremies-et-structures","status":"publish","type":"page","link":"https:\/\/www.cintasa.com\/fr\/produits\/silos-tremies-et-structures\/","title":{"rendered":"Silos, tr\u00e9mies et structures"},"content":{"rendered":"<div class=\"vc_row wpb_row vc_inner vc_row-fluid\">\n<div class=\"wpb_column vc_column_container vc_col-sm-12\">\n<div class=\"vc_column-inner \">\n<div class=\"wpb_wrapper\">\n<div class=\"wpb_text_column wpb_content_element \">\n<div class=\"wpb_wrapper\">\n<div class=\"wpb_text_column wpb_content_element \">\n<div class=\"wpb_wrapper\">\n<p>Silos et tr\u00e9mie adapt\u00e9s aux exigences de chaque client et de chaque installation.<\/p>\n<p>Construits en t\u00f4le d\u00b4acier au carbone, avec une \u00e9paisseur appropri\u00e9e et calcul\u00e9e selon les besoins de chaque projet. Les silos sont de forme cylindrique et les tr\u00e9mies sont en forme de prisme et de tronc pyramidal invers\u00e9 et dans les deux cas il y aura des renforts lat\u00e9raux d\u00b4union au moyen de profils lamin\u00e9s.<\/p>\n<p>Leur fabrication, en accord avec la philosophie de CINTASA, est r\u00e9alis\u00e9e sous forme de modules d\u00e9montables pour faciliter leur transport et leur assemblage sur le lieu de travail.<\/p>\n<p>Structures d\u00b4appui et tours de transfert dans de grandes installations qui facilitent la maintenance et le respect du correct fonctionnement des diff\u00e9rents transferts de mat\u00e9riel.<\/p>\n<p>Elles sont r\u00e9alis\u00e9es en acier lamin\u00e9, \u00e9tay\u00e9es et renforc\u00e9es de mani\u00e8re appropri\u00e9e selon les diff\u00e9rentes pouss\u00e9es, tensions et vibrations transmises par les \u00e9quipements qu\u00b4elles doivent supporter. Ces structures en forme de tour peuvent disposer de diff\u00e9rents \u00e9tages et niveaux d\u00b4acc\u00e8s communicants entre eux et accessibles au moyen d\u00b4escaliers int\u00e9rieurs ou ext\u00e9rieurs ainsi que de plateformes dont le sol est en t\u00f4le \u00e9tir\u00e9e ou en grillage galvanis\u00e9 antid\u00e9rapant.<\/p>\n<p>De m\u00eame, ces tours poss\u00e8dent \u00e0 tous leurs niveaux des protections lat\u00e9rales et des garde-corps qui assurent un acc\u00e8s correct et s\u00fbr \u00e0 toutes les plateformes.<\/p>\n<\/div>\n<\/div>\n<\/div>\n<\/div>\n<\/div>\n<\/div>\n<\/div>\n<\/div>\n","protected":false},"excerpt":{"rendered":"<p>Silos et tr\u00e9mie adapt\u00e9s aux exigences de chaque client et de chaque installation. Construits en t\u00f4le d\u00b4acier au carbone, avec une \u00e9paisseur appropri\u00e9e et calcul\u00e9e selon les besoins de chaque projet. Les silos sont de forme cylindrique et les tr\u00e9mies sont en forme de prisme et de tronc pyramidal invers\u00e9 et dans les deux cas&#8230;<\/p>\n","protected":false},"author":2,"featured_media":6535,"parent":8439,"menu_order":0,"comment_status":"closed","ping_status":"closed","template":"","meta":{"_acf_changed":false,"footnotes":""},"categories":[69],"tags":[66,61],"class_list":["post-8556","page","type-page","status-publish","has-post-thumbnail","hentry","category-produits-catalogue","tag-produits","tag-silos-fr"],"acf":[],"yoast_head":"<!-- This site is optimized with the Yoast SEO plugin v27.5 - https:\/\/yoast.com\/product\/yoast-seo-wordpress\/ -->\n<title>Silos, tr\u00e9mies et structures | Cintasa.com<\/title>\n<meta name=\"description\" content=\"Silos, tr\u00e9mies et structures | Cintasa.com %\" \/>\n<meta name=\"robots\" content=\"index, follow, max-snippet:-1, max-image-preview:large, max-video-preview:-1\" \/>\n<link rel=\"canonical\" href=\"https:\/\/www.cintasa.com\/fr\/produits\/silos-tremies-et-structures\/\" \/>\n<meta property=\"og:locale\" content=\"fr_FR\" \/>\n<meta property=\"og:type\" content=\"article\" \/>\n<meta property=\"og:title\" content=\"Silos, tr\u00e9mies et structures | Cintasa.com\" \/>\n<meta property=\"og:description\" content=\"Silos, tr\u00e9mies et structures | Cintasa.com %\" \/>\n<meta property=\"og:url\" content=\"https:\/\/www.cintasa.com\/fr\/produits\/silos-tremies-et-structures\/\" \/>\n<meta property=\"og:site_name\" content=\"Cintasa.com\" \/>\n<meta property=\"article:publisher\" content=\"https:\/\/www.facebook.com\/Cintasa.Spain\" \/>\n<meta property=\"article:modified_time\" content=\"2025-05-23T08:00:34+00:00\" \/>\n<meta property=\"og:image\" content=\"https:\/\/www.cintasa.com\/wp-content\/uploads\/2019\/10\/silos_i_3.jpg\" \/>\n\t<meta property=\"og:image:width\" content=\"500\" \/>\n\t<meta property=\"og:image:height\" content=\"375\" \/>\n\t<meta property=\"og:image:type\" content=\"image\/jpeg\" \/>\n<meta name=\"twitter:card\" content=\"summary_large_image\" \/>\n<meta name=\"twitter:site\" content=\"@cintasa_sa\" \/>\n<meta name=\"twitter:label1\" content=\"Dur\u00e9e de lecture estim\u00e9e\" \/>\n\t<meta name=\"twitter:data1\" content=\"1 minute\" \/>\n<script type=\"application\/ld+json\" class=\"yoast-schema-graph\">{\"@context\":\"https:\\\/\\\/schema.org\",\"@graph\":[{\"@type\":\"WebPage\",\"@id\":\"https:\\\/\\\/www.cintasa.com\\\/fr\\\/produits\\\/silos-tremies-et-structures\\\/\",\"url\":\"https:\\\/\\\/www.cintasa.com\\\/fr\\\/produits\\\/silos-tremies-et-structures\\\/\",\"name\":\"Silos, tr\u00e9mies et structures | Cintasa.com\",\"isPartOf\":{\"@id\":\"https:\\\/\\\/www.cintasa.com\\\/fr\\\/#website\"},\"primaryImageOfPage\":{\"@id\":\"https:\\\/\\\/www.cintasa.com\\\/fr\\\/produits\\\/silos-tremies-et-structures\\\/#primaryimage\"},\"image\":{\"@id\":\"https:\\\/\\\/www.cintasa.com\\\/fr\\\/produits\\\/silos-tremies-et-structures\\\/#primaryimage\"},\"thumbnailUrl\":\"https:\\\/\\\/www.cintasa.com\\\/wp-content\\\/uploads\\\/2019\\\/10\\\/silos_i_3.jpg\",\"datePublished\":\"2019-10-25T15:41:39+00:00\",\"dateModified\":\"2025-05-23T08:00:34+00:00\",\"description\":\"Silos, tr\u00e9mies et structures | Cintasa.com %\",\"breadcrumb\":{\"@id\":\"https:\\\/\\\/www.cintasa.com\\\/fr\\\/produits\\\/silos-tremies-et-structures\\\/#breadcrumb\"},\"inLanguage\":\"fr-FR\",\"potentialAction\":[{\"@type\":\"ReadAction\",\"target\":[\"https:\\\/\\\/www.cintasa.com\\\/fr\\\/produits\\\/silos-tremies-et-structures\\\/\"]}]},{\"@type\":\"ImageObject\",\"inLanguage\":\"fr-FR\",\"@id\":\"https:\\\/\\\/www.cintasa.com\\\/fr\\\/produits\\\/silos-tremies-et-structures\\\/#primaryimage\",\"url\":\"https:\\\/\\\/www.cintasa.com\\\/wp-content\\\/uploads\\\/2019\\\/10\\\/silos_i_3.jpg\",\"contentUrl\":\"https:\\\/\\\/www.cintasa.com\\\/wp-content\\\/uploads\\\/2019\\\/10\\\/silos_i_3.jpg\",\"width\":500,\"height\":375},{\"@type\":\"BreadcrumbList\",\"@id\":\"https:\\\/\\\/www.cintasa.com\\\/fr\\\/produits\\\/silos-tremies-et-structures\\\/#breadcrumb\",\"itemListElement\":[{\"@type\":\"ListItem\",\"position\":1,\"name\":\"Portada\",\"item\":\"https:\\\/\\\/www.cintasa.com\\\/fr\\\/\"},{\"@type\":\"ListItem\",\"position\":2,\"name\":\"Produits\",\"item\":\"https:\\\/\\\/www.cintasa.com\\\/fr\\\/produits\\\/\"},{\"@type\":\"ListItem\",\"position\":3,\"name\":\"Silos, tr\u00e9mies et structures\"}]},{\"@type\":\"WebSite\",\"@id\":\"https:\\\/\\\/www.cintasa.com\\\/fr\\\/#website\",\"url\":\"https:\\\/\\\/www.cintasa.com\\\/fr\\\/\",\"name\":\"Cintasa.com\",\"description\":\"M\u00e1xima experiencia transportando soluciones\",\"publisher\":{\"@id\":\"https:\\\/\\\/www.cintasa.com\\\/fr\\\/#organization\"},\"potentialAction\":[{\"@type\":\"SearchAction\",\"target\":{\"@type\":\"EntryPoint\",\"urlTemplate\":\"https:\\\/\\\/www.cintasa.com\\\/fr\\\/?s={search_term_string}\"},\"query-input\":{\"@type\":\"PropertyValueSpecification\",\"valueRequired\":true,\"valueName\":\"search_term_string\"}}],\"inLanguage\":\"fr-FR\"},{\"@type\":\"Organization\",\"@id\":\"https:\\\/\\\/www.cintasa.com\\\/fr\\\/#organization\",\"name\":\"Cintasa\",\"url\":\"https:\\\/\\\/www.cintasa.com\\\/fr\\\/\",\"logo\":{\"@type\":\"ImageObject\",\"inLanguage\":\"fr-FR\",\"@id\":\"https:\\\/\\\/www.cintasa.com\\\/fr\\\/#\\\/schema\\\/logo\\\/image\\\/\",\"url\":\"https:\\\/\\\/www.cintasa.com\\\/wp-content\\\/uploads\\\/2019\\\/10\\\/Logo-cintasa.png\",\"contentUrl\":\"https:\\\/\\\/www.cintasa.com\\\/wp-content\\\/uploads\\\/2019\\\/10\\\/Logo-cintasa.png\",\"width\":145,\"height\":113,\"caption\":\"Cintasa\"},\"image\":{\"@id\":\"https:\\\/\\\/www.cintasa.com\\\/fr\\\/#\\\/schema\\\/logo\\\/image\\\/\"},\"sameAs\":[\"https:\\\/\\\/www.facebook.com\\\/Cintasa.Spain\",\"https:\\\/\\\/x.com\\\/cintasa_sa\",\"https:\\\/\\\/www.linkedin.com\\\/company\\\/cintasa-s-a-\",\"https:\\\/\\\/www.youtube.com\\\/channel\\\/UCp1Rvyd3fJL__DeL5-ojeFQ\"]}]}<\/script>\n<!-- \/ Yoast SEO plugin. -->","yoast_head_json":{"title":"Silos, tr\u00e9mies et structures | Cintasa.com","description":"Silos, tr\u00e9mies et structures | Cintasa.com %","robots":{"index":"index","follow":"follow","max-snippet":"max-snippet:-1","max-image-preview":"max-image-preview:large","max-video-preview":"max-video-preview:-1"},"canonical":"https:\/\/www.cintasa.com\/fr\/produits\/silos-tremies-et-structures\/","og_locale":"fr_FR","og_type":"article","og_title":"Silos, tr\u00e9mies et structures | Cintasa.com","og_description":"Silos, tr\u00e9mies et structures | Cintasa.com %","og_url":"https:\/\/www.cintasa.com\/fr\/produits\/silos-tremies-et-structures\/","og_site_name":"Cintasa.com","article_publisher":"https:\/\/www.facebook.com\/Cintasa.Spain","article_modified_time":"2025-05-23T08:00:34+00:00","og_image":[{"width":500,"height":375,"url":"https:\/\/www.cintasa.com\/wp-content\/uploads\/2019\/10\/silos_i_3.jpg","type":"image\/jpeg"}],"twitter_card":"summary_large_image","twitter_site":"@cintasa_sa","twitter_misc":{"Dur\u00e9e de lecture estim\u00e9e":"1 minute"},"schema":{"@context":"https:\/\/schema.org","@graph":[{"@type":"WebPage","@id":"https:\/\/www.cintasa.com\/fr\/produits\/silos-tremies-et-structures\/","url":"https:\/\/www.cintasa.com\/fr\/produits\/silos-tremies-et-structures\/","name":"Silos, tr\u00e9mies et structures | Cintasa.com","isPartOf":{"@id":"https:\/\/www.cintasa.com\/fr\/#website"},"primaryImageOfPage":{"@id":"https:\/\/www.cintasa.com\/fr\/produits\/silos-tremies-et-structures\/#primaryimage"},"image":{"@id":"https:\/\/www.cintasa.com\/fr\/produits\/silos-tremies-et-structures\/#primaryimage"},"thumbnailUrl":"https:\/\/www.cintasa.com\/wp-content\/uploads\/2019\/10\/silos_i_3.jpg","datePublished":"2019-10-25T15:41:39+00:00","dateModified":"2025-05-23T08:00:34+00:00","description":"Silos, tr\u00e9mies et structures | Cintasa.com %","breadcrumb":{"@id":"https:\/\/www.cintasa.com\/fr\/produits\/silos-tremies-et-structures\/#breadcrumb"},"inLanguage":"fr-FR","potentialAction":[{"@type":"ReadAction","target":["https:\/\/www.cintasa.com\/fr\/produits\/silos-tremies-et-structures\/"]}]},{"@type":"ImageObject","inLanguage":"fr-FR","@id":"https:\/\/www.cintasa.com\/fr\/produits\/silos-tremies-et-structures\/#primaryimage","url":"https:\/\/www.cintasa.com\/wp-content\/uploads\/2019\/10\/silos_i_3.jpg","contentUrl":"https:\/\/www.cintasa.com\/wp-content\/uploads\/2019\/10\/silos_i_3.jpg","width":500,"height":375},{"@type":"BreadcrumbList","@id":"https:\/\/www.cintasa.com\/fr\/produits\/silos-tremies-et-structures\/#breadcrumb","itemListElement":[{"@type":"ListItem","position":1,"name":"Portada","item":"https:\/\/www.cintasa.com\/fr\/"},{"@type":"ListItem","position":2,"name":"Produits","item":"https:\/\/www.cintasa.com\/fr\/produits\/"},{"@type":"ListItem","position":3,"name":"Silos, tr\u00e9mies et structures"}]},{"@type":"WebSite","@id":"https:\/\/www.cintasa.com\/fr\/#website","url":"https:\/\/www.cintasa.com\/fr\/","name":"Cintasa.com","description":"M\u00e1xima experiencia transportando soluciones","publisher":{"@id":"https:\/\/www.cintasa.com\/fr\/#organization"},"potentialAction":[{"@type":"SearchAction","target":{"@type":"EntryPoint","urlTemplate":"https:\/\/www.cintasa.com\/fr\/?s={search_term_string}"},"query-input":{"@type":"PropertyValueSpecification","valueRequired":true,"valueName":"search_term_string"}}],"inLanguage":"fr-FR"},{"@type":"Organization","@id":"https:\/\/www.cintasa.com\/fr\/#organization","name":"Cintasa","url":"https:\/\/www.cintasa.com\/fr\/","logo":{"@type":"ImageObject","inLanguage":"fr-FR","@id":"https:\/\/www.cintasa.com\/fr\/#\/schema\/logo\/image\/","url":"https:\/\/www.cintasa.com\/wp-content\/uploads\/2019\/10\/Logo-cintasa.png","contentUrl":"https:\/\/www.cintasa.com\/wp-content\/uploads\/2019\/10\/Logo-cintasa.png","width":145,"height":113,"caption":"Cintasa"},"image":{"@id":"https:\/\/www.cintasa.com\/fr\/#\/schema\/logo\/image\/"},"sameAs":["https:\/\/www.facebook.com\/Cintasa.Spain","https:\/\/x.com\/cintasa_sa","https:\/\/www.linkedin.com\/company\/cintasa-s-a-","https:\/\/www.youtube.com\/channel\/UCp1Rvyd3fJL__DeL5-ojeFQ"]}]}},"_links":{"self":[{"href":"https:\/\/www.cintasa.com\/fr\/wp-json\/wp\/v2\/pages\/8556","targetHints":{"allow":["GET"]}}],"collection":[{"href":"https:\/\/www.cintasa.com\/fr\/wp-json\/wp\/v2\/pages"}],"about":[{"href":"https:\/\/www.cintasa.com\/fr\/wp-json\/wp\/v2\/types\/page"}],"author":[{"embeddable":true,"href":"https:\/\/www.cintasa.com\/fr\/wp-json\/wp\/v2\/users\/2"}],"replies":[{"embeddable":true,"href":"https:\/\/www.cintasa.com\/fr\/wp-json\/wp\/v2\/comments?post=8556"}],"version-history":[{"count":4,"href":"https:\/\/www.cintasa.com\/fr\/wp-json\/wp\/v2\/pages\/8556\/revisions"}],"predecessor-version":[{"id":12218,"href":"https:\/\/www.cintasa.com\/fr\/wp-json\/wp\/v2\/pages\/8556\/revisions\/12218"}],"up":[{"embeddable":true,"href":"https:\/\/www.cintasa.com\/fr\/wp-json\/wp\/v2\/pages\/8439"}],"wp:featuredmedia":[{"embeddable":true,"href":"https:\/\/www.cintasa.com\/fr\/wp-json\/wp\/v2\/media\/6535"}],"wp:attachment":[{"href":"https:\/\/www.cintasa.com\/fr\/wp-json\/wp\/v2\/media?parent=8556"}],"wp:term":[{"taxonomy":"category","embeddable":true,"href":"https:\/\/www.cintasa.com\/fr\/wp-json\/wp\/v2\/categories?post=8556"},{"taxonomy":"post_tag","embeddable":true,"href":"https:\/\/www.cintasa.com\/fr\/wp-json\/wp\/v2\/tags?post=8556"}],"curies":[{"name":"wp","href":"https:\/\/api.w.org\/{rel}","templated":true}]}}