{"id":8658,"date":"2019-10-25T18:41:49","date_gmt":"2019-10-25T16:41:49","guid":{"rendered":"https:\/\/www.cintasa.com\/produits\/convoyeurs\/tcp-chapa-plegada-reforzada\/"},"modified":"2024-04-24T12:14:27","modified_gmt":"2024-04-24T10:14:27","slug":"tcp-tole-pliee-renforcee","status":"publish","type":"page","link":"https:\/\/www.cintasa.com\/fr\/produits\/convoyeurs\/tcp-tole-pliee-renforcee\/","title":{"rendered":"TCP T\u00f4le pli\u00e9e renforc\u00e9e"},"content":{"rendered":"<div class=\"vc_row wpb_row vc_inner vc_row-fluid\">\n<div class=\"wpb_column vc_column_container vc_col-sm-12\">\n<div class=\"vc_column-inner \">\n<div class=\"wpb_wrapper\">\n<div class=\"wpb_text_column wpb_content_element \">\n<div class=\"wpb_wrapper\">\n<div class=\"wpb_text_column wpb_content_element \">\n<div class=\"wpb_wrapper\">\n<p>Leur utilisation est optimale pour le transport des r\u00e9sidus, des fanges ou autres qui contiennent des substances susceptibles de se r\u00e9pandre. La mani\u00e8re dont il est construit fait que tous les \u00e9l\u00e9ments du transporteur sont prot\u00e9g\u00e9s. Son utilisation est conseill\u00e9e et facilite la manipulation et la s\u00e9lection du mat\u00e9riel transport\u00e9.<\/p>\n<p>Ch\u00e2ssis form\u00e9 par deux t\u00f4les lat\u00e9rales, pli\u00e9es et \u00e9tay\u00e9es transversalement au moyen de profils lamin\u00e9s formant ainsi un ch\u00e2ssis r\u00e9sistant.<\/p>\n<p>Les ch\u00e2ssis interm\u00e9diaires sont fabriqu\u00e9s de fa\u00e7on modulaire dans l\u00b4intention de faciliter le transport et le montage sur les chantiers ainsi que de rendre possible son adaptation \u00e0 n\u00b4importe quelle longueur de transporteur sollicit\u00e9e.<\/p>\n<p>Sur le ch\u00e2ssis les stations de rouleaux sont brid\u00e9es permettant ainsi de mani\u00e8re simple de modifier leur distribution et leur position pour un centrage correct et un alignement du tapis.<\/p>\n<p>Les tambours sont fabriqu\u00e9s ave virole en t\u00f4le d\u00b4acier, le tambour tenseur \u00e9tant m\u00e9canis\u00e9e en forme conique et le tambour moteur \u00e9tant couvert de caoutchouc. Les axes des tambours se fixent aux moyeux int\u00e9rieurs de la virole avec des anneaux coniques de serrage et avec des paliers de type SN avec des roulements au ch\u00e2ssis.<\/p>\n<p>Largeurs de tapis standardis\u00e9es de 500, 650, 800 et 1000 mm.<\/p>\n<p>Capacit\u00e9 de transport maximum, en fonction des densit\u00e9s, autour des 200-250 T\/h.<\/p>\n<\/div>\n<\/div>\n<\/div>\n<\/div>\n<\/div>\n<\/div>\n<\/div>\n<\/div>\n","protected":false},"excerpt":{"rendered":"<p>Leur utilisation est optimale pour le transport des r\u00e9sidus, des fanges ou autres qui contiennent des substances susceptibles de se r\u00e9pandre. La mani\u00e8re dont il est construit fait que tous les \u00e9l\u00e9ments du transporteur sont prot\u00e9g\u00e9s. Son utilisation est conseill\u00e9e et facilite la manipulation et la s\u00e9lection du mat\u00e9riel transport\u00e9. Ch\u00e2ssis form\u00e9 par deux t\u00f4les&#8230;<\/p>\n","protected":false},"author":2,"featured_media":12022,"parent":8564,"menu_order":0,"comment_status":"closed","ping_status":"closed","template":"","meta":{"_acf_changed":false,"footnotes":""},"categories":[69],"tags":[66,58],"class_list":["post-8658","page","type-page","status-publish","has-post-thumbnail","hentry","category-produits-catalogue","tag-produits","tag-transporteurs"],"acf":[],"yoast_head":"<!-- This site is optimized with the Yoast SEO plugin v27.5 - https:\/\/yoast.com\/product\/yoast-seo-wordpress\/ -->\n<title>TCP T\u00f4le pli\u00e9e renforc\u00e9e | Cintasa.com<\/title>\n<meta name=\"description\" content=\"TCP T\u00f4le pli\u00e9e renforc\u00e9e | Cintasa.com %\" \/>\n<meta name=\"robots\" content=\"index, follow, max-snippet:-1, max-image-preview:large, max-video-preview:-1\" \/>\n<link rel=\"canonical\" href=\"https:\/\/www.cintasa.com\/fr\/produits\/convoyeurs\/tcp-tole-pliee-renforcee\/\" \/>\n<meta property=\"og:locale\" content=\"fr_FR\" \/>\n<meta property=\"og:type\" content=\"article\" \/>\n<meta property=\"og:title\" content=\"TCP T\u00f4le pli\u00e9e renforc\u00e9e | Cintasa.com\" \/>\n<meta property=\"og:description\" content=\"TCP T\u00f4le pli\u00e9e renforc\u00e9e | Cintasa.com %\" \/>\n<meta property=\"og:url\" content=\"https:\/\/www.cintasa.com\/fr\/produits\/convoyeurs\/tcp-tole-pliee-renforcee\/\" \/>\n<meta property=\"og:site_name\" content=\"Cintasa.com\" \/>\n<meta property=\"article:publisher\" content=\"https:\/\/www.facebook.com\/Cintasa.Spain\" \/>\n<meta property=\"article:modified_time\" content=\"2024-04-24T10:14:27+00:00\" \/>\n<meta property=\"og:image\" content=\"https:\/\/www.cintasa.com\/wp-content\/uploads\/2024\/04\/IMG_5023-scaled.jpg\" \/>\n\t<meta property=\"og:image:width\" content=\"2560\" \/>\n\t<meta property=\"og:image:height\" content=\"1920\" \/>\n\t<meta property=\"og:image:type\" content=\"image\/jpeg\" \/>\n<meta name=\"twitter:card\" content=\"summary_large_image\" \/>\n<meta name=\"twitter:site\" content=\"@cintasa_sa\" \/>\n<meta name=\"twitter:label1\" content=\"Dur\u00e9e de lecture estim\u00e9e\" \/>\n\t<meta name=\"twitter:data1\" content=\"1 minute\" \/>\n<script type=\"application\/ld+json\" class=\"yoast-schema-graph\">{\"@context\":\"https:\\\/\\\/schema.org\",\"@graph\":[{\"@type\":\"WebPage\",\"@id\":\"https:\\\/\\\/www.cintasa.com\\\/fr\\\/produits\\\/convoyeurs\\\/tcp-tole-pliee-renforcee\\\/\",\"url\":\"https:\\\/\\\/www.cintasa.com\\\/fr\\\/produits\\\/convoyeurs\\\/tcp-tole-pliee-renforcee\\\/\",\"name\":\"TCP T\u00f4le pli\u00e9e renforc\u00e9e | Cintasa.com\",\"isPartOf\":{\"@id\":\"https:\\\/\\\/www.cintasa.com\\\/fr\\\/#website\"},\"primaryImageOfPage\":{\"@id\":\"https:\\\/\\\/www.cintasa.com\\\/fr\\\/produits\\\/convoyeurs\\\/tcp-tole-pliee-renforcee\\\/#primaryimage\"},\"image\":{\"@id\":\"https:\\\/\\\/www.cintasa.com\\\/fr\\\/produits\\\/convoyeurs\\\/tcp-tole-pliee-renforcee\\\/#primaryimage\"},\"thumbnailUrl\":\"https:\\\/\\\/www.cintasa.com\\\/wp-content\\\/uploads\\\/2024\\\/04\\\/IMG_5023-scaled.jpg\",\"datePublished\":\"2019-10-25T16:41:49+00:00\",\"dateModified\":\"2024-04-24T10:14:27+00:00\",\"description\":\"TCP T\u00f4le pli\u00e9e renforc\u00e9e | Cintasa.com %\",\"breadcrumb\":{\"@id\":\"https:\\\/\\\/www.cintasa.com\\\/fr\\\/produits\\\/convoyeurs\\\/tcp-tole-pliee-renforcee\\\/#breadcrumb\"},\"inLanguage\":\"fr-FR\",\"potentialAction\":[{\"@type\":\"ReadAction\",\"target\":[\"https:\\\/\\\/www.cintasa.com\\\/fr\\\/produits\\\/convoyeurs\\\/tcp-tole-pliee-renforcee\\\/\"]}]},{\"@type\":\"ImageObject\",\"inLanguage\":\"fr-FR\",\"@id\":\"https:\\\/\\\/www.cintasa.com\\\/fr\\\/produits\\\/convoyeurs\\\/tcp-tole-pliee-renforcee\\\/#primaryimage\",\"url\":\"https:\\\/\\\/www.cintasa.com\\\/wp-content\\\/uploads\\\/2024\\\/04\\\/IMG_5023-scaled.jpg\",\"contentUrl\":\"https:\\\/\\\/www.cintasa.com\\\/wp-content\\\/uploads\\\/2024\\\/04\\\/IMG_5023-scaled.jpg\",\"width\":2560,\"height\":1920},{\"@type\":\"BreadcrumbList\",\"@id\":\"https:\\\/\\\/www.cintasa.com\\\/fr\\\/produits\\\/convoyeurs\\\/tcp-tole-pliee-renforcee\\\/#breadcrumb\",\"itemListElement\":[{\"@type\":\"ListItem\",\"position\":1,\"name\":\"Portada\",\"item\":\"https:\\\/\\\/www.cintasa.com\\\/fr\\\/\"},{\"@type\":\"ListItem\",\"position\":2,\"name\":\"Produits\",\"item\":\"https:\\\/\\\/www.cintasa.com\\\/fr\\\/produits\\\/\"},{\"@type\":\"ListItem\",\"position\":3,\"name\":\"Convoyeurs\",\"item\":\"https:\\\/\\\/www.cintasa.com\\\/fr\\\/produits\\\/convoyeurs\\\/\"},{\"@type\":\"ListItem\",\"position\":4,\"name\":\"TCP T\u00f4le pli\u00e9e renforc\u00e9e\"}]},{\"@type\":\"WebSite\",\"@id\":\"https:\\\/\\\/www.cintasa.com\\\/fr\\\/#website\",\"url\":\"https:\\\/\\\/www.cintasa.com\\\/fr\\\/\",\"name\":\"Cintasa.com\",\"description\":\"M\u00e1xima experiencia transportando soluciones\",\"publisher\":{\"@id\":\"https:\\\/\\\/www.cintasa.com\\\/fr\\\/#organization\"},\"potentialAction\":[{\"@type\":\"SearchAction\",\"target\":{\"@type\":\"EntryPoint\",\"urlTemplate\":\"https:\\\/\\\/www.cintasa.com\\\/fr\\\/?s={search_term_string}\"},\"query-input\":{\"@type\":\"PropertyValueSpecification\",\"valueRequired\":true,\"valueName\":\"search_term_string\"}}],\"inLanguage\":\"fr-FR\"},{\"@type\":\"Organization\",\"@id\":\"https:\\\/\\\/www.cintasa.com\\\/fr\\\/#organization\",\"name\":\"Cintasa\",\"url\":\"https:\\\/\\\/www.cintasa.com\\\/fr\\\/\",\"logo\":{\"@type\":\"ImageObject\",\"inLanguage\":\"fr-FR\",\"@id\":\"https:\\\/\\\/www.cintasa.com\\\/fr\\\/#\\\/schema\\\/logo\\\/image\\\/\",\"url\":\"https:\\\/\\\/www.cintasa.com\\\/wp-content\\\/uploads\\\/2019\\\/10\\\/Logo-cintasa.png\",\"contentUrl\":\"https:\\\/\\\/www.cintasa.com\\\/wp-content\\\/uploads\\\/2019\\\/10\\\/Logo-cintasa.png\",\"width\":145,\"height\":113,\"caption\":\"Cintasa\"},\"image\":{\"@id\":\"https:\\\/\\\/www.cintasa.com\\\/fr\\\/#\\\/schema\\\/logo\\\/image\\\/\"},\"sameAs\":[\"https:\\\/\\\/www.facebook.com\\\/Cintasa.Spain\",\"https:\\\/\\\/x.com\\\/cintasa_sa\",\"https:\\\/\\\/www.linkedin.com\\\/company\\\/cintasa-s-a-\",\"https:\\\/\\\/www.youtube.com\\\/channel\\\/UCp1Rvyd3fJL__DeL5-ojeFQ\"]}]}<\/script>\n<!-- \/ Yoast SEO plugin. -->","yoast_head_json":{"title":"TCP T\u00f4le pli\u00e9e renforc\u00e9e | Cintasa.com","description":"TCP T\u00f4le pli\u00e9e renforc\u00e9e | Cintasa.com %","robots":{"index":"index","follow":"follow","max-snippet":"max-snippet:-1","max-image-preview":"max-image-preview:large","max-video-preview":"max-video-preview:-1"},"canonical":"https:\/\/www.cintasa.com\/fr\/produits\/convoyeurs\/tcp-tole-pliee-renforcee\/","og_locale":"fr_FR","og_type":"article","og_title":"TCP T\u00f4le pli\u00e9e renforc\u00e9e | Cintasa.com","og_description":"TCP T\u00f4le pli\u00e9e renforc\u00e9e | Cintasa.com %","og_url":"https:\/\/www.cintasa.com\/fr\/produits\/convoyeurs\/tcp-tole-pliee-renforcee\/","og_site_name":"Cintasa.com","article_publisher":"https:\/\/www.facebook.com\/Cintasa.Spain","article_modified_time":"2024-04-24T10:14:27+00:00","og_image":[{"width":2560,"height":1920,"url":"https:\/\/www.cintasa.com\/wp-content\/uploads\/2024\/04\/IMG_5023-scaled.jpg","type":"image\/jpeg"}],"twitter_card":"summary_large_image","twitter_site":"@cintasa_sa","twitter_misc":{"Dur\u00e9e de lecture estim\u00e9e":"1 minute"},"schema":{"@context":"https:\/\/schema.org","@graph":[{"@type":"WebPage","@id":"https:\/\/www.cintasa.com\/fr\/produits\/convoyeurs\/tcp-tole-pliee-renforcee\/","url":"https:\/\/www.cintasa.com\/fr\/produits\/convoyeurs\/tcp-tole-pliee-renforcee\/","name":"TCP T\u00f4le pli\u00e9e renforc\u00e9e | Cintasa.com","isPartOf":{"@id":"https:\/\/www.cintasa.com\/fr\/#website"},"primaryImageOfPage":{"@id":"https:\/\/www.cintasa.com\/fr\/produits\/convoyeurs\/tcp-tole-pliee-renforcee\/#primaryimage"},"image":{"@id":"https:\/\/www.cintasa.com\/fr\/produits\/convoyeurs\/tcp-tole-pliee-renforcee\/#primaryimage"},"thumbnailUrl":"https:\/\/www.cintasa.com\/wp-content\/uploads\/2024\/04\/IMG_5023-scaled.jpg","datePublished":"2019-10-25T16:41:49+00:00","dateModified":"2024-04-24T10:14:27+00:00","description":"TCP T\u00f4le pli\u00e9e renforc\u00e9e | Cintasa.com %","breadcrumb":{"@id":"https:\/\/www.cintasa.com\/fr\/produits\/convoyeurs\/tcp-tole-pliee-renforcee\/#breadcrumb"},"inLanguage":"fr-FR","potentialAction":[{"@type":"ReadAction","target":["https:\/\/www.cintasa.com\/fr\/produits\/convoyeurs\/tcp-tole-pliee-renforcee\/"]}]},{"@type":"ImageObject","inLanguage":"fr-FR","@id":"https:\/\/www.cintasa.com\/fr\/produits\/convoyeurs\/tcp-tole-pliee-renforcee\/#primaryimage","url":"https:\/\/www.cintasa.com\/wp-content\/uploads\/2024\/04\/IMG_5023-scaled.jpg","contentUrl":"https:\/\/www.cintasa.com\/wp-content\/uploads\/2024\/04\/IMG_5023-scaled.jpg","width":2560,"height":1920},{"@type":"BreadcrumbList","@id":"https:\/\/www.cintasa.com\/fr\/produits\/convoyeurs\/tcp-tole-pliee-renforcee\/#breadcrumb","itemListElement":[{"@type":"ListItem","position":1,"name":"Portada","item":"https:\/\/www.cintasa.com\/fr\/"},{"@type":"ListItem","position":2,"name":"Produits","item":"https:\/\/www.cintasa.com\/fr\/produits\/"},{"@type":"ListItem","position":3,"name":"Convoyeurs","item":"https:\/\/www.cintasa.com\/fr\/produits\/convoyeurs\/"},{"@type":"ListItem","position":4,"name":"TCP T\u00f4le pli\u00e9e renforc\u00e9e"}]},{"@type":"WebSite","@id":"https:\/\/www.cintasa.com\/fr\/#website","url":"https:\/\/www.cintasa.com\/fr\/","name":"Cintasa.com","description":"M\u00e1xima experiencia transportando soluciones","publisher":{"@id":"https:\/\/www.cintasa.com\/fr\/#organization"},"potentialAction":[{"@type":"SearchAction","target":{"@type":"EntryPoint","urlTemplate":"https:\/\/www.cintasa.com\/fr\/?s={search_term_string}"},"query-input":{"@type":"PropertyValueSpecification","valueRequired":true,"valueName":"search_term_string"}}],"inLanguage":"fr-FR"},{"@type":"Organization","@id":"https:\/\/www.cintasa.com\/fr\/#organization","name":"Cintasa","url":"https:\/\/www.cintasa.com\/fr\/","logo":{"@type":"ImageObject","inLanguage":"fr-FR","@id":"https:\/\/www.cintasa.com\/fr\/#\/schema\/logo\/image\/","url":"https:\/\/www.cintasa.com\/wp-content\/uploads\/2019\/10\/Logo-cintasa.png","contentUrl":"https:\/\/www.cintasa.com\/wp-content\/uploads\/2019\/10\/Logo-cintasa.png","width":145,"height":113,"caption":"Cintasa"},"image":{"@id":"https:\/\/www.cintasa.com\/fr\/#\/schema\/logo\/image\/"},"sameAs":["https:\/\/www.facebook.com\/Cintasa.Spain","https:\/\/x.com\/cintasa_sa","https:\/\/www.linkedin.com\/company\/cintasa-s-a-","https:\/\/www.youtube.com\/channel\/UCp1Rvyd3fJL__DeL5-ojeFQ"]}]}},"_links":{"self":[{"href":"https:\/\/www.cintasa.com\/fr\/wp-json\/wp\/v2\/pages\/8658","targetHints":{"allow":["GET"]}}],"collection":[{"href":"https:\/\/www.cintasa.com\/fr\/wp-json\/wp\/v2\/pages"}],"about":[{"href":"https:\/\/www.cintasa.com\/fr\/wp-json\/wp\/v2\/types\/page"}],"author":[{"embeddable":true,"href":"https:\/\/www.cintasa.com\/fr\/wp-json\/wp\/v2\/users\/2"}],"replies":[{"embeddable":true,"href":"https:\/\/www.cintasa.com\/fr\/wp-json\/wp\/v2\/comments?post=8658"}],"version-history":[{"count":7,"href":"https:\/\/www.cintasa.com\/fr\/wp-json\/wp\/v2\/pages\/8658\/revisions"}],"predecessor-version":[{"id":12029,"href":"https:\/\/www.cintasa.com\/fr\/wp-json\/wp\/v2\/pages\/8658\/revisions\/12029"}],"up":[{"embeddable":true,"href":"https:\/\/www.cintasa.com\/fr\/wp-json\/wp\/v2\/pages\/8564"}],"wp:featuredmedia":[{"embeddable":true,"href":"https:\/\/www.cintasa.com\/fr\/wp-json\/wp\/v2\/media\/12022"}],"wp:attachment":[{"href":"https:\/\/www.cintasa.com\/fr\/wp-json\/wp\/v2\/media?parent=8658"}],"wp:term":[{"taxonomy":"category","embeddable":true,"href":"https:\/\/www.cintasa.com\/fr\/wp-json\/wp\/v2\/categories?post=8658"},{"taxonomy":"post_tag","embeddable":true,"href":"https:\/\/www.cintasa.com\/fr\/wp-json\/wp\/v2\/tags?post=8658"}],"curies":[{"name":"wp","href":"https:\/\/api.w.org\/{rel}","templated":true}]}}