{"id":8666,"date":"2019-10-25T18:55:03","date_gmt":"2019-10-25T16:55:03","guid":{"rendered":"https:\/\/www.cintasa.com\/produits\/convoyeurs\/tcr-camino-de-rodillos\/"},"modified":"2025-05-23T08:37:29","modified_gmt":"2025-05-23T06:37:29","slug":"tcr-convoyeur-a-rouleaux","status":"publish","type":"page","link":"https:\/\/www.cintasa.com\/fr\/produits\/convoyeurs\/tcr-convoyeur-a-rouleaux\/","title":{"rendered":"TCR Convoyeur \u00e0 rouleaux"},"content":{"rendered":"<p>L\u00b4utilisation de ce transporteur est appropri\u00e9e pour tout type d\u00b4industrie de manufacture, avec de multiples possibilit\u00e9s parmi lesquelles se trouvent les lignes de montage pour des biens de consommation, produits termin\u00e9s, paquets, et logistique et en d\u00e9finitive tout type de transport en int\u00e9rieur. Il pr\u00e9sente en plus de par sa conception, des facilit\u00e9s pour incorporer tout type d\u00b4automatisation suppl\u00e9mentaire.<\/p>\n<p>Compl\u00e9tant les lignes de transport, ce mod\u00e8le est aussi fabriqu\u00e9e avec forme de courbe pour toute activit\u00e9 dans laquelle on a besoin des tours ou mouvements non-lin\u00e9aires, sans n\u00e9cessit\u00e9 d\u2019intervention d\u2019aucun op\u00e9rateur.<\/p>\n<p>Selon les charges \u00e0 supporter, le ch\u00e2ssis sera form\u00e9 par des montants de t\u00f4le travaill\u00e9e en forme de \u201cU\u201d et \u00e9tay\u00e9es entre elles pour leur renfort ou par UPN \u00e9tay\u00e9s entre eux.<\/p>\n<p>Les rouleaux de transport et la distance entre eux se d\u00e9terminent en accord avec le produit \u00e0 transporter, ses dimensions et son poids. Ils poss\u00e8dent un double pignon pour leur mise en marche, pas \u00e0 pas au moyen d\u00b4une double cha\u00eene.<\/p>\n<p>Les largeurs et les qualit\u00e9s de fabrication (acier au carbone, acier inoxydable, etc.) sont adaptables \u00e0 tout type de besoins ainsi qu\u00b4aux diff\u00e9rentes dispositions de travail.<\/p>\n<h3>Types<\/h3>\n<ul>\n<li>Accionn\u00e8s<\/li>\n<li>Par Gravite<\/li>\n<\/ul>\n","protected":false},"excerpt":{"rendered":"<p>L\u00b4utilisation de ce transporteur est appropri\u00e9e pour tout type d\u00b4industrie de manufacture, avec de multiples possibilit\u00e9s parmi lesquelles se trouvent les lignes de montage pour des biens de consommation, produits termin\u00e9s, paquets, et logistique et en d\u00e9finitive tout type de transport en int\u00e9rieur. Il pr\u00e9sente en plus de par sa conception, des facilit\u00e9s pour incorporer&#8230;<\/p>\n","protected":false},"author":2,"featured_media":11133,"parent":8564,"menu_order":0,"comment_status":"closed","ping_status":"closed","template":"","meta":{"_acf_changed":false,"footnotes":""},"categories":[69],"tags":[66,58],"class_list":["post-8666","page","type-page","status-publish","has-post-thumbnail","hentry","category-produits-catalogue","tag-produits","tag-transporteurs"],"acf":[],"yoast_head":"<!-- This site is optimized with the Yoast SEO plugin v27.5 - https:\/\/yoast.com\/product\/yoast-seo-wordpress\/ -->\n<title>TCR Convoyeur \u00e0 rouleaux | Cintasa.com<\/title>\n<meta name=\"description\" content=\"TCR Convoyeur \u00e0 rouleaux | Cintasa.com %\" \/>\n<meta name=\"robots\" content=\"index, follow, max-snippet:-1, max-image-preview:large, max-video-preview:-1\" \/>\n<link rel=\"canonical\" href=\"https:\/\/www.cintasa.com\/fr\/produits\/convoyeurs\/tcr-convoyeur-a-rouleaux\/\" \/>\n<meta property=\"og:locale\" content=\"fr_FR\" \/>\n<meta property=\"og:type\" content=\"article\" \/>\n<meta property=\"og:title\" content=\"TCR Convoyeur \u00e0 rouleaux | Cintasa.com\" \/>\n<meta property=\"og:description\" content=\"TCR Convoyeur \u00e0 rouleaux | Cintasa.com %\" \/>\n<meta property=\"og:url\" content=\"https:\/\/www.cintasa.com\/fr\/produits\/convoyeurs\/tcr-convoyeur-a-rouleaux\/\" \/>\n<meta property=\"og:site_name\" content=\"Cintasa.com\" \/>\n<meta property=\"article:publisher\" content=\"https:\/\/www.facebook.com\/Cintasa.Spain\" \/>\n<meta property=\"article:modified_time\" content=\"2025-05-23T06:37:29+00:00\" \/>\n<meta property=\"og:image\" content=\"https:\/\/www.cintasa.com\/wp-content\/uploads\/2021\/04\/Caminos-de-Rodillos-2-F17030.jpg\" \/>\n\t<meta property=\"og:image:width\" content=\"972\" \/>\n\t<meta property=\"og:image:height\" content=\"707\" \/>\n\t<meta property=\"og:image:type\" content=\"image\/jpeg\" \/>\n<meta name=\"twitter:card\" content=\"summary_large_image\" \/>\n<meta name=\"twitter:site\" content=\"@cintasa_sa\" \/>\n<meta name=\"twitter:label1\" content=\"Dur\u00e9e de lecture estim\u00e9e\" \/>\n\t<meta name=\"twitter:data1\" content=\"1 minute\" \/>\n<script type=\"application\/ld+json\" class=\"yoast-schema-graph\">{\"@context\":\"https:\\\/\\\/schema.org\",\"@graph\":[{\"@type\":\"WebPage\",\"@id\":\"https:\\\/\\\/www.cintasa.com\\\/fr\\\/produits\\\/convoyeurs\\\/tcr-convoyeur-a-rouleaux\\\/\",\"url\":\"https:\\\/\\\/www.cintasa.com\\\/fr\\\/produits\\\/convoyeurs\\\/tcr-convoyeur-a-rouleaux\\\/\",\"name\":\"TCR Convoyeur \u00e0 rouleaux | Cintasa.com\",\"isPartOf\":{\"@id\":\"https:\\\/\\\/www.cintasa.com\\\/fr\\\/#website\"},\"primaryImageOfPage\":{\"@id\":\"https:\\\/\\\/www.cintasa.com\\\/fr\\\/produits\\\/convoyeurs\\\/tcr-convoyeur-a-rouleaux\\\/#primaryimage\"},\"image\":{\"@id\":\"https:\\\/\\\/www.cintasa.com\\\/fr\\\/produits\\\/convoyeurs\\\/tcr-convoyeur-a-rouleaux\\\/#primaryimage\"},\"thumbnailUrl\":\"https:\\\/\\\/www.cintasa.com\\\/wp-content\\\/uploads\\\/2021\\\/04\\\/Caminos-de-Rodillos-2-F17030.jpg\",\"datePublished\":\"2019-10-25T16:55:03+00:00\",\"dateModified\":\"2025-05-23T06:37:29+00:00\",\"description\":\"TCR Convoyeur \u00e0 rouleaux | Cintasa.com %\",\"breadcrumb\":{\"@id\":\"https:\\\/\\\/www.cintasa.com\\\/fr\\\/produits\\\/convoyeurs\\\/tcr-convoyeur-a-rouleaux\\\/#breadcrumb\"},\"inLanguage\":\"fr-FR\",\"potentialAction\":[{\"@type\":\"ReadAction\",\"target\":[\"https:\\\/\\\/www.cintasa.com\\\/fr\\\/produits\\\/convoyeurs\\\/tcr-convoyeur-a-rouleaux\\\/\"]}]},{\"@type\":\"ImageObject\",\"inLanguage\":\"fr-FR\",\"@id\":\"https:\\\/\\\/www.cintasa.com\\\/fr\\\/produits\\\/convoyeurs\\\/tcr-convoyeur-a-rouleaux\\\/#primaryimage\",\"url\":\"https:\\\/\\\/www.cintasa.com\\\/wp-content\\\/uploads\\\/2021\\\/04\\\/Caminos-de-Rodillos-2-F17030.jpg\",\"contentUrl\":\"https:\\\/\\\/www.cintasa.com\\\/wp-content\\\/uploads\\\/2021\\\/04\\\/Caminos-de-Rodillos-2-F17030.jpg\",\"width\":972,\"height\":707},{\"@type\":\"BreadcrumbList\",\"@id\":\"https:\\\/\\\/www.cintasa.com\\\/fr\\\/produits\\\/convoyeurs\\\/tcr-convoyeur-a-rouleaux\\\/#breadcrumb\",\"itemListElement\":[{\"@type\":\"ListItem\",\"position\":1,\"name\":\"Portada\",\"item\":\"https:\\\/\\\/www.cintasa.com\\\/fr\\\/\"},{\"@type\":\"ListItem\",\"position\":2,\"name\":\"Produits\",\"item\":\"https:\\\/\\\/www.cintasa.com\\\/fr\\\/produits\\\/\"},{\"@type\":\"ListItem\",\"position\":3,\"name\":\"Convoyeurs\",\"item\":\"https:\\\/\\\/www.cintasa.com\\\/fr\\\/produits\\\/convoyeurs\\\/\"},{\"@type\":\"ListItem\",\"position\":4,\"name\":\"TCR Convoyeur \u00e0 rouleaux\"}]},{\"@type\":\"WebSite\",\"@id\":\"https:\\\/\\\/www.cintasa.com\\\/fr\\\/#website\",\"url\":\"https:\\\/\\\/www.cintasa.com\\\/fr\\\/\",\"name\":\"Cintasa.com\",\"description\":\"M\u00e1xima experiencia transportando soluciones\",\"publisher\":{\"@id\":\"https:\\\/\\\/www.cintasa.com\\\/fr\\\/#organization\"},\"potentialAction\":[{\"@type\":\"SearchAction\",\"target\":{\"@type\":\"EntryPoint\",\"urlTemplate\":\"https:\\\/\\\/www.cintasa.com\\\/fr\\\/?s={search_term_string}\"},\"query-input\":{\"@type\":\"PropertyValueSpecification\",\"valueRequired\":true,\"valueName\":\"search_term_string\"}}],\"inLanguage\":\"fr-FR\"},{\"@type\":\"Organization\",\"@id\":\"https:\\\/\\\/www.cintasa.com\\\/fr\\\/#organization\",\"name\":\"Cintasa\",\"url\":\"https:\\\/\\\/www.cintasa.com\\\/fr\\\/\",\"logo\":{\"@type\":\"ImageObject\",\"inLanguage\":\"fr-FR\",\"@id\":\"https:\\\/\\\/www.cintasa.com\\\/fr\\\/#\\\/schema\\\/logo\\\/image\\\/\",\"url\":\"https:\\\/\\\/www.cintasa.com\\\/wp-content\\\/uploads\\\/2019\\\/10\\\/Logo-cintasa.png\",\"contentUrl\":\"https:\\\/\\\/www.cintasa.com\\\/wp-content\\\/uploads\\\/2019\\\/10\\\/Logo-cintasa.png\",\"width\":145,\"height\":113,\"caption\":\"Cintasa\"},\"image\":{\"@id\":\"https:\\\/\\\/www.cintasa.com\\\/fr\\\/#\\\/schema\\\/logo\\\/image\\\/\"},\"sameAs\":[\"https:\\\/\\\/www.facebook.com\\\/Cintasa.Spain\",\"https:\\\/\\\/x.com\\\/cintasa_sa\",\"https:\\\/\\\/www.linkedin.com\\\/company\\\/cintasa-s-a-\",\"https:\\\/\\\/www.youtube.com\\\/channel\\\/UCp1Rvyd3fJL__DeL5-ojeFQ\"]}]}<\/script>\n<!-- \/ Yoast SEO plugin. -->","yoast_head_json":{"title":"TCR Convoyeur \u00e0 rouleaux | Cintasa.com","description":"TCR Convoyeur \u00e0 rouleaux | Cintasa.com %","robots":{"index":"index","follow":"follow","max-snippet":"max-snippet:-1","max-image-preview":"max-image-preview:large","max-video-preview":"max-video-preview:-1"},"canonical":"https:\/\/www.cintasa.com\/fr\/produits\/convoyeurs\/tcr-convoyeur-a-rouleaux\/","og_locale":"fr_FR","og_type":"article","og_title":"TCR Convoyeur \u00e0 rouleaux | Cintasa.com","og_description":"TCR Convoyeur \u00e0 rouleaux | Cintasa.com %","og_url":"https:\/\/www.cintasa.com\/fr\/produits\/convoyeurs\/tcr-convoyeur-a-rouleaux\/","og_site_name":"Cintasa.com","article_publisher":"https:\/\/www.facebook.com\/Cintasa.Spain","article_modified_time":"2025-05-23T06:37:29+00:00","og_image":[{"width":972,"height":707,"url":"https:\/\/www.cintasa.com\/wp-content\/uploads\/2021\/04\/Caminos-de-Rodillos-2-F17030.jpg","type":"image\/jpeg"}],"twitter_card":"summary_large_image","twitter_site":"@cintasa_sa","twitter_misc":{"Dur\u00e9e de lecture estim\u00e9e":"1 minute"},"schema":{"@context":"https:\/\/schema.org","@graph":[{"@type":"WebPage","@id":"https:\/\/www.cintasa.com\/fr\/produits\/convoyeurs\/tcr-convoyeur-a-rouleaux\/","url":"https:\/\/www.cintasa.com\/fr\/produits\/convoyeurs\/tcr-convoyeur-a-rouleaux\/","name":"TCR Convoyeur \u00e0 rouleaux | Cintasa.com","isPartOf":{"@id":"https:\/\/www.cintasa.com\/fr\/#website"},"primaryImageOfPage":{"@id":"https:\/\/www.cintasa.com\/fr\/produits\/convoyeurs\/tcr-convoyeur-a-rouleaux\/#primaryimage"},"image":{"@id":"https:\/\/www.cintasa.com\/fr\/produits\/convoyeurs\/tcr-convoyeur-a-rouleaux\/#primaryimage"},"thumbnailUrl":"https:\/\/www.cintasa.com\/wp-content\/uploads\/2021\/04\/Caminos-de-Rodillos-2-F17030.jpg","datePublished":"2019-10-25T16:55:03+00:00","dateModified":"2025-05-23T06:37:29+00:00","description":"TCR Convoyeur \u00e0 rouleaux | Cintasa.com %","breadcrumb":{"@id":"https:\/\/www.cintasa.com\/fr\/produits\/convoyeurs\/tcr-convoyeur-a-rouleaux\/#breadcrumb"},"inLanguage":"fr-FR","potentialAction":[{"@type":"ReadAction","target":["https:\/\/www.cintasa.com\/fr\/produits\/convoyeurs\/tcr-convoyeur-a-rouleaux\/"]}]},{"@type":"ImageObject","inLanguage":"fr-FR","@id":"https:\/\/www.cintasa.com\/fr\/produits\/convoyeurs\/tcr-convoyeur-a-rouleaux\/#primaryimage","url":"https:\/\/www.cintasa.com\/wp-content\/uploads\/2021\/04\/Caminos-de-Rodillos-2-F17030.jpg","contentUrl":"https:\/\/www.cintasa.com\/wp-content\/uploads\/2021\/04\/Caminos-de-Rodillos-2-F17030.jpg","width":972,"height":707},{"@type":"BreadcrumbList","@id":"https:\/\/www.cintasa.com\/fr\/produits\/convoyeurs\/tcr-convoyeur-a-rouleaux\/#breadcrumb","itemListElement":[{"@type":"ListItem","position":1,"name":"Portada","item":"https:\/\/www.cintasa.com\/fr\/"},{"@type":"ListItem","position":2,"name":"Produits","item":"https:\/\/www.cintasa.com\/fr\/produits\/"},{"@type":"ListItem","position":3,"name":"Convoyeurs","item":"https:\/\/www.cintasa.com\/fr\/produits\/convoyeurs\/"},{"@type":"ListItem","position":4,"name":"TCR Convoyeur \u00e0 rouleaux"}]},{"@type":"WebSite","@id":"https:\/\/www.cintasa.com\/fr\/#website","url":"https:\/\/www.cintasa.com\/fr\/","name":"Cintasa.com","description":"M\u00e1xima experiencia transportando soluciones","publisher":{"@id":"https:\/\/www.cintasa.com\/fr\/#organization"},"potentialAction":[{"@type":"SearchAction","target":{"@type":"EntryPoint","urlTemplate":"https:\/\/www.cintasa.com\/fr\/?s={search_term_string}"},"query-input":{"@type":"PropertyValueSpecification","valueRequired":true,"valueName":"search_term_string"}}],"inLanguage":"fr-FR"},{"@type":"Organization","@id":"https:\/\/www.cintasa.com\/fr\/#organization","name":"Cintasa","url":"https:\/\/www.cintasa.com\/fr\/","logo":{"@type":"ImageObject","inLanguage":"fr-FR","@id":"https:\/\/www.cintasa.com\/fr\/#\/schema\/logo\/image\/","url":"https:\/\/www.cintasa.com\/wp-content\/uploads\/2019\/10\/Logo-cintasa.png","contentUrl":"https:\/\/www.cintasa.com\/wp-content\/uploads\/2019\/10\/Logo-cintasa.png","width":145,"height":113,"caption":"Cintasa"},"image":{"@id":"https:\/\/www.cintasa.com\/fr\/#\/schema\/logo\/image\/"},"sameAs":["https:\/\/www.facebook.com\/Cintasa.Spain","https:\/\/x.com\/cintasa_sa","https:\/\/www.linkedin.com\/company\/cintasa-s-a-","https:\/\/www.youtube.com\/channel\/UCp1Rvyd3fJL__DeL5-ojeFQ"]}]}},"_links":{"self":[{"href":"https:\/\/www.cintasa.com\/fr\/wp-json\/wp\/v2\/pages\/8666","targetHints":{"allow":["GET"]}}],"collection":[{"href":"https:\/\/www.cintasa.com\/fr\/wp-json\/wp\/v2\/pages"}],"about":[{"href":"https:\/\/www.cintasa.com\/fr\/wp-json\/wp\/v2\/types\/page"}],"author":[{"embeddable":true,"href":"https:\/\/www.cintasa.com\/fr\/wp-json\/wp\/v2\/users\/2"}],"replies":[{"embeddable":true,"href":"https:\/\/www.cintasa.com\/fr\/wp-json\/wp\/v2\/comments?post=8666"}],"version-history":[{"count":7,"href":"https:\/\/www.cintasa.com\/fr\/wp-json\/wp\/v2\/pages\/8666\/revisions"}],"predecessor-version":[{"id":12886,"href":"https:\/\/www.cintasa.com\/fr\/wp-json\/wp\/v2\/pages\/8666\/revisions\/12886"}],"up":[{"embeddable":true,"href":"https:\/\/www.cintasa.com\/fr\/wp-json\/wp\/v2\/pages\/8564"}],"wp:featuredmedia":[{"embeddable":true,"href":"https:\/\/www.cintasa.com\/fr\/wp-json\/wp\/v2\/media\/11133"}],"wp:attachment":[{"href":"https:\/\/www.cintasa.com\/fr\/wp-json\/wp\/v2\/media?parent=8666"}],"wp:term":[{"taxonomy":"category","embeddable":true,"href":"https:\/\/www.cintasa.com\/fr\/wp-json\/wp\/v2\/categories?post=8666"},{"taxonomy":"post_tag","embeddable":true,"href":"https:\/\/www.cintasa.com\/fr\/wp-json\/wp\/v2\/tags?post=8666"}],"curies":[{"name":"wp","href":"https:\/\/api.w.org\/{rel}","templated":true}]}}