{"id":8696,"date":"2019-10-25T18:29:09","date_gmt":"2019-10-25T16:29:09","guid":{"rendered":"https:\/\/www.cintasa.com\/produits\/convoyeurs\/tuc-chapa-plegada\/"},"modified":"2025-05-23T08:30:05","modified_gmt":"2025-05-23T06:30:05","slug":"tuc-tole-pliee","status":"publish","type":"page","link":"https:\/\/www.cintasa.com\/fr\/produits\/convoyeurs\/tuc-tole-pliee\/","title":{"rendered":"TUC T\u00f4le Pli\u00e9e"},"content":{"rendered":"<div class=\"vc_row wpb_row vc_inner vc_row-fluid\">\n<div class=\"wpb_column vc_column_container vc_col-sm-12\">\n<div class=\"vc_column-inner \">\n<div class=\"wpb_wrapper\">\n<div class=\"wpb_text_column wpb_content_element \">\n<div class=\"wpb_wrapper\">\n<div class=\"wpb_text_column wpb_content_element \">\n<div class=\"wpb_wrapper\">\n<p>Ch\u00e2ssis form\u00e9 de deux profils de t\u00f4le en forme de \u201cU\u201d, qui \u00e9tay\u00e9s transversalement forment un treillis horizontal.<\/p>\n<p>Les ch\u00e2ssis interm\u00e9diaires sont fabriqu\u00e9s de mani\u00e8re modulaire sur des longueurs de 2 \u00e0 6 m\u00e8tres, rendant possible son adaptation \u00e0 n\u00b4importe quelle longueur de transporteur demand\u00e9e.<\/p>\n<p>Sur le ch\u00e2ssis sont situ\u00e9es les stations de rouleaux en \u201cV\u201d qui permettent, de mani\u00e8re simple de r\u00e9aliser le centrage et l\u00b4alignements correct du tapis.<\/p>\n<p>Les tambours, le tenseur comme le moteur, sont fabriqu\u00e9s type cage avec une forme bomb\u00e9e et en utilisant des profils type \u201cT\u201d. La fixation des deux tambours est r\u00e9alis\u00e9e au moyen de supports \u00e0 roulements.<\/p>\n<p>Largeurs de tapis standardis\u00e9es 400, 500, 600, 800 et 1000 mm.<\/p>\n<p>Capacit\u00e9 de transport maximum, en fonction des densit\u00e9s, au tour des 60-70 T\/h.<\/p>\n<\/div>\n<\/div>\n<\/div>\n<\/div>\n<\/div>\n<\/div>\n<\/div>\n<\/div>\n","protected":false},"excerpt":{"rendered":"<p>Ch\u00e2ssis form\u00e9 de deux profils de t\u00f4le en forme de \u201cU\u201d, qui \u00e9tay\u00e9s transversalement forment un treillis horizontal. Les ch\u00e2ssis interm\u00e9diaires sont fabriqu\u00e9s de mani\u00e8re modulaire sur des longueurs de 2 \u00e0 6 m\u00e8tres, rendant possible son adaptation \u00e0 n\u00b4importe quelle longueur de transporteur demand\u00e9e. Sur le ch\u00e2ssis sont situ\u00e9es les stations de rouleaux en&#8230;<\/p>\n","protected":false},"author":2,"featured_media":12381,"parent":8564,"menu_order":0,"comment_status":"closed","ping_status":"closed","template":"","meta":{"_acf_changed":false,"footnotes":""},"categories":[69],"tags":[66,58],"class_list":["post-8696","page","type-page","status-publish","has-post-thumbnail","hentry","category-produits-catalogue","tag-produits","tag-transporteurs"],"acf":[],"yoast_head":"<!-- This site is optimized with the Yoast SEO plugin v27.5 - https:\/\/yoast.com\/product\/yoast-seo-wordpress\/ -->\n<title>TUC T\u00f4le Pli\u00e9e | Cintasa.com<\/title>\n<meta name=\"description\" content=\"TUC T\u00f4le Pli\u00e9e | Cintasa.com %\" \/>\n<meta name=\"robots\" content=\"index, follow, max-snippet:-1, max-image-preview:large, max-video-preview:-1\" \/>\n<link rel=\"canonical\" href=\"https:\/\/www.cintasa.com\/fr\/produits\/convoyeurs\/tuc-tole-pliee\/\" \/>\n<meta property=\"og:locale\" content=\"fr_FR\" \/>\n<meta property=\"og:type\" content=\"article\" \/>\n<meta property=\"og:title\" content=\"TUC T\u00f4le Pli\u00e9e | Cintasa.com\" \/>\n<meta property=\"og:description\" content=\"TUC T\u00f4le Pli\u00e9e | Cintasa.com %\" \/>\n<meta property=\"og:url\" content=\"https:\/\/www.cintasa.com\/fr\/produits\/convoyeurs\/tuc-tole-pliee\/\" \/>\n<meta property=\"og:site_name\" content=\"Cintasa.com\" \/>\n<meta property=\"article:publisher\" content=\"https:\/\/www.facebook.com\/Cintasa.Spain\" \/>\n<meta property=\"article:modified_time\" content=\"2025-05-23T06:30:05+00:00\" \/>\n<meta property=\"og:image\" content=\"https:\/\/www.cintasa.com\/wp-content\/uploads\/2025\/01\/F17068-8-scaled.jpg\" \/>\n\t<meta property=\"og:image:width\" content=\"2560\" \/>\n\t<meta property=\"og:image:height\" content=\"1920\" \/>\n\t<meta property=\"og:image:type\" content=\"image\/jpeg\" \/>\n<meta name=\"twitter:card\" content=\"summary_large_image\" \/>\n<meta name=\"twitter:site\" content=\"@cintasa_sa\" \/>\n<meta name=\"twitter:label1\" content=\"Dur\u00e9e de lecture estim\u00e9e\" \/>\n\t<meta name=\"twitter:data1\" content=\"1 minute\" \/>\n<script type=\"application\/ld+json\" class=\"yoast-schema-graph\">{\"@context\":\"https:\\\/\\\/schema.org\",\"@graph\":[{\"@type\":\"WebPage\",\"@id\":\"https:\\\/\\\/www.cintasa.com\\\/fr\\\/produits\\\/convoyeurs\\\/tuc-tole-pliee\\\/\",\"url\":\"https:\\\/\\\/www.cintasa.com\\\/fr\\\/produits\\\/convoyeurs\\\/tuc-tole-pliee\\\/\",\"name\":\"TUC T\u00f4le Pli\u00e9e | Cintasa.com\",\"isPartOf\":{\"@id\":\"https:\\\/\\\/www.cintasa.com\\\/fr\\\/#website\"},\"primaryImageOfPage\":{\"@id\":\"https:\\\/\\\/www.cintasa.com\\\/fr\\\/produits\\\/convoyeurs\\\/tuc-tole-pliee\\\/#primaryimage\"},\"image\":{\"@id\":\"https:\\\/\\\/www.cintasa.com\\\/fr\\\/produits\\\/convoyeurs\\\/tuc-tole-pliee\\\/#primaryimage\"},\"thumbnailUrl\":\"https:\\\/\\\/www.cintasa.com\\\/wp-content\\\/uploads\\\/2025\\\/01\\\/F17068-8-scaled.jpg\",\"datePublished\":\"2019-10-25T16:29:09+00:00\",\"dateModified\":\"2025-05-23T06:30:05+00:00\",\"description\":\"TUC T\u00f4le Pli\u00e9e | Cintasa.com %\",\"breadcrumb\":{\"@id\":\"https:\\\/\\\/www.cintasa.com\\\/fr\\\/produits\\\/convoyeurs\\\/tuc-tole-pliee\\\/#breadcrumb\"},\"inLanguage\":\"fr-FR\",\"potentialAction\":[{\"@type\":\"ReadAction\",\"target\":[\"https:\\\/\\\/www.cintasa.com\\\/fr\\\/produits\\\/convoyeurs\\\/tuc-tole-pliee\\\/\"]}]},{\"@type\":\"ImageObject\",\"inLanguage\":\"fr-FR\",\"@id\":\"https:\\\/\\\/www.cintasa.com\\\/fr\\\/produits\\\/convoyeurs\\\/tuc-tole-pliee\\\/#primaryimage\",\"url\":\"https:\\\/\\\/www.cintasa.com\\\/wp-content\\\/uploads\\\/2025\\\/01\\\/F17068-8-scaled.jpg\",\"contentUrl\":\"https:\\\/\\\/www.cintasa.com\\\/wp-content\\\/uploads\\\/2025\\\/01\\\/F17068-8-scaled.jpg\",\"width\":2560,\"height\":1920},{\"@type\":\"BreadcrumbList\",\"@id\":\"https:\\\/\\\/www.cintasa.com\\\/fr\\\/produits\\\/convoyeurs\\\/tuc-tole-pliee\\\/#breadcrumb\",\"itemListElement\":[{\"@type\":\"ListItem\",\"position\":1,\"name\":\"Portada\",\"item\":\"https:\\\/\\\/www.cintasa.com\\\/fr\\\/\"},{\"@type\":\"ListItem\",\"position\":2,\"name\":\"Produits\",\"item\":\"https:\\\/\\\/www.cintasa.com\\\/fr\\\/produits\\\/\"},{\"@type\":\"ListItem\",\"position\":3,\"name\":\"Convoyeurs\",\"item\":\"https:\\\/\\\/www.cintasa.com\\\/fr\\\/produits\\\/convoyeurs\\\/\"},{\"@type\":\"ListItem\",\"position\":4,\"name\":\"TUC T\u00f4le Pli\u00e9e\"}]},{\"@type\":\"WebSite\",\"@id\":\"https:\\\/\\\/www.cintasa.com\\\/fr\\\/#website\",\"url\":\"https:\\\/\\\/www.cintasa.com\\\/fr\\\/\",\"name\":\"Cintasa.com\",\"description\":\"M\u00e1xima experiencia transportando soluciones\",\"publisher\":{\"@id\":\"https:\\\/\\\/www.cintasa.com\\\/fr\\\/#organization\"},\"potentialAction\":[{\"@type\":\"SearchAction\",\"target\":{\"@type\":\"EntryPoint\",\"urlTemplate\":\"https:\\\/\\\/www.cintasa.com\\\/fr\\\/?s={search_term_string}\"},\"query-input\":{\"@type\":\"PropertyValueSpecification\",\"valueRequired\":true,\"valueName\":\"search_term_string\"}}],\"inLanguage\":\"fr-FR\"},{\"@type\":\"Organization\",\"@id\":\"https:\\\/\\\/www.cintasa.com\\\/fr\\\/#organization\",\"name\":\"Cintasa\",\"url\":\"https:\\\/\\\/www.cintasa.com\\\/fr\\\/\",\"logo\":{\"@type\":\"ImageObject\",\"inLanguage\":\"fr-FR\",\"@id\":\"https:\\\/\\\/www.cintasa.com\\\/fr\\\/#\\\/schema\\\/logo\\\/image\\\/\",\"url\":\"https:\\\/\\\/www.cintasa.com\\\/wp-content\\\/uploads\\\/2019\\\/10\\\/Logo-cintasa.png\",\"contentUrl\":\"https:\\\/\\\/www.cintasa.com\\\/wp-content\\\/uploads\\\/2019\\\/10\\\/Logo-cintasa.png\",\"width\":145,\"height\":113,\"caption\":\"Cintasa\"},\"image\":{\"@id\":\"https:\\\/\\\/www.cintasa.com\\\/fr\\\/#\\\/schema\\\/logo\\\/image\\\/\"},\"sameAs\":[\"https:\\\/\\\/www.facebook.com\\\/Cintasa.Spain\",\"https:\\\/\\\/x.com\\\/cintasa_sa\",\"https:\\\/\\\/www.linkedin.com\\\/company\\\/cintasa-s-a-\",\"https:\\\/\\\/www.youtube.com\\\/channel\\\/UCp1Rvyd3fJL__DeL5-ojeFQ\"]}]}<\/script>\n<!-- \/ Yoast SEO plugin. -->","yoast_head_json":{"title":"TUC T\u00f4le Pli\u00e9e | Cintasa.com","description":"TUC T\u00f4le Pli\u00e9e | Cintasa.com %","robots":{"index":"index","follow":"follow","max-snippet":"max-snippet:-1","max-image-preview":"max-image-preview:large","max-video-preview":"max-video-preview:-1"},"canonical":"https:\/\/www.cintasa.com\/fr\/produits\/convoyeurs\/tuc-tole-pliee\/","og_locale":"fr_FR","og_type":"article","og_title":"TUC T\u00f4le Pli\u00e9e | Cintasa.com","og_description":"TUC T\u00f4le Pli\u00e9e | Cintasa.com %","og_url":"https:\/\/www.cintasa.com\/fr\/produits\/convoyeurs\/tuc-tole-pliee\/","og_site_name":"Cintasa.com","article_publisher":"https:\/\/www.facebook.com\/Cintasa.Spain","article_modified_time":"2025-05-23T06:30:05+00:00","og_image":[{"width":2560,"height":1920,"url":"https:\/\/www.cintasa.com\/wp-content\/uploads\/2025\/01\/F17068-8-scaled.jpg","type":"image\/jpeg"}],"twitter_card":"summary_large_image","twitter_site":"@cintasa_sa","twitter_misc":{"Dur\u00e9e de lecture estim\u00e9e":"1 minute"},"schema":{"@context":"https:\/\/schema.org","@graph":[{"@type":"WebPage","@id":"https:\/\/www.cintasa.com\/fr\/produits\/convoyeurs\/tuc-tole-pliee\/","url":"https:\/\/www.cintasa.com\/fr\/produits\/convoyeurs\/tuc-tole-pliee\/","name":"TUC T\u00f4le Pli\u00e9e | Cintasa.com","isPartOf":{"@id":"https:\/\/www.cintasa.com\/fr\/#website"},"primaryImageOfPage":{"@id":"https:\/\/www.cintasa.com\/fr\/produits\/convoyeurs\/tuc-tole-pliee\/#primaryimage"},"image":{"@id":"https:\/\/www.cintasa.com\/fr\/produits\/convoyeurs\/tuc-tole-pliee\/#primaryimage"},"thumbnailUrl":"https:\/\/www.cintasa.com\/wp-content\/uploads\/2025\/01\/F17068-8-scaled.jpg","datePublished":"2019-10-25T16:29:09+00:00","dateModified":"2025-05-23T06:30:05+00:00","description":"TUC T\u00f4le Pli\u00e9e | Cintasa.com %","breadcrumb":{"@id":"https:\/\/www.cintasa.com\/fr\/produits\/convoyeurs\/tuc-tole-pliee\/#breadcrumb"},"inLanguage":"fr-FR","potentialAction":[{"@type":"ReadAction","target":["https:\/\/www.cintasa.com\/fr\/produits\/convoyeurs\/tuc-tole-pliee\/"]}]},{"@type":"ImageObject","inLanguage":"fr-FR","@id":"https:\/\/www.cintasa.com\/fr\/produits\/convoyeurs\/tuc-tole-pliee\/#primaryimage","url":"https:\/\/www.cintasa.com\/wp-content\/uploads\/2025\/01\/F17068-8-scaled.jpg","contentUrl":"https:\/\/www.cintasa.com\/wp-content\/uploads\/2025\/01\/F17068-8-scaled.jpg","width":2560,"height":1920},{"@type":"BreadcrumbList","@id":"https:\/\/www.cintasa.com\/fr\/produits\/convoyeurs\/tuc-tole-pliee\/#breadcrumb","itemListElement":[{"@type":"ListItem","position":1,"name":"Portada","item":"https:\/\/www.cintasa.com\/fr\/"},{"@type":"ListItem","position":2,"name":"Produits","item":"https:\/\/www.cintasa.com\/fr\/produits\/"},{"@type":"ListItem","position":3,"name":"Convoyeurs","item":"https:\/\/www.cintasa.com\/fr\/produits\/convoyeurs\/"},{"@type":"ListItem","position":4,"name":"TUC T\u00f4le Pli\u00e9e"}]},{"@type":"WebSite","@id":"https:\/\/www.cintasa.com\/fr\/#website","url":"https:\/\/www.cintasa.com\/fr\/","name":"Cintasa.com","description":"M\u00e1xima experiencia transportando soluciones","publisher":{"@id":"https:\/\/www.cintasa.com\/fr\/#organization"},"potentialAction":[{"@type":"SearchAction","target":{"@type":"EntryPoint","urlTemplate":"https:\/\/www.cintasa.com\/fr\/?s={search_term_string}"},"query-input":{"@type":"PropertyValueSpecification","valueRequired":true,"valueName":"search_term_string"}}],"inLanguage":"fr-FR"},{"@type":"Organization","@id":"https:\/\/www.cintasa.com\/fr\/#organization","name":"Cintasa","url":"https:\/\/www.cintasa.com\/fr\/","logo":{"@type":"ImageObject","inLanguage":"fr-FR","@id":"https:\/\/www.cintasa.com\/fr\/#\/schema\/logo\/image\/","url":"https:\/\/www.cintasa.com\/wp-content\/uploads\/2019\/10\/Logo-cintasa.png","contentUrl":"https:\/\/www.cintasa.com\/wp-content\/uploads\/2019\/10\/Logo-cintasa.png","width":145,"height":113,"caption":"Cintasa"},"image":{"@id":"https:\/\/www.cintasa.com\/fr\/#\/schema\/logo\/image\/"},"sameAs":["https:\/\/www.facebook.com\/Cintasa.Spain","https:\/\/x.com\/cintasa_sa","https:\/\/www.linkedin.com\/company\/cintasa-s-a-","https:\/\/www.youtube.com\/channel\/UCp1Rvyd3fJL__DeL5-ojeFQ"]}]}},"_links":{"self":[{"href":"https:\/\/www.cintasa.com\/fr\/wp-json\/wp\/v2\/pages\/8696","targetHints":{"allow":["GET"]}}],"collection":[{"href":"https:\/\/www.cintasa.com\/fr\/wp-json\/wp\/v2\/pages"}],"about":[{"href":"https:\/\/www.cintasa.com\/fr\/wp-json\/wp\/v2\/types\/page"}],"author":[{"embeddable":true,"href":"https:\/\/www.cintasa.com\/fr\/wp-json\/wp\/v2\/users\/2"}],"replies":[{"embeddable":true,"href":"https:\/\/www.cintasa.com\/fr\/wp-json\/wp\/v2\/comments?post=8696"}],"version-history":[{"count":7,"href":"https:\/\/www.cintasa.com\/fr\/wp-json\/wp\/v2\/pages\/8696\/revisions"}],"predecessor-version":[{"id":12881,"href":"https:\/\/www.cintasa.com\/fr\/wp-json\/wp\/v2\/pages\/8696\/revisions\/12881"}],"up":[{"embeddable":true,"href":"https:\/\/www.cintasa.com\/fr\/wp-json\/wp\/v2\/pages\/8564"}],"wp:featuredmedia":[{"embeddable":true,"href":"https:\/\/www.cintasa.com\/fr\/wp-json\/wp\/v2\/media\/12381"}],"wp:attachment":[{"href":"https:\/\/www.cintasa.com\/fr\/wp-json\/wp\/v2\/media?parent=8696"}],"wp:term":[{"taxonomy":"category","embeddable":true,"href":"https:\/\/www.cintasa.com\/fr\/wp-json\/wp\/v2\/categories?post=8696"},{"taxonomy":"post_tag","embeddable":true,"href":"https:\/\/www.cintasa.com\/fr\/wp-json\/wp\/v2\/tags?post=8696"}],"curies":[{"name":"wp","href":"https:\/\/api.w.org\/{rel}","templated":true}]}}