{"id":8703,"date":"2019-10-25T18:06:00","date_gmt":"2019-10-25T16:06:00","guid":{"rendered":"https:\/\/www.cintasa.com\/produits\/convoyeurs\/tul-celosia-laminada\/"},"modified":"2025-05-23T08:23:28","modified_gmt":"2025-05-23T06:23:28","slug":"tul-profil-laminee-upn","status":"publish","type":"page","link":"https:\/\/www.cintasa.com\/fr\/produits\/convoyeurs\/tul-profil-laminee-upn\/","title":{"rendered":"TUL Profil Lamin\u00e9e UPN"},"content":{"rendered":"<p>L\u00b4utilisation de ce transporteur combin\u00e9 apporte \u00e0 nos transporteurs la robustesse proportionn\u00e9e par la structure et la maniabilit\u00e9 du mod\u00e8le TUL. (ceci gr\u00e2ce aux dimensions du ch\u00e2ssis facilitant ainsi son adaptation \u00e0 n\u00b4importe quelle disposition)et la robustesse maximale et le renfort de structure du mod\u00e8le TCL, destin\u00e9 au transport de grandes capacit\u00e9s et permettant des port\u00e9es consid\u00e9rables entre les appuis.<\/p>\n<p>Les deux ch\u00e2ssis sont compos\u00e9s de montants angulaires lamin\u00e9s d\u00b4UPN \u00e9tay\u00e9s et soud\u00e9s longitudinalement pour le mod\u00e8le TUL et transversalement en formant un cadre et un treillis r\u00e9ticulaire pour le mod\u00e8le TCL, fournissent de nombreuses possibilit\u00e9s d\u00b4installation<\/p>\n<p>Les ch\u00e2ssis interm\u00e9diaires sont fabriqu\u00e9s de mani\u00e8re modulaire dans l\u00b4intention d\u00b4en faciliter le transport et le montage sur les chantiers ainsi que de rendre possible leur adaptation \u00e0 n\u00b4importe quelle longueur, positionnement et combinaison des deux types de ch\u00e2ssis.<\/p>\n<p>Sur le ch\u00e2ssis les stations de rouleaux sont brid\u00e9es permettant ainsi de mani\u00e8re simple de modifier leur distribution et leur position pour un centrage correct et un alignement du tapis.<\/p>\n<p>Les tambours sont fabriqu\u00e9s avec virole en t\u00f4le d\u00b4acier, le tambour tenseur \u00e9tant m\u00e9canis\u00e9e en forme conique et le tambour moteur \u00e9tant couvert de caoutchouc. Les axes des tambours se fixent aux moyeux int\u00e9rieurs de la virole avec des anneaux coniques de serrage et avec des paliers de type SN avec des roulements au ch\u00e2ssis.<\/p>\n<p>Largeur de tapis standard de 500, 650, 800, 1000, 1200, 1400 et 1600 mm avec possibilit\u00e9 d\u00b4\u00e9tude de largeur pour des projets sp\u00e9ciaux.<\/p>\n<p>Capacit\u00e9 de transport maximum, en fonction des densit\u00e9s, autour de 1200 t\/h.<\/p>\n","protected":false},"excerpt":{"rendered":"<p>L\u00b4utilisation de ce transporteur combin\u00e9 apporte \u00e0 nos transporteurs la robustesse proportionn\u00e9e par la structure et la maniabilit\u00e9 du mod\u00e8le TUL. (ceci gr\u00e2ce aux dimensions du ch\u00e2ssis facilitant ainsi son adaptation \u00e0 n\u00b4importe quelle disposition)et la robustesse maximale et le renfort de structure du mod\u00e8le TCL, destin\u00e9 au transport de grandes capacit\u00e9s et permettant des&#8230;<\/p>\n","protected":false},"author":2,"featured_media":11980,"parent":8564,"menu_order":0,"comment_status":"closed","ping_status":"closed","template":"","meta":{"_acf_changed":false,"footnotes":""},"categories":[69],"tags":[66,58],"class_list":["post-8703","page","type-page","status-publish","has-post-thumbnail","hentry","category-produits-catalogue","tag-produits","tag-transporteurs"],"acf":[],"yoast_head":"<!-- This site is optimized with the Yoast SEO plugin v27.5 - https:\/\/yoast.com\/product\/yoast-seo-wordpress\/ -->\n<title>TUL Profil Lamin\u00e9e UPN | Cintasa.com<\/title>\n<meta name=\"description\" content=\"TUL Profil Lamin\u00e9e UPN | Cintasa.com %\" \/>\n<meta name=\"robots\" content=\"index, follow, max-snippet:-1, max-image-preview:large, max-video-preview:-1\" \/>\n<link rel=\"canonical\" href=\"https:\/\/www.cintasa.com\/fr\/produits\/convoyeurs\/tul-profil-laminee-upn\/\" \/>\n<meta property=\"og:locale\" content=\"fr_FR\" \/>\n<meta property=\"og:type\" content=\"article\" \/>\n<meta property=\"og:title\" content=\"TUL Profil Lamin\u00e9e UPN | Cintasa.com\" \/>\n<meta property=\"og:description\" content=\"TUL Profil Lamin\u00e9e UPN | Cintasa.com %\" \/>\n<meta property=\"og:url\" content=\"https:\/\/www.cintasa.com\/fr\/produits\/convoyeurs\/tul-profil-laminee-upn\/\" \/>\n<meta property=\"og:site_name\" content=\"Cintasa.com\" \/>\n<meta property=\"article:publisher\" content=\"https:\/\/www.facebook.com\/Cintasa.Spain\" \/>\n<meta property=\"article:modified_time\" content=\"2025-05-23T06:23:28+00:00\" \/>\n<meta property=\"og:image\" content=\"https:\/\/www.cintasa.com\/wp-content\/uploads\/2024\/04\/IMG_6079-scaled.jpg\" \/>\n\t<meta property=\"og:image:width\" content=\"2560\" \/>\n\t<meta property=\"og:image:height\" content=\"1920\" \/>\n\t<meta property=\"og:image:type\" content=\"image\/jpeg\" \/>\n<meta name=\"twitter:card\" content=\"summary_large_image\" \/>\n<meta name=\"twitter:site\" content=\"@cintasa_sa\" \/>\n<meta name=\"twitter:label1\" content=\"Dur\u00e9e de lecture estim\u00e9e\" \/>\n\t<meta name=\"twitter:data1\" content=\"1 minute\" \/>\n<script type=\"application\/ld+json\" class=\"yoast-schema-graph\">{\"@context\":\"https:\\\/\\\/schema.org\",\"@graph\":[{\"@type\":\"WebPage\",\"@id\":\"https:\\\/\\\/www.cintasa.com\\\/fr\\\/produits\\\/convoyeurs\\\/tul-profil-laminee-upn\\\/\",\"url\":\"https:\\\/\\\/www.cintasa.com\\\/fr\\\/produits\\\/convoyeurs\\\/tul-profil-laminee-upn\\\/\",\"name\":\"TUL Profil Lamin\u00e9e UPN | Cintasa.com\",\"isPartOf\":{\"@id\":\"https:\\\/\\\/www.cintasa.com\\\/fr\\\/#website\"},\"primaryImageOfPage\":{\"@id\":\"https:\\\/\\\/www.cintasa.com\\\/fr\\\/produits\\\/convoyeurs\\\/tul-profil-laminee-upn\\\/#primaryimage\"},\"image\":{\"@id\":\"https:\\\/\\\/www.cintasa.com\\\/fr\\\/produits\\\/convoyeurs\\\/tul-profil-laminee-upn\\\/#primaryimage\"},\"thumbnailUrl\":\"https:\\\/\\\/www.cintasa.com\\\/wp-content\\\/uploads\\\/2024\\\/04\\\/IMG_6079-scaled.jpg\",\"datePublished\":\"2019-10-25T16:06:00+00:00\",\"dateModified\":\"2025-05-23T06:23:28+00:00\",\"description\":\"TUL Profil Lamin\u00e9e UPN | Cintasa.com %\",\"breadcrumb\":{\"@id\":\"https:\\\/\\\/www.cintasa.com\\\/fr\\\/produits\\\/convoyeurs\\\/tul-profil-laminee-upn\\\/#breadcrumb\"},\"inLanguage\":\"fr-FR\",\"potentialAction\":[{\"@type\":\"ReadAction\",\"target\":[\"https:\\\/\\\/www.cintasa.com\\\/fr\\\/produits\\\/convoyeurs\\\/tul-profil-laminee-upn\\\/\"]}]},{\"@type\":\"ImageObject\",\"inLanguage\":\"fr-FR\",\"@id\":\"https:\\\/\\\/www.cintasa.com\\\/fr\\\/produits\\\/convoyeurs\\\/tul-profil-laminee-upn\\\/#primaryimage\",\"url\":\"https:\\\/\\\/www.cintasa.com\\\/wp-content\\\/uploads\\\/2024\\\/04\\\/IMG_6079-scaled.jpg\",\"contentUrl\":\"https:\\\/\\\/www.cintasa.com\\\/wp-content\\\/uploads\\\/2024\\\/04\\\/IMG_6079-scaled.jpg\",\"width\":2560,\"height\":1920},{\"@type\":\"BreadcrumbList\",\"@id\":\"https:\\\/\\\/www.cintasa.com\\\/fr\\\/produits\\\/convoyeurs\\\/tul-profil-laminee-upn\\\/#breadcrumb\",\"itemListElement\":[{\"@type\":\"ListItem\",\"position\":1,\"name\":\"Portada\",\"item\":\"https:\\\/\\\/www.cintasa.com\\\/fr\\\/\"},{\"@type\":\"ListItem\",\"position\":2,\"name\":\"Produits\",\"item\":\"https:\\\/\\\/www.cintasa.com\\\/fr\\\/produits\\\/\"},{\"@type\":\"ListItem\",\"position\":3,\"name\":\"Convoyeurs\",\"item\":\"https:\\\/\\\/www.cintasa.com\\\/fr\\\/produits\\\/convoyeurs\\\/\"},{\"@type\":\"ListItem\",\"position\":4,\"name\":\"TUL Profil Lamin\u00e9e UPN\"}]},{\"@type\":\"WebSite\",\"@id\":\"https:\\\/\\\/www.cintasa.com\\\/fr\\\/#website\",\"url\":\"https:\\\/\\\/www.cintasa.com\\\/fr\\\/\",\"name\":\"Cintasa.com\",\"description\":\"M\u00e1xima experiencia transportando soluciones\",\"publisher\":{\"@id\":\"https:\\\/\\\/www.cintasa.com\\\/fr\\\/#organization\"},\"potentialAction\":[{\"@type\":\"SearchAction\",\"target\":{\"@type\":\"EntryPoint\",\"urlTemplate\":\"https:\\\/\\\/www.cintasa.com\\\/fr\\\/?s={search_term_string}\"},\"query-input\":{\"@type\":\"PropertyValueSpecification\",\"valueRequired\":true,\"valueName\":\"search_term_string\"}}],\"inLanguage\":\"fr-FR\"},{\"@type\":\"Organization\",\"@id\":\"https:\\\/\\\/www.cintasa.com\\\/fr\\\/#organization\",\"name\":\"Cintasa\",\"url\":\"https:\\\/\\\/www.cintasa.com\\\/fr\\\/\",\"logo\":{\"@type\":\"ImageObject\",\"inLanguage\":\"fr-FR\",\"@id\":\"https:\\\/\\\/www.cintasa.com\\\/fr\\\/#\\\/schema\\\/logo\\\/image\\\/\",\"url\":\"https:\\\/\\\/www.cintasa.com\\\/wp-content\\\/uploads\\\/2019\\\/10\\\/Logo-cintasa.png\",\"contentUrl\":\"https:\\\/\\\/www.cintasa.com\\\/wp-content\\\/uploads\\\/2019\\\/10\\\/Logo-cintasa.png\",\"width\":145,\"height\":113,\"caption\":\"Cintasa\"},\"image\":{\"@id\":\"https:\\\/\\\/www.cintasa.com\\\/fr\\\/#\\\/schema\\\/logo\\\/image\\\/\"},\"sameAs\":[\"https:\\\/\\\/www.facebook.com\\\/Cintasa.Spain\",\"https:\\\/\\\/x.com\\\/cintasa_sa\",\"https:\\\/\\\/www.linkedin.com\\\/company\\\/cintasa-s-a-\",\"https:\\\/\\\/www.youtube.com\\\/channel\\\/UCp1Rvyd3fJL__DeL5-ojeFQ\"]}]}<\/script>\n<!-- \/ Yoast SEO plugin. -->","yoast_head_json":{"title":"TUL Profil Lamin\u00e9e UPN | Cintasa.com","description":"TUL Profil Lamin\u00e9e UPN | Cintasa.com %","robots":{"index":"index","follow":"follow","max-snippet":"max-snippet:-1","max-image-preview":"max-image-preview:large","max-video-preview":"max-video-preview:-1"},"canonical":"https:\/\/www.cintasa.com\/fr\/produits\/convoyeurs\/tul-profil-laminee-upn\/","og_locale":"fr_FR","og_type":"article","og_title":"TUL Profil Lamin\u00e9e UPN | Cintasa.com","og_description":"TUL Profil Lamin\u00e9e UPN | Cintasa.com %","og_url":"https:\/\/www.cintasa.com\/fr\/produits\/convoyeurs\/tul-profil-laminee-upn\/","og_site_name":"Cintasa.com","article_publisher":"https:\/\/www.facebook.com\/Cintasa.Spain","article_modified_time":"2025-05-23T06:23:28+00:00","og_image":[{"width":2560,"height":1920,"url":"https:\/\/www.cintasa.com\/wp-content\/uploads\/2024\/04\/IMG_6079-scaled.jpg","type":"image\/jpeg"}],"twitter_card":"summary_large_image","twitter_site":"@cintasa_sa","twitter_misc":{"Dur\u00e9e de lecture estim\u00e9e":"1 minute"},"schema":{"@context":"https:\/\/schema.org","@graph":[{"@type":"WebPage","@id":"https:\/\/www.cintasa.com\/fr\/produits\/convoyeurs\/tul-profil-laminee-upn\/","url":"https:\/\/www.cintasa.com\/fr\/produits\/convoyeurs\/tul-profil-laminee-upn\/","name":"TUL Profil Lamin\u00e9e UPN | Cintasa.com","isPartOf":{"@id":"https:\/\/www.cintasa.com\/fr\/#website"},"primaryImageOfPage":{"@id":"https:\/\/www.cintasa.com\/fr\/produits\/convoyeurs\/tul-profil-laminee-upn\/#primaryimage"},"image":{"@id":"https:\/\/www.cintasa.com\/fr\/produits\/convoyeurs\/tul-profil-laminee-upn\/#primaryimage"},"thumbnailUrl":"https:\/\/www.cintasa.com\/wp-content\/uploads\/2024\/04\/IMG_6079-scaled.jpg","datePublished":"2019-10-25T16:06:00+00:00","dateModified":"2025-05-23T06:23:28+00:00","description":"TUL Profil Lamin\u00e9e UPN | Cintasa.com %","breadcrumb":{"@id":"https:\/\/www.cintasa.com\/fr\/produits\/convoyeurs\/tul-profil-laminee-upn\/#breadcrumb"},"inLanguage":"fr-FR","potentialAction":[{"@type":"ReadAction","target":["https:\/\/www.cintasa.com\/fr\/produits\/convoyeurs\/tul-profil-laminee-upn\/"]}]},{"@type":"ImageObject","inLanguage":"fr-FR","@id":"https:\/\/www.cintasa.com\/fr\/produits\/convoyeurs\/tul-profil-laminee-upn\/#primaryimage","url":"https:\/\/www.cintasa.com\/wp-content\/uploads\/2024\/04\/IMG_6079-scaled.jpg","contentUrl":"https:\/\/www.cintasa.com\/wp-content\/uploads\/2024\/04\/IMG_6079-scaled.jpg","width":2560,"height":1920},{"@type":"BreadcrumbList","@id":"https:\/\/www.cintasa.com\/fr\/produits\/convoyeurs\/tul-profil-laminee-upn\/#breadcrumb","itemListElement":[{"@type":"ListItem","position":1,"name":"Portada","item":"https:\/\/www.cintasa.com\/fr\/"},{"@type":"ListItem","position":2,"name":"Produits","item":"https:\/\/www.cintasa.com\/fr\/produits\/"},{"@type":"ListItem","position":3,"name":"Convoyeurs","item":"https:\/\/www.cintasa.com\/fr\/produits\/convoyeurs\/"},{"@type":"ListItem","position":4,"name":"TUL Profil Lamin\u00e9e UPN"}]},{"@type":"WebSite","@id":"https:\/\/www.cintasa.com\/fr\/#website","url":"https:\/\/www.cintasa.com\/fr\/","name":"Cintasa.com","description":"M\u00e1xima experiencia transportando soluciones","publisher":{"@id":"https:\/\/www.cintasa.com\/fr\/#organization"},"potentialAction":[{"@type":"SearchAction","target":{"@type":"EntryPoint","urlTemplate":"https:\/\/www.cintasa.com\/fr\/?s={search_term_string}"},"query-input":{"@type":"PropertyValueSpecification","valueRequired":true,"valueName":"search_term_string"}}],"inLanguage":"fr-FR"},{"@type":"Organization","@id":"https:\/\/www.cintasa.com\/fr\/#organization","name":"Cintasa","url":"https:\/\/www.cintasa.com\/fr\/","logo":{"@type":"ImageObject","inLanguage":"fr-FR","@id":"https:\/\/www.cintasa.com\/fr\/#\/schema\/logo\/image\/","url":"https:\/\/www.cintasa.com\/wp-content\/uploads\/2019\/10\/Logo-cintasa.png","contentUrl":"https:\/\/www.cintasa.com\/wp-content\/uploads\/2019\/10\/Logo-cintasa.png","width":145,"height":113,"caption":"Cintasa"},"image":{"@id":"https:\/\/www.cintasa.com\/fr\/#\/schema\/logo\/image\/"},"sameAs":["https:\/\/www.facebook.com\/Cintasa.Spain","https:\/\/x.com\/cintasa_sa","https:\/\/www.linkedin.com\/company\/cintasa-s-a-","https:\/\/www.youtube.com\/channel\/UCp1Rvyd3fJL__DeL5-ojeFQ"]}]}},"_links":{"self":[{"href":"https:\/\/www.cintasa.com\/fr\/wp-json\/wp\/v2\/pages\/8703","targetHints":{"allow":["GET"]}}],"collection":[{"href":"https:\/\/www.cintasa.com\/fr\/wp-json\/wp\/v2\/pages"}],"about":[{"href":"https:\/\/www.cintasa.com\/fr\/wp-json\/wp\/v2\/types\/page"}],"author":[{"embeddable":true,"href":"https:\/\/www.cintasa.com\/fr\/wp-json\/wp\/v2\/users\/2"}],"replies":[{"embeddable":true,"href":"https:\/\/www.cintasa.com\/fr\/wp-json\/wp\/v2\/comments?post=8703"}],"version-history":[{"count":12,"href":"https:\/\/www.cintasa.com\/fr\/wp-json\/wp\/v2\/pages\/8703\/revisions"}],"predecessor-version":[{"id":12880,"href":"https:\/\/www.cintasa.com\/fr\/wp-json\/wp\/v2\/pages\/8703\/revisions\/12880"}],"up":[{"embeddable":true,"href":"https:\/\/www.cintasa.com\/fr\/wp-json\/wp\/v2\/pages\/8564"}],"wp:featuredmedia":[{"embeddable":true,"href":"https:\/\/www.cintasa.com\/fr\/wp-json\/wp\/v2\/media\/11980"}],"wp:attachment":[{"href":"https:\/\/www.cintasa.com\/fr\/wp-json\/wp\/v2\/media?parent=8703"}],"wp:term":[{"taxonomy":"category","embeddable":true,"href":"https:\/\/www.cintasa.com\/fr\/wp-json\/wp\/v2\/categories?post=8703"},{"taxonomy":"post_tag","embeddable":true,"href":"https:\/\/www.cintasa.com\/fr\/wp-json\/wp\/v2\/tags?post=8703"}],"curies":[{"name":"wp","href":"https:\/\/api.w.org\/{rel}","templated":true}]}}