{"id":8710,"date":"2019-10-27T16:02:54","date_gmt":"2019-10-27T15:02:54","guid":{"rendered":"https:\/\/www.cintasa.com\/referencias\/"},"modified":"2019-10-31T20:02:59","modified_gmt":"2019-10-31T19:02:59","slug":"referencias","status":"publish","type":"page","link":"https:\/\/www.cintasa.com\/fr\/referencias\/","title":{"rendered":"R\u00e9f\u00e9rences"},"content":{"rendered":"","protected":false},"excerpt":{"rendered":"","protected":false},"author":2,"featured_media":0,"parent":0,"menu_order":0,"comment_status":"closed","ping_status":"closed","template":"","meta":{"_acf_changed":false,"footnotes":""},"categories":[],"tags":[],"class_list":["post-8710","page","type-page","status-publish","hentry"],"acf":[],"yoast_head":"<!-- This site is optimized with the Yoast SEO plugin v27.5 - https:\/\/yoast.com\/product\/yoast-seo-wordpress\/ -->\n<title>R\u00e9f\u00e9rences | Cintasa.com<\/title>\n<meta name=\"description\" content=\"R\u00e9f\u00e9rences | Cintasa.com %\" \/>\n<meta name=\"robots\" content=\"index, follow, max-snippet:-1, max-image-preview:large, max-video-preview:-1\" \/>\n<link rel=\"canonical\" href=\"https:\/\/www.cintasa.com\/fr\/referencias\/\" \/>\n<meta property=\"og:locale\" content=\"fr_FR\" \/>\n<meta property=\"og:type\" content=\"article\" \/>\n<meta property=\"og:title\" content=\"R\u00e9f\u00e9rences | Cintasa.com\" \/>\n<meta property=\"og:description\" content=\"R\u00e9f\u00e9rences | Cintasa.com %\" \/>\n<meta property=\"og:url\" content=\"https:\/\/www.cintasa.com\/fr\/referencias\/\" \/>\n<meta property=\"og:site_name\" content=\"Cintasa.com\" \/>\n<meta property=\"article:publisher\" content=\"https:\/\/www.facebook.com\/Cintasa.Spain\" \/>\n<meta property=\"article:modified_time\" content=\"2019-10-31T19:02:59+00:00\" \/>\n<meta name=\"twitter:card\" content=\"summary_large_image\" \/>\n<meta name=\"twitter:site\" content=\"@cintasa_sa\" \/>\n<script type=\"application\/ld+json\" class=\"yoast-schema-graph\">{\"@context\":\"https:\\\/\\\/schema.org\",\"@graph\":[{\"@type\":\"WebPage\",\"@id\":\"https:\\\/\\\/www.cintasa.com\\\/fr\\\/referencias\\\/\",\"url\":\"https:\\\/\\\/www.cintasa.com\\\/fr\\\/referencias\\\/\",\"name\":\"R\u00e9f\u00e9rences | Cintasa.com\",\"isPartOf\":{\"@id\":\"https:\\\/\\\/www.cintasa.com\\\/fr\\\/#website\"},\"datePublished\":\"2019-10-27T15:02:54+00:00\",\"dateModified\":\"2019-10-31T19:02:59+00:00\",\"description\":\"R\u00e9f\u00e9rences | Cintasa.com %\",\"breadcrumb\":{\"@id\":\"https:\\\/\\\/www.cintasa.com\\\/fr\\\/referencias\\\/#breadcrumb\"},\"inLanguage\":\"fr-FR\",\"potentialAction\":[{\"@type\":\"ReadAction\",\"target\":[\"https:\\\/\\\/www.cintasa.com\\\/fr\\\/referencias\\\/\"]}]},{\"@type\":\"BreadcrumbList\",\"@id\":\"https:\\\/\\\/www.cintasa.com\\\/fr\\\/referencias\\\/#breadcrumb\",\"itemListElement\":[{\"@type\":\"ListItem\",\"position\":1,\"name\":\"Portada\",\"item\":\"https:\\\/\\\/www.cintasa.com\\\/fr\\\/\"},{\"@type\":\"ListItem\",\"position\":2,\"name\":\"R\u00e9f\u00e9rences\"}]},{\"@type\":\"WebSite\",\"@id\":\"https:\\\/\\\/www.cintasa.com\\\/fr\\\/#website\",\"url\":\"https:\\\/\\\/www.cintasa.com\\\/fr\\\/\",\"name\":\"Cintasa.com\",\"description\":\"M\u00e1xima experiencia transportando soluciones\",\"publisher\":{\"@id\":\"https:\\\/\\\/www.cintasa.com\\\/fr\\\/#organization\"},\"potentialAction\":[{\"@type\":\"SearchAction\",\"target\":{\"@type\":\"EntryPoint\",\"urlTemplate\":\"https:\\\/\\\/www.cintasa.com\\\/fr\\\/?s={search_term_string}\"},\"query-input\":{\"@type\":\"PropertyValueSpecification\",\"valueRequired\":true,\"valueName\":\"search_term_string\"}}],\"inLanguage\":\"fr-FR\"},{\"@type\":\"Organization\",\"@id\":\"https:\\\/\\\/www.cintasa.com\\\/fr\\\/#organization\",\"name\":\"Cintasa\",\"url\":\"https:\\\/\\\/www.cintasa.com\\\/fr\\\/\",\"logo\":{\"@type\":\"ImageObject\",\"inLanguage\":\"fr-FR\",\"@id\":\"https:\\\/\\\/www.cintasa.com\\\/fr\\\/#\\\/schema\\\/logo\\\/image\\\/\",\"url\":\"https:\\\/\\\/www.cintasa.com\\\/wp-content\\\/uploads\\\/2019\\\/10\\\/Logo-cintasa.png\",\"contentUrl\":\"https:\\\/\\\/www.cintasa.com\\\/wp-content\\\/uploads\\\/2019\\\/10\\\/Logo-cintasa.png\",\"width\":145,\"height\":113,\"caption\":\"Cintasa\"},\"image\":{\"@id\":\"https:\\\/\\\/www.cintasa.com\\\/fr\\\/#\\\/schema\\\/logo\\\/image\\\/\"},\"sameAs\":[\"https:\\\/\\\/www.facebook.com\\\/Cintasa.Spain\",\"https:\\\/\\\/x.com\\\/cintasa_sa\",\"https:\\\/\\\/www.linkedin.com\\\/company\\\/cintasa-s-a-\",\"https:\\\/\\\/www.youtube.com\\\/channel\\\/UCp1Rvyd3fJL__DeL5-ojeFQ\"]}]}<\/script>\n<!-- \/ Yoast SEO plugin. -->","yoast_head_json":{"title":"R\u00e9f\u00e9rences | Cintasa.com","description":"R\u00e9f\u00e9rences | Cintasa.com %","robots":{"index":"index","follow":"follow","max-snippet":"max-snippet:-1","max-image-preview":"max-image-preview:large","max-video-preview":"max-video-preview:-1"},"canonical":"https:\/\/www.cintasa.com\/fr\/referencias\/","og_locale":"fr_FR","og_type":"article","og_title":"R\u00e9f\u00e9rences | Cintasa.com","og_description":"R\u00e9f\u00e9rences | Cintasa.com %","og_url":"https:\/\/www.cintasa.com\/fr\/referencias\/","og_site_name":"Cintasa.com","article_publisher":"https:\/\/www.facebook.com\/Cintasa.Spain","article_modified_time":"2019-10-31T19:02:59+00:00","twitter_card":"summary_large_image","twitter_site":"@cintasa_sa","schema":{"@context":"https:\/\/schema.org","@graph":[{"@type":"WebPage","@id":"https:\/\/www.cintasa.com\/fr\/referencias\/","url":"https:\/\/www.cintasa.com\/fr\/referencias\/","name":"R\u00e9f\u00e9rences | Cintasa.com","isPartOf":{"@id":"https:\/\/www.cintasa.com\/fr\/#website"},"datePublished":"2019-10-27T15:02:54+00:00","dateModified":"2019-10-31T19:02:59+00:00","description":"R\u00e9f\u00e9rences | Cintasa.com %","breadcrumb":{"@id":"https:\/\/www.cintasa.com\/fr\/referencias\/#breadcrumb"},"inLanguage":"fr-FR","potentialAction":[{"@type":"ReadAction","target":["https:\/\/www.cintasa.com\/fr\/referencias\/"]}]},{"@type":"BreadcrumbList","@id":"https:\/\/www.cintasa.com\/fr\/referencias\/#breadcrumb","itemListElement":[{"@type":"ListItem","position":1,"name":"Portada","item":"https:\/\/www.cintasa.com\/fr\/"},{"@type":"ListItem","position":2,"name":"R\u00e9f\u00e9rences"}]},{"@type":"WebSite","@id":"https:\/\/www.cintasa.com\/fr\/#website","url":"https:\/\/www.cintasa.com\/fr\/","name":"Cintasa.com","description":"M\u00e1xima experiencia transportando soluciones","publisher":{"@id":"https:\/\/www.cintasa.com\/fr\/#organization"},"potentialAction":[{"@type":"SearchAction","target":{"@type":"EntryPoint","urlTemplate":"https:\/\/www.cintasa.com\/fr\/?s={search_term_string}"},"query-input":{"@type":"PropertyValueSpecification","valueRequired":true,"valueName":"search_term_string"}}],"inLanguage":"fr-FR"},{"@type":"Organization","@id":"https:\/\/www.cintasa.com\/fr\/#organization","name":"Cintasa","url":"https:\/\/www.cintasa.com\/fr\/","logo":{"@type":"ImageObject","inLanguage":"fr-FR","@id":"https:\/\/www.cintasa.com\/fr\/#\/schema\/logo\/image\/","url":"https:\/\/www.cintasa.com\/wp-content\/uploads\/2019\/10\/Logo-cintasa.png","contentUrl":"https:\/\/www.cintasa.com\/wp-content\/uploads\/2019\/10\/Logo-cintasa.png","width":145,"height":113,"caption":"Cintasa"},"image":{"@id":"https:\/\/www.cintasa.com\/fr\/#\/schema\/logo\/image\/"},"sameAs":["https:\/\/www.facebook.com\/Cintasa.Spain","https:\/\/x.com\/cintasa_sa","https:\/\/www.linkedin.com\/company\/cintasa-s-a-","https:\/\/www.youtube.com\/channel\/UCp1Rvyd3fJL__DeL5-ojeFQ"]}]}},"_links":{"self":[{"href":"https:\/\/www.cintasa.com\/fr\/wp-json\/wp\/v2\/pages\/8710","targetHints":{"allow":["GET"]}}],"collection":[{"href":"https:\/\/www.cintasa.com\/fr\/wp-json\/wp\/v2\/pages"}],"about":[{"href":"https:\/\/www.cintasa.com\/fr\/wp-json\/wp\/v2\/types\/page"}],"author":[{"embeddable":true,"href":"https:\/\/www.cintasa.com\/fr\/wp-json\/wp\/v2\/users\/2"}],"replies":[{"embeddable":true,"href":"https:\/\/www.cintasa.com\/fr\/wp-json\/wp\/v2\/comments?post=8710"}],"version-history":[{"count":1,"href":"https:\/\/www.cintasa.com\/fr\/wp-json\/wp\/v2\/pages\/8710\/revisions"}],"predecessor-version":[{"id":8713,"href":"https:\/\/www.cintasa.com\/fr\/wp-json\/wp\/v2\/pages\/8710\/revisions\/8713"}],"wp:attachment":[{"href":"https:\/\/www.cintasa.com\/fr\/wp-json\/wp\/v2\/media?parent=8710"}],"wp:term":[{"taxonomy":"category","embeddable":true,"href":"https:\/\/www.cintasa.com\/fr\/wp-json\/wp\/v2\/categories?post=8710"},{"taxonomy":"post_tag","embeddable":true,"href":"https:\/\/www.cintasa.com\/fr\/wp-json\/wp\/v2\/tags?post=8710"}],"curies":[{"name":"wp","href":"https:\/\/api.w.org\/{rel}","templated":true}]}}