{"id":8746,"date":"2019-10-27T16:00:55","date_gmt":"2019-10-27T15:00:55","guid":{"rendered":"https:\/\/www.cintasa.com\/servicios\/"},"modified":"2021-02-18T17:16:12","modified_gmt":"2021-02-18T16:16:12","slug":"les-services","status":"publish","type":"page","link":"https:\/\/www.cintasa.com\/fr\/les-services\/","title":{"rendered":"Les services"},"content":{"rendered":"<section class=\"l-section wpb_row us_custom_a1ba88c0 has_text_color height_small\"><div class=\"l-section-h i-cf\"><div class=\"g-cols vc_row via_flex valign_top type_default stacking_default\"><div class=\"vc_col-sm-12 wpb_column vc_column_container\"><div class=\"vc_column-inner\"><div class=\"wpb_wrapper\"><h1 class=\"w-post-elm post_title us_custom_47ffbcae align_center entry-title color_link_inherit\">Les services<\/h1><\/div><\/div><\/div><\/div><\/div><\/section><section class=\"l-section wpb_row us_custom_84284b34 has_text_color height_large with_img parallax_fixed\"><div class=\"l-section-img\" role=\"img\" aria-label=\"Image\" data-img-width=\"2500\" data-img-height=\"1768\" style=\"background-image: url(https:\/\/www.cintasa.com\/wp-content\/uploads\/2019\/10\/cintasa-ingenieria.jpg);background-repeat: no-repeat;\"><\/div><div class=\"l-section-overlay\" style=\"background:rgba(64,78,89,0.8)\"><\/div><div class=\"l-section-h i-cf\"><div class=\"g-cols vc_row via_flex valign_top type_default stacking_default\"><div class=\"vc_col-sm-12 wpb_column vc_column_container\"><div class=\"vc_column-inner\"><div class=\"wpb_wrapper\"><div class=\"wpb_text_column\"><div class=\"wpb_wrapper\"><h2>Ing\u00e9nierie<\/h2>\n<p>Nous disposons actuellement d\u00b4une grande vari\u00e9t\u00e9 d\u00b4\u00e9quipements avec une conception propre et exclusive de Cintasa.<\/p>\n<p>Chacun de ces \u00e9quipements peut \u00eatre adapt\u00e9 aux besoins les plus extr\u00eames avec la s\u00e9curit\u00e9 et la garantie de notre D\u00e9partement Technique<\/p>\n<p>Ainsi m\u00eame, notre niveau de d\u00e9veloppement professionnel nous permet de faire face \u00e0 d\u00b4importants projets d\u00b4ing\u00e9nierie, apportant \u00e0 chacun d\u00b4eux l\u00b4exp\u00e9rience acquise par Cintasa pendant toutes ces ann\u00e9es, ainsi que les nouveaux progr\u00e8s technologiques que nous incluons \u00e0 nos conceptions industrielles tout cela dans le respect des normes C.E.<\/p>\n<p>La recherche et le d\u00e9veloppement sont un des aspects auxquels Cintasa pr\u00eate une grande attention dans le but d\u00b4am\u00e9liorer technologiquement ses \u00e9quipements et d\u00b4en d\u00e9velopper de nouveaux en s\u00b4adaptant aux nouveaux besoins du march\u00e9. L\u00b4implantation de la norme ISO 9001, dont le certificat a \u00e9t\u00e9 obtenu en 2000 et renouvel\u00e9 jusqu\u00b4en 2012 est un exemple de plus de notre volont\u00e9 de d\u00e9passement constant.<\/p>\n<\/div><\/div><\/div><\/div><\/div><\/div><\/div><\/section><section class=\"l-section wpb_row height_large\"><div class=\"l-section-h i-cf\"><div class=\"g-cols vc_row via_flex valign_top type_default stacking_default\"><div class=\"vc_col-sm-6 wpb_column vc_column_container\"><div class=\"vc_column-inner\"><div class=\"wpb_wrapper\"><div class=\"wpb_text_column\"><div class=\"wpb_wrapper\"><h2>Service apr\u00e8s vente<\/h2>\n<p>Notre service apr\u00e8s-vente ne se centre pas seulement sur la fabrication et la vente de nos produits, en plus Cintasa offre le concours de nos \u00e9quipements sp\u00e9cialis\u00e9s pour le montage , la maintenance et l\u00b4assistance technique, garantissant une s\u00e9curit\u00e9 totale dans le bon fonctionnement des nos \u00e9quipements.<\/p>\n<p>L\u00b4\u00e9quipe apr\u00e8s\u2013vente de Cintasa est \u00e0 la disposition de tous nos clients, offrant des solutions rapides et efficaces le plus rapidement possible \u00e0 tous les besoins suppl\u00e9mentaires qui puissent surgir pour nos \u00e9quipements ainsi que des solutions au d\u00e9veloppement du travail pour lequel ils ont \u00e9t\u00e9 con\u00e7us et fabriqu\u00e9s, ceci selon les besoins d\u00b4utilisation de chaque client et installation.<\/p>\n<p>Nous veillons \u00e0 avoir le stock n\u00e9cessaire en petites pi\u00e8ces d\u00e9tach\u00e9es pour les petites r\u00e9parations. Notre flexibilit\u00e9 en mati\u00e8re de production nous permet de fabriquer et de pr\u00e9parer un autre type de pi\u00e8ces d\u00e9tach\u00e9es dans de brefs d\u00e9lais.<\/p>\n<p>Pour Cintasa, la priorit\u00e9 absolue est le bon fonctionnement du service client faisant que celui-ci soit enti\u00e8rement satisfait et ait confiance en nos produits.<\/p>\n<\/div><\/div><\/div><\/div><\/div><div class=\"vc_col-sm-6 wpb_column vc_column_container\"><div class=\"vc_column-inner\"><div class=\"wpb_wrapper\"><div class=\"wpb_text_column\"><div class=\"wpb_wrapper\"><h2>Montage et maintenance<\/h2>\n<p>Cintasa propose le service de montage des \u00e9quipements que nous fournissons, gr\u00e2ce \u00e0 un personnel parfaitement qualifi\u00e9 pour mener \u00e0 bien les montages et la mise en marche , offrant ainsi \u00e0 nos clients une solution globale \u00e0 leurs besoins.<\/p>\n<p>Pour toute modification ou modernisation n\u00e9cessaire, due \u00e0 de nouvelles exigences de transport, de changement de conception etc. Cintasa se propose \u00e9galement d\u00b4assister ses clients et de les guider vers la meilleure solution en en essayant d\u00b4alt\u00e9rer le moins possible les installations existantes et de trouver les solutions les plus \u00e9conomiques et les plus rentables.<\/p>\n<\/div><\/div><\/div><\/div><\/div><\/div><\/div><\/section>\n","protected":false},"excerpt":{"rendered":"Les servicesIng\u00e9nierie Nous disposons actuellement d\u00b4une grande vari\u00e9t\u00e9 d\u00b4\u00e9quipements avec une conception propre et exclusive de Cintasa. Chacun de ces \u00e9quipements peut \u00eatre adapt\u00e9 aux besoins les plus extr\u00eames avec la s\u00e9curit\u00e9 et la garantie de notre D\u00e9partement Technique Ainsi m\u00eame, notre niveau de d\u00e9veloppement professionnel nous permet de faire face \u00e0 d\u00b4importants projets d\u00b4ing\u00e9nierie,...","protected":false},"author":2,"featured_media":0,"parent":0,"menu_order":0,"comment_status":"closed","ping_status":"closed","template":"","meta":{"_acf_changed":false,"footnotes":""},"categories":[],"tags":[],"class_list":["post-8746","page","type-page","status-publish","hentry"],"acf":[],"yoast_head":"<!-- This site is optimized with the Yoast SEO plugin v27.4 - https:\/\/yoast.com\/product\/yoast-seo-wordpress\/ -->\n<title>Les services | Cintasa.com<\/title>\n<meta name=\"description\" content=\"Les services | Cintasa.com %\" \/>\n<meta name=\"robots\" content=\"index, follow, max-snippet:-1, max-image-preview:large, max-video-preview:-1\" \/>\n<link rel=\"canonical\" href=\"https:\/\/www.cintasa.com\/fr\/les-services\/\" \/>\n<meta property=\"og:locale\" content=\"fr_FR\" \/>\n<meta property=\"og:type\" content=\"article\" \/>\n<meta property=\"og:title\" content=\"Les services | Cintasa.com\" \/>\n<meta property=\"og:description\" content=\"Les services | Cintasa.com %\" \/>\n<meta property=\"og:url\" content=\"https:\/\/www.cintasa.com\/fr\/les-services\/\" \/>\n<meta property=\"og:site_name\" content=\"Cintasa.com\" \/>\n<meta property=\"article:publisher\" content=\"https:\/\/www.facebook.com\/Cintasa.Spain\" \/>\n<meta property=\"article:modified_time\" content=\"2021-02-18T16:16:12+00:00\" \/>\n<meta name=\"twitter:card\" content=\"summary_large_image\" \/>\n<meta name=\"twitter:site\" content=\"@cintasa_sa\" \/>\n<meta name=\"twitter:label1\" content=\"Dur\u00e9e de lecture estim\u00e9e\" \/>\n\t<meta name=\"twitter:data1\" content=\"3 minutes\" \/>\n<script type=\"application\/ld+json\" class=\"yoast-schema-graph\">{\"@context\":\"https:\\\/\\\/schema.org\",\"@graph\":[{\"@type\":\"WebPage\",\"@id\":\"https:\\\/\\\/www.cintasa.com\\\/fr\\\/les-services\\\/\",\"url\":\"https:\\\/\\\/www.cintasa.com\\\/fr\\\/les-services\\\/\",\"name\":\"Les services | Cintasa.com\",\"isPartOf\":{\"@id\":\"https:\\\/\\\/www.cintasa.com\\\/fr\\\/#website\"},\"datePublished\":\"2019-10-27T15:00:55+00:00\",\"dateModified\":\"2021-02-18T16:16:12+00:00\",\"description\":\"Les services | Cintasa.com %\",\"breadcrumb\":{\"@id\":\"https:\\\/\\\/www.cintasa.com\\\/fr\\\/les-services\\\/#breadcrumb\"},\"inLanguage\":\"fr-FR\",\"potentialAction\":[{\"@type\":\"ReadAction\",\"target\":[\"https:\\\/\\\/www.cintasa.com\\\/fr\\\/les-services\\\/\"]}]},{\"@type\":\"BreadcrumbList\",\"@id\":\"https:\\\/\\\/www.cintasa.com\\\/fr\\\/les-services\\\/#breadcrumb\",\"itemListElement\":[{\"@type\":\"ListItem\",\"position\":1,\"name\":\"Portada\",\"item\":\"https:\\\/\\\/www.cintasa.com\\\/fr\\\/\"},{\"@type\":\"ListItem\",\"position\":2,\"name\":\"Les services\"}]},{\"@type\":\"WebSite\",\"@id\":\"https:\\\/\\\/www.cintasa.com\\\/fr\\\/#website\",\"url\":\"https:\\\/\\\/www.cintasa.com\\\/fr\\\/\",\"name\":\"Cintasa.com\",\"description\":\"M\u00e1xima experiencia transportando soluciones\",\"publisher\":{\"@id\":\"https:\\\/\\\/www.cintasa.com\\\/fr\\\/#organization\"},\"potentialAction\":[{\"@type\":\"SearchAction\",\"target\":{\"@type\":\"EntryPoint\",\"urlTemplate\":\"https:\\\/\\\/www.cintasa.com\\\/fr\\\/?s={search_term_string}\"},\"query-input\":{\"@type\":\"PropertyValueSpecification\",\"valueRequired\":true,\"valueName\":\"search_term_string\"}}],\"inLanguage\":\"fr-FR\"},{\"@type\":\"Organization\",\"@id\":\"https:\\\/\\\/www.cintasa.com\\\/fr\\\/#organization\",\"name\":\"Cintasa\",\"url\":\"https:\\\/\\\/www.cintasa.com\\\/fr\\\/\",\"logo\":{\"@type\":\"ImageObject\",\"inLanguage\":\"fr-FR\",\"@id\":\"https:\\\/\\\/www.cintasa.com\\\/fr\\\/#\\\/schema\\\/logo\\\/image\\\/\",\"url\":\"https:\\\/\\\/www.cintasa.com\\\/wp-content\\\/uploads\\\/2019\\\/10\\\/Logo-cintasa.png\",\"contentUrl\":\"https:\\\/\\\/www.cintasa.com\\\/wp-content\\\/uploads\\\/2019\\\/10\\\/Logo-cintasa.png\",\"width\":145,\"height\":113,\"caption\":\"Cintasa\"},\"image\":{\"@id\":\"https:\\\/\\\/www.cintasa.com\\\/fr\\\/#\\\/schema\\\/logo\\\/image\\\/\"},\"sameAs\":[\"https:\\\/\\\/www.facebook.com\\\/Cintasa.Spain\",\"https:\\\/\\\/x.com\\\/cintasa_sa\",\"https:\\\/\\\/www.linkedin.com\\\/company\\\/cintasa-s-a-\",\"https:\\\/\\\/www.youtube.com\\\/channel\\\/UCp1Rvyd3fJL__DeL5-ojeFQ\"]}]}<\/script>\n<!-- \/ Yoast SEO plugin. -->","yoast_head_json":{"title":"Les services | Cintasa.com","description":"Les services | Cintasa.com %","robots":{"index":"index","follow":"follow","max-snippet":"max-snippet:-1","max-image-preview":"max-image-preview:large","max-video-preview":"max-video-preview:-1"},"canonical":"https:\/\/www.cintasa.com\/fr\/les-services\/","og_locale":"fr_FR","og_type":"article","og_title":"Les services | Cintasa.com","og_description":"Les services | Cintasa.com %","og_url":"https:\/\/www.cintasa.com\/fr\/les-services\/","og_site_name":"Cintasa.com","article_publisher":"https:\/\/www.facebook.com\/Cintasa.Spain","article_modified_time":"2021-02-18T16:16:12+00:00","twitter_card":"summary_large_image","twitter_site":"@cintasa_sa","twitter_misc":{"Dur\u00e9e de lecture estim\u00e9e":"3 minutes"},"schema":{"@context":"https:\/\/schema.org","@graph":[{"@type":"WebPage","@id":"https:\/\/www.cintasa.com\/fr\/les-services\/","url":"https:\/\/www.cintasa.com\/fr\/les-services\/","name":"Les services | Cintasa.com","isPartOf":{"@id":"https:\/\/www.cintasa.com\/fr\/#website"},"datePublished":"2019-10-27T15:00:55+00:00","dateModified":"2021-02-18T16:16:12+00:00","description":"Les services | Cintasa.com %","breadcrumb":{"@id":"https:\/\/www.cintasa.com\/fr\/les-services\/#breadcrumb"},"inLanguage":"fr-FR","potentialAction":[{"@type":"ReadAction","target":["https:\/\/www.cintasa.com\/fr\/les-services\/"]}]},{"@type":"BreadcrumbList","@id":"https:\/\/www.cintasa.com\/fr\/les-services\/#breadcrumb","itemListElement":[{"@type":"ListItem","position":1,"name":"Portada","item":"https:\/\/www.cintasa.com\/fr\/"},{"@type":"ListItem","position":2,"name":"Les services"}]},{"@type":"WebSite","@id":"https:\/\/www.cintasa.com\/fr\/#website","url":"https:\/\/www.cintasa.com\/fr\/","name":"Cintasa.com","description":"M\u00e1xima experiencia transportando soluciones","publisher":{"@id":"https:\/\/www.cintasa.com\/fr\/#organization"},"potentialAction":[{"@type":"SearchAction","target":{"@type":"EntryPoint","urlTemplate":"https:\/\/www.cintasa.com\/fr\/?s={search_term_string}"},"query-input":{"@type":"PropertyValueSpecification","valueRequired":true,"valueName":"search_term_string"}}],"inLanguage":"fr-FR"},{"@type":"Organization","@id":"https:\/\/www.cintasa.com\/fr\/#organization","name":"Cintasa","url":"https:\/\/www.cintasa.com\/fr\/","logo":{"@type":"ImageObject","inLanguage":"fr-FR","@id":"https:\/\/www.cintasa.com\/fr\/#\/schema\/logo\/image\/","url":"https:\/\/www.cintasa.com\/wp-content\/uploads\/2019\/10\/Logo-cintasa.png","contentUrl":"https:\/\/www.cintasa.com\/wp-content\/uploads\/2019\/10\/Logo-cintasa.png","width":145,"height":113,"caption":"Cintasa"},"image":{"@id":"https:\/\/www.cintasa.com\/fr\/#\/schema\/logo\/image\/"},"sameAs":["https:\/\/www.facebook.com\/Cintasa.Spain","https:\/\/x.com\/cintasa_sa","https:\/\/www.linkedin.com\/company\/cintasa-s-a-","https:\/\/www.youtube.com\/channel\/UCp1Rvyd3fJL__DeL5-ojeFQ"]}]}},"_links":{"self":[{"href":"https:\/\/www.cintasa.com\/fr\/wp-json\/wp\/v2\/pages\/8746","targetHints":{"allow":["GET"]}}],"collection":[{"href":"https:\/\/www.cintasa.com\/fr\/wp-json\/wp\/v2\/pages"}],"about":[{"href":"https:\/\/www.cintasa.com\/fr\/wp-json\/wp\/v2\/types\/page"}],"author":[{"embeddable":true,"href":"https:\/\/www.cintasa.com\/fr\/wp-json\/wp\/v2\/users\/2"}],"replies":[{"embeddable":true,"href":"https:\/\/www.cintasa.com\/fr\/wp-json\/wp\/v2\/comments?post=8746"}],"version-history":[{"count":7,"href":"https:\/\/www.cintasa.com\/fr\/wp-json\/wp\/v2\/pages\/8746\/revisions"}],"predecessor-version":[{"id":10931,"href":"https:\/\/www.cintasa.com\/fr\/wp-json\/wp\/v2\/pages\/8746\/revisions\/10931"}],"wp:attachment":[{"href":"https:\/\/www.cintasa.com\/fr\/wp-json\/wp\/v2\/media?parent=8746"}],"wp:term":[{"taxonomy":"category","embeddable":true,"href":"https:\/\/www.cintasa.com\/fr\/wp-json\/wp\/v2\/categories?post=8746"},{"taxonomy":"post_tag","embeddable":true,"href":"https:\/\/www.cintasa.com\/fr\/wp-json\/wp\/v2\/tags?post=8746"}],"curies":[{"name":"wp","href":"https:\/\/api.w.org\/{rel}","templated":true}]}}